{"id":21672,"date":"2023-11-20T16:45:27","date_gmt":"2023-11-20T16:45:27","guid":{"rendered":"https:\/\/elizagipuzkoa.org\/diocesis\/"},"modified":"2024-01-12T19:21:03","modified_gmt":"2024-01-12T19:21:03","slug":"elizbarrutia","status":"publish","type":"page","link":"https:\/\/elizagipuzkoa.org\/eu\/elizbarrutia\/","title":{"rendered":"Elizbarrutia"},"content":{"rendered":"<div class=\"wpb-content-wrapper\"><p>[vc_row][vc_column width=&#8221;1\/2&#8243;][vc_single_image image=&#8221;22673&#8243; img_size=&#8221;full&#8221;][\/vc_column][vc_column width=&#8221;1\/2&#8243; css=&#8221;.vc_custom_1701615079932{padding-left: 30px !important;}&#8221;][vc_custom_heading text=&#8221;Qui\u00e9nes somos&#8221; font_container=&#8221;tag:h2|font_size:32|text_align:left&#8221; google_fonts=&#8221;font_family:Montserrat%3Aregular%2C700|font_style:700%20bold%20regular%3A700%3Anormal&#8221; css=&#8221;.vc_custom_1703840820856{margin-bottom: 15px !important;}&#8221;][vc_column_text]La Di\u00f3cesis es la parte del pueblo de Dios que se deja en manos de un obispo para que este la cuide junto con los sacerdotes. La Di\u00f3cesis de San Sebasti\u00e1n es una comunidad de fe que abarca la provincia de Guip\u00fazcoa, en el Pa\u00eds Vasco. Fue creada en 1949 por el papa P\u00edo XII, y desde entonces ha sido una Iglesia viva, din\u00e1mica y comprometida con el Evangelio y la sociedad.<\/p>\n<p>Se conforma por m\u00e1s de 300 parroquias, distribuidas en 8 arciprestazgos y 4 vicar\u00edas territoriales. Cuenta con unos 300 sacerdotes, 200 religiosos y religiosas, y numerosos laicos que colaboran en diversas actividades pastorales, sociales, educativas y culturales.<\/p>\n<p>La Di\u00f3cesis tiene como patronos a San Sebasti\u00e1n, San Ignacio de Loyola y la Virgen del Coro. Su catedral es el templo del Buen Pastor, situado en el centro de la ciudad de San Sebasti\u00e1n. Su obispo actual es Mons. Fernando Prado Ayuso, nombrado por el papa Francisco en 2021.<\/p>\n<p>La Di\u00f3cesis de San Sebasti\u00e1n se siente parte de la Iglesia universal, manteniendo una estrecha relaci\u00f3n con las otras di\u00f3cesis vascas. Tambi\u00e9n tiene una especial sensibilidad por la realidad social y cultural de su entorno, y por el fomento del euskera.<\/p>\n<p>Te invitamos a conocernos mejor, a participar en las celebraciones y actividades, y a que compartas el mensaje de alegr\u00eda y esperanza.<\/p>\n<p>\u00a1Gracias por tu visita![\/vc_column_text][\/vc_column][\/vc_row][vc_row full_width=&#8221;stretch_row&#8221; css=&#8221;.vc_custom_1702155895792{margin-top: 20px !important;margin-bottom: 50px !important;padding-top: 0px !important;padding-bottom: 0px !important;}&#8221;][vc_column][vc_column_text css=&#8221;.vc_custom_1702153703793{margin-left: 75px !important;padding-bottom: 5px !important;}&#8221;]<\/p>\n<h3 style=\"font-size: 18px; margin-bottom: 0; line-height: 30px; font-weight: 400; margin-top: 0px;\">\u00c1REAS PASTORALES<\/h3>\n<h2 style=\"font-size: 40px; line-height: 48px; font-weight: 800; margin-bottom: 0; margin-top: 0px;\">DELEGACIONES<\/h2>\n<p>[\/vc_column_text][vc_row_inner equal_height=&#8221;yes&#8221; content_placement=&#8221;middle&#8221; css=&#8221;.vc_custom_1699725710192{padding-right: 20px !important;padding-left: 20px !important;}&#8221;][vc_column_inner width=&#8221;1\/4&#8243; css=&#8221;.vc_custom_1705087228602{margin-right: 10px !important;margin-bottom: 10px !important;margin-left: 10px !important;background-color: #0253cd !important;border-radius: 4px !important;}&#8221;][vc_single_image image=&#8221;20709&#8243; img_size=&#8221;full&#8221; alignment=&#8221;center&#8221; onclick=&#8221;custom_link&#8221; el_class=&#8221;img_delegaciones&#8221; link=&#8221;\/diocesis\/areas-y-delegaciones\/area-de-evangelizacion\/&#8221;][vc_column_text]<\/p>\n<div style=\"font-family: 'open sans'; font-size: 1.5em; font-weight: bold; text-transform: uppercase; text-align: center; color: #ffffff;\"><a style=\"color: #ffffff;\" href=\"https:\/\/elizagipuzkoa.org\/eu\/elizbarrutia\/erakundea\/ebanjelizatze-arloa\/\">EVANGELIZACI\u00d3N<\/a><\/div>\n<p>[\/vc_column_text][\/vc_column_inner][vc_column_inner width=&#8221;1\/4&#8243; css=&#8221;.vc_custom_1699727493722{margin-right: 10px !important;margin-bottom: 10px !important;margin-left: 10px !important;background-color: #0253cd !important;border-radius: 4px !important;}&#8221;][vc_single_image image=&#8221;20714&#8243; img_size=&#8221;full&#8221; alignment=&#8221;center&#8221; onclick=&#8221;custom_link&#8221; el_class=&#8221;img_delegaciones&#8221; link=&#8221;diocesis\/areas-y-delegaciones\/area-de-liturgia\/&#8221;][vc_column_text el_class=&#8221;img_delegaciones&#8221;]<\/p>\n<div style=\"font-family: 'open sans'; font-size: 1.5em; font-weight: bold; text-transform: uppercase; text-align: center; color: #ffffff;\"><span style=\"color: #ffffff;\"><a style=\"color: #ffffff;\" href=\"http:\/\/diocesis\/areas-y-delegaciones\/area-de-liturgia\/\">Liturgia<\/a><\/span><\/div>\n<p>[\/vc_column_text][\/vc_column_inner][vc_column_inner width=&#8221;1\/4&#8243; css=&#8221;.vc_custom_1699727505436{margin-right: 10px !important;margin-bottom: 10px !important;margin-left: 10px !important;background-color: #0253cd !important;border-radius: 4px !important;}&#8221;][vc_single_image image=&#8221;20715&#8243; img_size=&#8221;full&#8221; alignment=&#8221;center&#8221; onclick=&#8221;custom_link&#8221; el_class=&#8221;img_delegaciones&#8221; link=&#8221;diocesis\/areas-y-delegaciones\/area-de-sociocaritativa\/&#8221;][vc_column_text]<\/p>\n<div style=\"font-family: 'open sans'; font-size: 1.5em; font-weight: bold; text-transform: uppercase; text-align: center; color: #ffffff;\"><span style=\"color: #ffffff;\"><a style=\"color: #ffffff;\" href=\"http:\/\/diocesis\/areas-y-delegaciones\/area-de-sociocaritativa\/\">Sociocaritativa<\/a><\/span><\/div>\n<p>[\/vc_column_text][\/vc_column_inner][vc_column_inner width=&#8221;1\/4&#8243; css=&#8221;.vc_custom_1705087250570{margin-right: 10px !important;margin-bottom: 10px !important;margin-left: 10px !important;background-color: #0253cd !important;border-radius: 4px !important;}&#8221;][vc_single_image image=&#8221;20717&#8243; img_size=&#8221;full&#8221; alignment=&#8221;center&#8221; onclick=&#8221;custom_link&#8221; el_class=&#8221;img_delegaciones&#8221; link=&#8221;diocesis\/areas-y-delegaciones\/delegacion-de-vida-consagrada\/&#8221;][vc_column_text]<\/p>\n<div style=\"font-family: 'open sans'; font-size: 1.5em; font-weight: bold; text-transform: uppercase; text-align: center; color: #ffffff;\"><span style=\"color: #ffffff;\"><a style=\"color: #ffffff;\" href=\"http:\/\/diocesis\/areas-y-delegaciones\/delegacion-de-vida-consagrada\/\">Vida consagrada<\/a><\/span><\/div>\n<p>[\/vc_column_text][\/vc_column_inner][vc_column_inner width=&#8221;1\/4&#8243; css=&#8221;.vc_custom_1705087241407{margin-top: 10px !important;margin-right: 10px !important;margin-left: 10px !important;background-color: #0253cd !important;border-radius: 4px !important;}&#8221;][vc_single_image image=&#8221;20719&#8243; img_size=&#8221;full&#8221; alignment=&#8221;center&#8221; onclick=&#8221;custom_link&#8221; el_class=&#8221;img_delegaciones&#8221; link=&#8221;diocesis\/areas-y-delegaciones\/delegacion-del-clero\/&#8221;][vc_column_text]<\/p>\n<div style=\"font-family: 'open sans'; font-size: 1.5em; font-weight: bold; text-transform: uppercase; text-align: center; color: #ffffff;\"><span style=\"color: #ffffff;\"><a style=\"color: #ffffff;\" href=\"http:\/\/diocesis\/areas-y-delegaciones\/delegacion-del-clero\/\">Clero<\/a><\/span><\/div>\n<p>[\/vc_column_text][\/vc_column_inner][vc_column_inner width=&#8221;1\/4&#8243; css=&#8221;.vc_custom_1699726437698{margin-top: 10px !important;margin-right: 10px !important;margin-left: 10px !important;background-color: #0253cd !important;border-radius: 4px !important;}&#8221;][vc_single_image image=&#8221;20720&#8243; img_size=&#8221;full&#8221; alignment=&#8221;center&#8221; onclick=&#8221;custom_link&#8221; el_class=&#8221;img_delegaciones&#8221; link=&#8221;diocesis\/areas-y-delegaciones\/archivo-y-biblioteca\/&#8221;][vc_column_text]<\/p>\n<div style=\"font-family: 'open sans'; font-size: 1.5em; font-weight: bold; text-transform: uppercase; text-align: center; color: #ffffff;\"><span style=\"color: #ffffff;\"><a style=\"color: #ffffff;\" href=\"https:\/\/elizagipuzkoa.org\/eu\/elizbarrutia\/erakundea\/artxiboa-eta-liburutegia\/\">Archivo y Biblioteca<\/a><\/span><\/div>\n<p>[\/vc_column_text][\/vc_column_inner][vc_column_inner width=&#8221;1\/4&#8243; css=&#8221;.vc_custom_1699727531086{margin-top: 10px !important;margin-right: 10px !important;margin-left: 10px !important;background-color: #0253cd !important;border-radius: 4px !important;}&#8221;][vc_single_image image=&#8221;20711&#8243; img_size=&#8221;full&#8221; alignment=&#8221;center&#8221; onclick=&#8221;custom_link&#8221; el_class=&#8221;img_delegaciones&#8221; link=&#8221;diocesis\/areas-y-delegaciones\/instituto-teologico-pio-xii\/&#8221;][vc_column_text]<\/p>\n<div style=\"font-family: 'open sans'; font-size: 1.5em; font-weight: bold; text-transform: uppercase; text-align: center; color: #ffffff;\"><span style=\"color: #ffffff;\"><a style=\"color: #ffffff;\" href=\"https:\/\/elizagipuzkoa.org\/eu\/elizbarrutia\/erakundea\/pio-xii-donostiako-erlijio-zientzien-goi-mailako-institutua\/\">Instit. Teol\u00f3gico Pio XII<\/a><\/span><\/div>\n<p>[\/vc_column_text][\/vc_column_inner][vc_column_inner width=&#8221;1\/4&#8243; css=&#8221;.vc_custom_1705087259574{margin-top: 10px !important;margin-right: 10px !important;margin-left: 10px !important;background-color: #0253cd !important;border-radius: 4px !important;}&#8221;][vc_single_image image=&#8221;20712&#8243; img_size=&#8221;full&#8221; alignment=&#8221;center&#8221; onclick=&#8221;custom_link&#8221; el_class=&#8221;img_delegaciones&#8221; link=&#8221;diocesis\/areas-y-delegaciones\/economia-y-patrimonio\/&#8221;][vc_column_text]<\/p>\n<div style=\"font-family: 'open sans'; font-size: 1.5em; font-weight: bold; text-transform: uppercase; text-align: center; color: #ffffff;\"><span style=\"color: #ffffff;\"><a style=\"color: #ffffff;\" href=\"https:\/\/elizagipuzkoa.org\/eu\/elizbarrutia\/erakundea\/ekonomia\/\">Econom\u00eda y patrimonio<\/a><\/span><\/div>\n<p>[\/vc_column_text][\/vc_column_inner][\/vc_row_inner][\/vc_column][\/vc_row]<\/p>\n<\/div>","protected":false},"excerpt":{"rendered":"<p>[vc_row][vc_column width=&#8221;1\/2&#8243;][vc_single_image image=&#8221;22673&#8243; img_size=&#8221;full&#8221;][\/vc_column][vc_column width=&#8221;1\/2&#8243; css=&#8221;.vc_custom_1701615079932{padding-left: 30px !important;}&#8221;][vc_custom_heading text=&#8221;Qui\u00e9nes somos&#8221; font_container=&#8221;tag:h2|font_size:32|text_align:left&#8221; google_fonts=&#8221;font_family:Montserrat%3Aregular%2C700|font_style:700%20bold%20regular%3A700%3Anormal&#8221; css=&#8221;.vc_custom_1703840820856{margin-bottom: 15px !important;}&#8221;][vc_column_text]La Di\u00f3cesis es la parte del pueblo de Dios que se [&#8230;]<\/p>\n","protected":false},"author":1,"featured_media":0,"parent":0,"menu_order":0,"comment_status":"closed","ping_status":"closed","template":"","meta":{"_price":"","_stock":"","_tribe_ticket_header":"","_tribe_default_ticket_provider":"","_tribe_ticket_capacity":"0","_ticket_start_date":"","_ticket_end_date":"","_tribe_ticket_show_description":"","_tribe_ticket_show_not_going":false,"_tribe_ticket_use_global_stock":"","_tribe_ticket_global_stock_level":"","_global_stock_mode":"","_global_stock_cap":"","_tribe_rsvp_for_event":"","_tribe_ticket_going_count":"","_tribe_ticket_not_going_count":"","_tribe_tickets_list":"[]","_tribe_ticket_has_attendee_info_fields":false,"footnotes":""},"class_list":["post-21672","page","type-page","status-publish","hentry"],"yoast_head":"<!-- This site is optimized with the Yoast SEO plugin v26.9 - https:\/\/yoast.com\/product\/yoast-seo-wordpress\/ -->\n<title>Elizbarrutia - Di\u00f3cesis de San Sebasti\u00e1n<\/title>\n<meta name=\"robots\" content=\"index, follow, max-snippet:-1, max-image-preview:large, max-video-preview:-1\" \/>\n<link rel=\"canonical\" href=\"https:\/\/elizagipuzkoa.org\/eu\/elizbarrutia\/\" \/>\n<meta property=\"og:locale\" content=\"en_US\" \/>\n<meta property=\"og:type\" content=\"article\" \/>\n<meta property=\"og:title\" content=\"Elizbarrutia - Di\u00f3cesis de San Sebasti\u00e1n\" \/>\n<meta property=\"og:description\" content=\"[vc_row][vc_column width=&#8221;1\/2&#8243;][vc_single_image image=&#8221;22673&#8243; img_size=&#8221;full&#8221;][\/vc_column][vc_column width=&#8221;1\/2&#8243; css=&#8221;.vc_custom_1701615079932{padding-left: 30px !important;}&#8221;][vc_custom_heading text=&#8221;Qui\u00e9nes somos&#8221; font_container=&#8221;tag:h2|font_size:32|text_align:left&#8221; google_fonts=&#8221;font_family:Montserrat%3Aregular%2C700|font_style:700%20bold%20regular%3A700%3Anormal&#8221; css=&#8221;.vc_custom_1703840820856{margin-bottom: 15px !important;}&#8221;][vc_column_text]La Di\u00f3cesis es la parte del pueblo de Dios que se [...]\" \/>\n<meta property=\"og:url\" content=\"https:\/\/elizagipuzkoa.org\/eu\/elizbarrutia\/\" \/>\n<meta property=\"og:site_name\" content=\"Di\u00f3cesis de San Sebasti\u00e1n\" \/>\n<meta property=\"article:publisher\" content=\"https:\/\/www.facebook.com\/p\/Donostiako-ElizbarrutiaDicesis-de-San-Sebastin-100064874702840\/\" \/>\n<meta property=\"article:modified_time\" content=\"2024-01-12T19:21:03+00:00\" \/>\n<meta name=\"twitter:card\" content=\"summary_large_image\" \/>\n<meta name=\"twitter:site\" content=\"@diocesis_ss\" \/>\n<meta name=\"twitter:label1\" content=\"Est. reading time\" \/>\n\t<meta name=\"twitter:data1\" content=\"4 minutua\" \/>\n<script type=\"application\/ld+json\" class=\"yoast-schema-graph\">{\"@context\":\"https:\/\/schema.org\",\"@graph\":[{\"@type\":\"WebPage\",\"@id\":\"https:\/\/elizagipuzkoa.org\/eu\/elizbarrutia\/\",\"url\":\"https:\/\/elizagipuzkoa.org\/eu\/elizbarrutia\/\",\"name\":\"Elizbarrutia - Di\u00f3cesis de San Sebasti\u00e1n\",\"isPartOf\":{\"@id\":\"https:\/\/elizagipuzkoa.org\/eu\/#website\"},\"datePublished\":\"2023-11-20T16:45:27+00:00\",\"dateModified\":\"2024-01-12T19:21:03+00:00\",\"breadcrumb\":{\"@id\":\"https:\/\/elizagipuzkoa.org\/eu\/elizbarrutia\/#breadcrumb\"},\"inLanguage\":\"eu\",\"potentialAction\":[{\"@type\":\"ReadAction\",\"target\":[\"https:\/\/elizagipuzkoa.org\/eu\/elizbarrutia\/\"]}]},{\"@type\":\"BreadcrumbList\",\"@id\":\"https:\/\/elizagipuzkoa.org\/eu\/elizbarrutia\/#breadcrumb\",\"itemListElement\":[{\"@type\":\"ListItem\",\"position\":1,\"name\":\"Inicio\",\"item\":\"https:\/\/elizagipuzkoa.org\/eu\/\"},{\"@type\":\"ListItem\",\"position\":2,\"name\":\"Elizbarrutia\"}]},{\"@type\":\"WebSite\",\"@id\":\"https:\/\/elizagipuzkoa.org\/eu\/#website\",\"url\":\"https:\/\/elizagipuzkoa.org\/eu\/\",\"name\":\"Di\u00f3cesis de San Sebasti\u00e1n\",\"description\":\"\",\"publisher\":{\"@id\":\"https:\/\/elizagipuzkoa.org\/eu\/#organization\"},\"potentialAction\":[{\"@type\":\"SearchAction\",\"target\":{\"@type\":\"EntryPoint\",\"urlTemplate\":\"https:\/\/elizagipuzkoa.org\/eu\/?s={search_term_string}\"},\"query-input\":{\"@type\":\"PropertyValueSpecification\",\"valueRequired\":true,\"valueName\":\"search_term_string\"}}],\"inLanguage\":\"eu\"},{\"@type\":\"Organization\",\"@id\":\"https:\/\/elizagipuzkoa.org\/eu\/#organization\",\"name\":\"Di\u00f3cesis de San Sebasti\u00e1n\",\"url\":\"https:\/\/elizagipuzkoa.org\/eu\/\",\"logo\":{\"@type\":\"ImageObject\",\"inLanguage\":\"eu\",\"@id\":\"https:\/\/elizagipuzkoa.org\/eu\/#\/schema\/logo\/image\/\",\"url\":\"https:\/\/elizagipuzkoa.org\/wp-content\/uploads\/2024\/02\/logo_transparente_250.png\",\"contentUrl\":\"https:\/\/elizagipuzkoa.org\/wp-content\/uploads\/2024\/02\/logo_transparente_250.png\",\"width\":250,\"height\":124,\"caption\":\"Di\u00f3cesis de San Sebasti\u00e1n\"},\"image\":{\"@id\":\"https:\/\/elizagipuzkoa.org\/eu\/#\/schema\/logo\/image\/\"},\"sameAs\":[\"https:\/\/www.facebook.com\/p\/Donostiako-ElizbarrutiaDicesis-de-San-Sebastin-100064874702840\/\",\"https:\/\/x.com\/diocesis_ss\",\"https:\/\/www.instagram.com\/diocesis_ss\/?hl=es\",\"https:\/\/www.youtube.com\/@DiocesisdeSanSebastian\",\"https:\/\/www.flickr.com\/photos\/133958253@N05\/albums\/\"]}]}<\/script>\n<!-- \/ Yoast SEO plugin. -->","yoast_head_json":{"title":"Elizbarrutia - Di\u00f3cesis de San Sebasti\u00e1n","robots":{"index":"index","follow":"follow","max-snippet":"max-snippet:-1","max-image-preview":"max-image-preview:large","max-video-preview":"max-video-preview:-1"},"canonical":"https:\/\/elizagipuzkoa.org\/eu\/elizbarrutia\/","og_locale":"en_US","og_type":"article","og_title":"Elizbarrutia - Di\u00f3cesis de San Sebasti\u00e1n","og_description":"[vc_row][vc_column width=&#8221;1\/2&#8243;][vc_single_image image=&#8221;22673&#8243; img_size=&#8221;full&#8221;][\/vc_column][vc_column width=&#8221;1\/2&#8243; css=&#8221;.vc_custom_1701615079932{padding-left: 30px !important;}&#8221;][vc_custom_heading text=&#8221;Qui\u00e9nes somos&#8221; font_container=&#8221;tag:h2|font_size:32|text_align:left&#8221; google_fonts=&#8221;font_family:Montserrat%3Aregular%2C700|font_style:700%20bold%20regular%3A700%3Anormal&#8221; css=&#8221;.vc_custom_1703840820856{margin-bottom: 15px !important;}&#8221;][vc_column_text]La Di\u00f3cesis es la parte del pueblo de Dios que se [...]","og_url":"https:\/\/elizagipuzkoa.org\/eu\/elizbarrutia\/","og_site_name":"Di\u00f3cesis de San Sebasti\u00e1n","article_publisher":"https:\/\/www.facebook.com\/p\/Donostiako-ElizbarrutiaDicesis-de-San-Sebastin-100064874702840\/","article_modified_time":"2024-01-12T19:21:03+00:00","twitter_card":"summary_large_image","twitter_site":"@diocesis_ss","twitter_misc":{"Est. reading time":"4 minutua"},"schema":{"@context":"https:\/\/schema.org","@graph":[{"@type":"WebPage","@id":"https:\/\/elizagipuzkoa.org\/eu\/elizbarrutia\/","url":"https:\/\/elizagipuzkoa.org\/eu\/elizbarrutia\/","name":"Elizbarrutia - Di\u00f3cesis de San Sebasti\u00e1n","isPartOf":{"@id":"https:\/\/elizagipuzkoa.org\/eu\/#website"},"datePublished":"2023-11-20T16:45:27+00:00","dateModified":"2024-01-12T19:21:03+00:00","breadcrumb":{"@id":"https:\/\/elizagipuzkoa.org\/eu\/elizbarrutia\/#breadcrumb"},"inLanguage":"eu","potentialAction":[{"@type":"ReadAction","target":["https:\/\/elizagipuzkoa.org\/eu\/elizbarrutia\/"]}]},{"@type":"BreadcrumbList","@id":"https:\/\/elizagipuzkoa.org\/eu\/elizbarrutia\/#breadcrumb","itemListElement":[{"@type":"ListItem","position":1,"name":"Inicio","item":"https:\/\/elizagipuzkoa.org\/eu\/"},{"@type":"ListItem","position":2,"name":"Elizbarrutia"}]},{"@type":"WebSite","@id":"https:\/\/elizagipuzkoa.org\/eu\/#website","url":"https:\/\/elizagipuzkoa.org\/eu\/","name":"Di\u00f3cesis de San Sebasti\u00e1n","description":"","publisher":{"@id":"https:\/\/elizagipuzkoa.org\/eu\/#organization"},"potentialAction":[{"@type":"SearchAction","target":{"@type":"EntryPoint","urlTemplate":"https:\/\/elizagipuzkoa.org\/eu\/?s={search_term_string}"},"query-input":{"@type":"PropertyValueSpecification","valueRequired":true,"valueName":"search_term_string"}}],"inLanguage":"eu"},{"@type":"Organization","@id":"https:\/\/elizagipuzkoa.org\/eu\/#organization","name":"Di\u00f3cesis de San Sebasti\u00e1n","url":"https:\/\/elizagipuzkoa.org\/eu\/","logo":{"@type":"ImageObject","inLanguage":"eu","@id":"https:\/\/elizagipuzkoa.org\/eu\/#\/schema\/logo\/image\/","url":"https:\/\/elizagipuzkoa.org\/wp-content\/uploads\/2024\/02\/logo_transparente_250.png","contentUrl":"https:\/\/elizagipuzkoa.org\/wp-content\/uploads\/2024\/02\/logo_transparente_250.png","width":250,"height":124,"caption":"Di\u00f3cesis de San Sebasti\u00e1n"},"image":{"@id":"https:\/\/elizagipuzkoa.org\/eu\/#\/schema\/logo\/image\/"},"sameAs":["https:\/\/www.facebook.com\/p\/Donostiako-ElizbarrutiaDicesis-de-San-Sebastin-100064874702840\/","https:\/\/x.com\/diocesis_ss","https:\/\/www.instagram.com\/diocesis_ss\/?hl=es","https:\/\/www.youtube.com\/@DiocesisdeSanSebastian","https:\/\/www.flickr.com\/photos\/133958253@N05\/albums\/"]}]}},"ticketed":false,"_links":{"self":[{"href":"https:\/\/elizagipuzkoa.org\/eu\/wp-json\/wp\/v2\/pages\/21672","targetHints":{"allow":["GET"]}}],"collection":[{"href":"https:\/\/elizagipuzkoa.org\/eu\/wp-json\/wp\/v2\/pages"}],"about":[{"href":"https:\/\/elizagipuzkoa.org\/eu\/wp-json\/wp\/v2\/types\/page"}],"author":[{"embeddable":true,"href":"https:\/\/elizagipuzkoa.org\/eu\/wp-json\/wp\/v2\/users\/1"}],"replies":[{"embeddable":true,"href":"https:\/\/elizagipuzkoa.org\/eu\/wp-json\/wp\/v2\/comments?post=21672"}],"version-history":[{"count":5,"href":"https:\/\/elizagipuzkoa.org\/eu\/wp-json\/wp\/v2\/pages\/21672\/revisions"}],"predecessor-version":[{"id":22795,"href":"https:\/\/elizagipuzkoa.org\/eu\/wp-json\/wp\/v2\/pages\/21672\/revisions\/22795"}],"wp:attachment":[{"href":"https:\/\/elizagipuzkoa.org\/eu\/wp-json\/wp\/v2\/media?parent=21672"}],"curies":[{"name":"wp","href":"https:\/\/api.w.org\/{rel}","templated":true}]}}