{"id":21689,"date":"2023-12-13T08:37:50","date_gmt":"2023-12-13T07:37:50","guid":{"rendered":"https:\/\/elizagipuzkoa.org\/elizbarrutia\/vicaria-general\/"},"modified":"2025-02-14T09:46:54","modified_gmt":"2025-02-14T08:46:54","slug":"bikaritza-nagusia","status":"publish","type":"page","link":"https:\/\/elizagipuzkoa.org\/eu\/elizbarrutia\/erakundea\/bikaritza-nagusia\/","title":{"rendered":"Bikaritza Nagusia"},"content":{"rendered":"<div class=\"wpb-content-wrapper\"><p>[vc_row css=&#8221;.vc_custom_1739516604238{margin-bottom: 40px !important;}&#8221;][vc_column width=&#8221;1\/3&#8243;][vc_single_image image=&#8221;23248&#8243; img_size=&#8221;full&#8221; style=&#8221;vc_box_rounded&#8221; css=&#8221;.vc_custom_1739516839381{margin-top: 0px !important;margin-bottom: 10px !important;}&#8221;][\/vc_column][vc_column width=&#8221;2\/3&#8243; css=&#8221;.vc_custom_1701615079932{padding-left: 30px !important;}&#8221;][vc_custom_heading text=&#8221;Mikel Aranguren Zubialqui&#8221; font_container=&#8221;tag:h2|font_size:32|text_align:left&#8221; google_fonts=&#8221;font_family:Montserrat%3Aregular%2C700|font_style:700%20bold%20regular%3A700%3Anormal&#8221; css=&#8221;.vc_custom_1705577963539{margin-bottom: 15px !important;}&#8221;][vc_column_text css=&#8221;.vc_custom_1739516846127{margin-bottom: 10px !important;}&#8221;]Donostiako Elizbarrutiko Bikario Nagusia <strong>Mikel Aranguren<\/strong> da, eta gotzainarekin eta presbiterioko beste kideekin batera aritzen da bere betebeharretan. Bere egitekoa elizbarrutiko Elizaren ebanjelizatze ekintza bultzatu, lagundu eta bideratzea da.<\/p>\n<p>&nbsp;<\/p>\n<p style=\"text-align: center;\"><em>En la vida siempre hay esperanza. Para nosotros la esperanza tiene nombre propio, Jes\u00fas, que nace y renace constantemente en nuestros corazones, viniendo a consolarnos y llenarnos de esperanza. Jes\u00fas puede sostenerte, guiarte y dotar de sentido tu vida, volvi\u00e9ndola m\u00e1s feliz y dichosa.\u00a0<\/em><\/p>\n<p style=\"text-align: center;\">Mikel Aranguren, Vicario General.<\/p>\n<p>[\/vc_column_text][\/vc_column][\/vc_row][vc_row css=&#8221;.vc_custom_1739519593520{margin-bottom: 50px !important;}&#8221;][vc_column width=&#8221;3\/3&#8243;][vc_column_text css=&#8221;&#8221;]<strong>Curriculum<\/strong>:<\/p>\n<ul>\n<li>Enpresen Administrazio eta Zuzendaritzan lizentziatua, Finantzetan espezializatua. Deustuko Unibertsitatea, 1996-2001.<\/li>\n<li>Finantza eta kontabilitatean masterra. Deustuko Unibertsitatea, 2002.<\/li>\n<li>Grupo Glualko Giza Baliabideetako zuzendaria, 2002-2009.<\/li>\n<li>Eliza-ikasketetan lizentziatua. Iru\u00f1eko Goi Mailako Ikasketa Teologikoen zentroa, 2009-2014.<\/li>\n<li>2015ean Apaiztu zen.<\/li>\n<li>Teologia Espiritualean lizentziatua. Erromako Unibertsitate Pontifikal Gregoriarra, 2015-2016.<\/li>\n<li>Donostiako Loiolako San Inazio parrokiako parrokoa, 2016-2022.<\/li>\n<li>Ebanjelizatze Pastoraltzarako Gotzain Bikarioa. Donostiako Elizbarrutia, 2016-2022.<\/li>\n<li>Donostiako Elizbarrutiko Bikario Nagusia, 2022tik gaur egun arte.<\/li>\n<\/ul>\n<p>[\/vc_column_text][\/vc_column][\/vc_row][vc_row][vc_column width=&#8221;3\/3&#8243;][vc_column_text css=&#8221;&#8221;]<\/p>\n<p style=\"text-align: center;\">On Mikel Arangurenekin bilera edo elkarrizketa bat hitzartu nahi baduzu, ez izan zalantzarik eta jarri gurekin harremanetan.<\/p>\n<p>[\/vc_column_text][mvc_advanced_button align=&#8221;center&#8221; btn_text=&#8221;Idatziguzu&#8221; btn_block=&#8221;btn_block&#8221; btn_size=&#8221;14&#8243; google_fonts=&#8221;font_family:Montserrat%3Aregular%2C700|font_style:700%20bold%20regular%3A700%3Anormal&#8221; btn_bg=&#8221;#37a9dd&#8221; btn_clr=&#8221;#ffffff&#8221; btn_url=&#8221;url:https%3A%2F%2Felizagipuzkoa.org%2Feu%2Fkontaktua%2F&#8221;][\/vc_column][\/vc_row][vc_row disable_element=&#8221;yes&#8221;][vc_column width=&#8221;1\/4&#8243;][vc_video link=&#8221;https:\/\/www.youtube.com\/watch?v=IiQkIMCMxqk&#8221;][vc_custom_heading text=&#8221;22-04-2022 Iglesia del Ges\u00fa&#8221; font_container=&#8221;tag:p|font_size:11|text_align:left&#8221; google_fonts=&#8221;font_family:Montserrat%3Aregular%2C700|font_style:400%20regular%3A400%3Anormal&#8221;][\/vc_column][vc_column width=&#8221;1\/4&#8243;][vc_video link=&#8221;https:\/\/www.youtube.com\/watch?v=4i4o-Luqi2E&#8221;][vc_custom_heading text=&#8221;(19-04-2022) Iglesia de San Ignacio&#8221; font_container=&#8221;tag:p|font_size:11|text_align:left&#8221; google_fonts=&#8221;font_family:Montserrat%3Aregular%2C700|font_style:400%20regular%3A400%3Anormal&#8221;][\/vc_column][vc_column width=&#8221;1\/4&#8243;][vc_video link=&#8221;https:\/\/www.youtube.com\/watch?v=SJNSAKRBRwY&#8221;][vc_custom_heading text=&#8221;Agradecimiento&#8221; font_container=&#8221;tag:p|font_size:11|text_align:left&#8221; google_fonts=&#8221;font_family:Montserrat%3Aregular%2C700|font_style:400%20regular%3A400%3Anormal&#8221;][\/vc_column][vc_column width=&#8221;1\/4&#8243;][vc_video link=&#8221;https:\/\/www.youtube.com\/watch?v=WcCdLSWZDdo&#8221;][vc_custom_heading text=&#8221;Desde la espiritualidad&#8221; font_container=&#8221;tag:p|font_size:11|text_align:left&#8221; google_fonts=&#8221;font_family:Montserrat%3Aregular%2C700|font_style:400%20regular%3A400%3Anormal&#8221;][\/vc_column][\/vc_row][vc_row css=&#8221;.vc_custom_1699728357483{margin-top: 50px !important;margin-bottom: 0px !important;padding-bottom: 25px !important;}&#8221;][vc_column][vc_separator color=&#8221;custom&#8221; border_width=&#8221;5&#8243; accent_color=&#8221;#37a9dd&#8221;][vc_custom_heading text=&#8221;Albisteak&#8221; font_container=&#8221;tag:h2|font_size:32|text_align:left&#8221; google_fonts=&#8221;font_family:Montserrat%3Aregular%2C700|font_style:700%20bold%20regular%3A700%3Anormal&#8221; css=&#8221;.vc_custom_1706520152883{margin-bottom: 50px !important;}&#8221;][vc_basic_grid post_type=&#8221;post&#8221; max_items=&#8221;3&#8243; item=&#8221;20700&#8243; initial_loading_animation=&#8221;none&#8221; css=&#8221;&#8221; grid_id=&#8221;vc_gid:1739522793839-2001ca80-342b-3&#8243; taxonomies=&#8221;202&#8243;][\/vc_column][\/vc_row][vc_row disable_element=&#8221;yes&#8221;][vc_column][vc_separator color=&#8221;custom&#8221; border_width=&#8221;5&#8243; accent_color=&#8221;#37a9dd&#8221;][vc_custom_heading text=&#8221;Enlaces de inter\u00e9s&#8221; font_container=&#8221;tag:h2|font_size:32|text_align:left&#8221; google_fonts=&#8221;font_family:Montserrat%3Aregular%2C700|font_style:700%20bold%20regular%3A700%3Anormal&#8221; css=&#8221;.vc_custom_1702134827900{margin-bottom: 50px !important;}&#8221;][\/vc_column][vc_column][vc_custom_heading text=&#8221;Orientaciones pastorales de la CEE&#8221; font_container=&#8221;tag:p|font_size:14|text_align:left&#8221; google_fonts=&#8221;font_family:Montserrat%3Aregular%2C700|font_style:400%20regular%3A400%3Anormal&#8221; el_class=&#8221;custom-p-border&#8221; link=&#8221;url:https%3A%2F%2Fwww.conferenciaepiscopal.es%2Fomella-presenta-orientaciones-pastorales%2F|target:_blank&#8221;][vc_custom_heading text=&#8221;Para dar luz&#8221; font_container=&#8221;tag:p|font_size:14|text_align:left&#8221; google_fonts=&#8221;font_family:Montserrat%3Aregular%2C700|font_style:400%20regular%3A400%3Anormal&#8221; el_class=&#8221;custom-p-border&#8221; link=&#8221;url:https%3A%2F%2Fwww.paradarluz.com%2F|target:_blank&#8221;][vc_custom_heading text=&#8221;#HazMemoria&#8221; font_container=&#8221;tag:p|font_size:14|text_align:left&#8221; google_fonts=&#8221;font_family:Montserrat%3Aregular%2C700|font_style:400%20regular%3A400%3Anormal&#8221; el_class=&#8221;custom-p-border&#8221; link=&#8221;url:https%3A%2F%2Fwww.conferenciaepiscopal.es%2Finteresa%2Fhazmemoria-2022%2F|target:_blank&#8221;][vc_custom_heading text=&#8221;Cuadernos del Concilio&#8221; font_container=&#8221;tag:p|font_size:14|text_align:left&#8221; google_fonts=&#8221;font_family:Montserrat%3Aregular%2C700|font_style:400%20regular%3A400%3Anormal&#8221; el_class=&#8221;custom-p-border&#8221; link=&#8221;url:http%3A%2F%2Fcuadernosdelconcilio.com%2F|target:_blank&#8221;][vc_custom_heading text=&#8221;S\u00ednodo 2021 &#8211; 2024&#8243; font_container=&#8221;tag:p|font_size:14|text_align:left&#8221; google_fonts=&#8221;font_family:Montserrat%3Aregular%2C700|font_style:400%20regular%3A400%3Anormal&#8221; el_class=&#8221;custom-p-border&#8221; link=&#8221;url:https%3A%2F%2Fwww.conferenciaepiscopal.es%2Finteresa%2Fsinodo%2F|target:_blank&#8221;][\/vc_column][\/vc_row]<\/p>\n<\/div>","protected":false},"excerpt":{"rendered":"<p>[vc_row css=&#8221;.vc_custom_1739516604238{margin-bottom: 40px !important;}&#8221;][vc_column width=&#8221;1\/3&#8243;][vc_single_image image=&#8221;23248&#8243; img_size=&#8221;full&#8221; style=&#8221;vc_box_rounded&#8221; css=&#8221;.vc_custom_1739516839381{margin-top: 0px !important;margin-bottom: 10px !important;}&#8221;][\/vc_column][vc_column width=&#8221;2\/3&#8243; css=&#8221;.vc_custom_1701615079932{padding-left: 30px !important;}&#8221;][vc_custom_heading text=&#8221;Mikel Aranguren Zubialqui&#8221; font_container=&#8221;tag:h2|font_size:32|text_align:left&#8221; google_fonts=&#8221;font_family:Montserrat%3Aregular%2C700|font_style:700%20bold%20regular%3A700%3Anormal&#8221; css=&#8221;.vc_custom_1705577963539{margin-bottom: 15px !important;}&#8221;][vc_column_text [&#8230;]<\/p>\n","protected":false},"author":4,"featured_media":0,"parent":23982,"menu_order":0,"comment_status":"closed","ping_status":"closed","template":"","meta":{"_price":"","_stock":"","_tribe_ticket_header":"","_tribe_default_ticket_provider":"","_tribe_ticket_capacity":"0","_ticket_start_date":"","_ticket_end_date":"","_tribe_ticket_show_description":"","_tribe_ticket_show_not_going":false,"_tribe_ticket_use_global_stock":"","_tribe_ticket_global_stock_level":"","_global_stock_mode":"","_global_stock_cap":"","_tribe_rsvp_for_event":"","_tribe_ticket_going_count":"","_tribe_ticket_not_going_count":"","_tribe_tickets_list":"[]","_tribe_ticket_has_attendee_info_fields":false,"footnotes":""},"class_list":["post-21689","page","type-page","status-publish","hentry"],"yoast_head":"<!-- This site is optimized with the Yoast SEO plugin v26.9 - https:\/\/yoast.com\/product\/yoast-seo-wordpress\/ -->\n<title>Bikaritza Nagusia - Di\u00f3cesis de San Sebasti\u00e1n<\/title>\n<meta name=\"robots\" content=\"index, follow, max-snippet:-1, max-image-preview:large, max-video-preview:-1\" \/>\n<link rel=\"canonical\" href=\"https:\/\/elizagipuzkoa.org\/eu\/elizbarrutia\/erakundea\/bikaritza-nagusia\/\" \/>\n<meta property=\"og:locale\" content=\"en_US\" \/>\n<meta property=\"og:type\" content=\"article\" \/>\n<meta property=\"og:title\" content=\"Bikaritza Nagusia - Di\u00f3cesis de San Sebasti\u00e1n\" \/>\n<meta property=\"og:description\" content=\"[vc_row css=&#8221;.vc_custom_1739516604238{margin-bottom: 40px !important;}&#8221;][vc_column width=&#8221;1\/3&#8243;][vc_single_image image=&#8221;23248&#8243; img_size=&#8221;full&#8221; style=&#8221;vc_box_rounded&#8221; css=&#8221;.vc_custom_1739516839381{margin-top: 0px !important;margin-bottom: 10px !important;}&#8221;][\/vc_column][vc_column width=&#8221;2\/3&#8243; css=&#8221;.vc_custom_1701615079932{padding-left: 30px !important;}&#8221;][vc_custom_heading text=&#8221;Mikel Aranguren Zubialqui&#8221; font_container=&#8221;tag:h2|font_size:32|text_align:left&#8221; google_fonts=&#8221;font_family:Montserrat%3Aregular%2C700|font_style:700%20bold%20regular%3A700%3Anormal&#8221; css=&#8221;.vc_custom_1705577963539{margin-bottom: 15px !important;}&#8221;][vc_column_text [...]\" \/>\n<meta property=\"og:url\" content=\"https:\/\/elizagipuzkoa.org\/eu\/elizbarrutia\/erakundea\/bikaritza-nagusia\/\" \/>\n<meta property=\"og:site_name\" content=\"Di\u00f3cesis de San Sebasti\u00e1n\" \/>\n<meta property=\"article:publisher\" content=\"https:\/\/www.facebook.com\/p\/Donostiako-ElizbarrutiaDicesis-de-San-Sebastin-100064874702840\/\" \/>\n<meta property=\"article:modified_time\" content=\"2025-02-14T08:46:54+00:00\" \/>\n<meta name=\"twitter:card\" content=\"summary_large_image\" \/>\n<meta name=\"twitter:site\" content=\"@diocesis_ss\" \/>\n<meta name=\"twitter:label1\" content=\"Est. reading time\" \/>\n\t<meta name=\"twitter:data1\" content=\"2 minutua\" \/>\n<script type=\"application\/ld+json\" class=\"yoast-schema-graph\">{\"@context\":\"https:\/\/schema.org\",\"@graph\":[{\"@type\":\"WebPage\",\"@id\":\"https:\/\/elizagipuzkoa.org\/eu\/elizbarrutia\/erakundea\/bikaritza-nagusia\/\",\"url\":\"https:\/\/elizagipuzkoa.org\/eu\/elizbarrutia\/erakundea\/bikaritza-nagusia\/\",\"name\":\"Bikaritza Nagusia - Di\u00f3cesis de San Sebasti\u00e1n\",\"isPartOf\":{\"@id\":\"https:\/\/elizagipuzkoa.org\/eu\/#website\"},\"datePublished\":\"2023-12-13T07:37:50+00:00\",\"dateModified\":\"2025-02-14T08:46:54+00:00\",\"breadcrumb\":{\"@id\":\"https:\/\/elizagipuzkoa.org\/eu\/elizbarrutia\/erakundea\/bikaritza-nagusia\/#breadcrumb\"},\"inLanguage\":\"eu\",\"potentialAction\":[{\"@type\":\"ReadAction\",\"target\":[\"https:\/\/elizagipuzkoa.org\/eu\/elizbarrutia\/erakundea\/bikaritza-nagusia\/\"]}]},{\"@type\":\"BreadcrumbList\",\"@id\":\"https:\/\/elizagipuzkoa.org\/eu\/elizbarrutia\/erakundea\/bikaritza-nagusia\/#breadcrumb\",\"itemListElement\":[{\"@type\":\"ListItem\",\"position\":1,\"name\":\"Inicio\",\"item\":\"https:\/\/elizagipuzkoa.org\/eu\/\"},{\"@type\":\"ListItem\",\"position\":2,\"name\":\"Elizbarrutia\",\"item\":\"https:\/\/elizagipuzkoa.org\/eu\/diocesis\/\"},{\"@type\":\"ListItem\",\"position\":3,\"name\":\"Erakundea\",\"item\":\"https:\/\/elizagipuzkoa.org\/eu\/elizbarrutia\/erakundea\/\"},{\"@type\":\"ListItem\",\"position\":4,\"name\":\"Bikaritza Nagusia\"}]},{\"@type\":\"WebSite\",\"@id\":\"https:\/\/elizagipuzkoa.org\/eu\/#website\",\"url\":\"https:\/\/elizagipuzkoa.org\/eu\/\",\"name\":\"Di\u00f3cesis de San Sebasti\u00e1n\",\"description\":\"\",\"publisher\":{\"@id\":\"https:\/\/elizagipuzkoa.org\/eu\/#organization\"},\"potentialAction\":[{\"@type\":\"SearchAction\",\"target\":{\"@type\":\"EntryPoint\",\"urlTemplate\":\"https:\/\/elizagipuzkoa.org\/eu\/?s={search_term_string}\"},\"query-input\":{\"@type\":\"PropertyValueSpecification\",\"valueRequired\":true,\"valueName\":\"search_term_string\"}}],\"inLanguage\":\"eu\"},{\"@type\":\"Organization\",\"@id\":\"https:\/\/elizagipuzkoa.org\/eu\/#organization\",\"name\":\"Di\u00f3cesis de San Sebasti\u00e1n\",\"url\":\"https:\/\/elizagipuzkoa.org\/eu\/\",\"logo\":{\"@type\":\"ImageObject\",\"inLanguage\":\"eu\",\"@id\":\"https:\/\/elizagipuzkoa.org\/eu\/#\/schema\/logo\/image\/\",\"url\":\"https:\/\/elizagipuzkoa.org\/wp-content\/uploads\/2024\/02\/logo_transparente_250.png\",\"contentUrl\":\"https:\/\/elizagipuzkoa.org\/wp-content\/uploads\/2024\/02\/logo_transparente_250.png\",\"width\":250,\"height\":124,\"caption\":\"Di\u00f3cesis de San Sebasti\u00e1n\"},\"image\":{\"@id\":\"https:\/\/elizagipuzkoa.org\/eu\/#\/schema\/logo\/image\/\"},\"sameAs\":[\"https:\/\/www.facebook.com\/p\/Donostiako-ElizbarrutiaDicesis-de-San-Sebastin-100064874702840\/\",\"https:\/\/x.com\/diocesis_ss\",\"https:\/\/www.instagram.com\/diocesis_ss\/?hl=es\",\"https:\/\/www.youtube.com\/@DiocesisdeSanSebastian\",\"https:\/\/www.flickr.com\/photos\/133958253@N05\/albums\/\"]}]}<\/script>\n<!-- \/ Yoast SEO plugin. -->","yoast_head_json":{"title":"Bikaritza Nagusia - Di\u00f3cesis de San Sebasti\u00e1n","robots":{"index":"index","follow":"follow","max-snippet":"max-snippet:-1","max-image-preview":"max-image-preview:large","max-video-preview":"max-video-preview:-1"},"canonical":"https:\/\/elizagipuzkoa.org\/eu\/elizbarrutia\/erakundea\/bikaritza-nagusia\/","og_locale":"en_US","og_type":"article","og_title":"Bikaritza Nagusia - Di\u00f3cesis de San Sebasti\u00e1n","og_description":"[vc_row css=&#8221;.vc_custom_1739516604238{margin-bottom: 40px !important;}&#8221;][vc_column width=&#8221;1\/3&#8243;][vc_single_image image=&#8221;23248&#8243; img_size=&#8221;full&#8221; style=&#8221;vc_box_rounded&#8221; css=&#8221;.vc_custom_1739516839381{margin-top: 0px !important;margin-bottom: 10px !important;}&#8221;][\/vc_column][vc_column width=&#8221;2\/3&#8243; css=&#8221;.vc_custom_1701615079932{padding-left: 30px !important;}&#8221;][vc_custom_heading text=&#8221;Mikel Aranguren Zubialqui&#8221; font_container=&#8221;tag:h2|font_size:32|text_align:left&#8221; google_fonts=&#8221;font_family:Montserrat%3Aregular%2C700|font_style:700%20bold%20regular%3A700%3Anormal&#8221; css=&#8221;.vc_custom_1705577963539{margin-bottom: 15px !important;}&#8221;][vc_column_text [...]","og_url":"https:\/\/elizagipuzkoa.org\/eu\/elizbarrutia\/erakundea\/bikaritza-nagusia\/","og_site_name":"Di\u00f3cesis de San Sebasti\u00e1n","article_publisher":"https:\/\/www.facebook.com\/p\/Donostiako-ElizbarrutiaDicesis-de-San-Sebastin-100064874702840\/","article_modified_time":"2025-02-14T08:46:54+00:00","twitter_card":"summary_large_image","twitter_site":"@diocesis_ss","twitter_misc":{"Est. reading time":"2 minutua"},"schema":{"@context":"https:\/\/schema.org","@graph":[{"@type":"WebPage","@id":"https:\/\/elizagipuzkoa.org\/eu\/elizbarrutia\/erakundea\/bikaritza-nagusia\/","url":"https:\/\/elizagipuzkoa.org\/eu\/elizbarrutia\/erakundea\/bikaritza-nagusia\/","name":"Bikaritza Nagusia - Di\u00f3cesis de San Sebasti\u00e1n","isPartOf":{"@id":"https:\/\/elizagipuzkoa.org\/eu\/#website"},"datePublished":"2023-12-13T07:37:50+00:00","dateModified":"2025-02-14T08:46:54+00:00","breadcrumb":{"@id":"https:\/\/elizagipuzkoa.org\/eu\/elizbarrutia\/erakundea\/bikaritza-nagusia\/#breadcrumb"},"inLanguage":"eu","potentialAction":[{"@type":"ReadAction","target":["https:\/\/elizagipuzkoa.org\/eu\/elizbarrutia\/erakundea\/bikaritza-nagusia\/"]}]},{"@type":"BreadcrumbList","@id":"https:\/\/elizagipuzkoa.org\/eu\/elizbarrutia\/erakundea\/bikaritza-nagusia\/#breadcrumb","itemListElement":[{"@type":"ListItem","position":1,"name":"Inicio","item":"https:\/\/elizagipuzkoa.org\/eu\/"},{"@type":"ListItem","position":2,"name":"Elizbarrutia","item":"https:\/\/elizagipuzkoa.org\/eu\/diocesis\/"},{"@type":"ListItem","position":3,"name":"Erakundea","item":"https:\/\/elizagipuzkoa.org\/eu\/elizbarrutia\/erakundea\/"},{"@type":"ListItem","position":4,"name":"Bikaritza Nagusia"}]},{"@type":"WebSite","@id":"https:\/\/elizagipuzkoa.org\/eu\/#website","url":"https:\/\/elizagipuzkoa.org\/eu\/","name":"Di\u00f3cesis de San Sebasti\u00e1n","description":"","publisher":{"@id":"https:\/\/elizagipuzkoa.org\/eu\/#organization"},"potentialAction":[{"@type":"SearchAction","target":{"@type":"EntryPoint","urlTemplate":"https:\/\/elizagipuzkoa.org\/eu\/?s={search_term_string}"},"query-input":{"@type":"PropertyValueSpecification","valueRequired":true,"valueName":"search_term_string"}}],"inLanguage":"eu"},{"@type":"Organization","@id":"https:\/\/elizagipuzkoa.org\/eu\/#organization","name":"Di\u00f3cesis de San Sebasti\u00e1n","url":"https:\/\/elizagipuzkoa.org\/eu\/","logo":{"@type":"ImageObject","inLanguage":"eu","@id":"https:\/\/elizagipuzkoa.org\/eu\/#\/schema\/logo\/image\/","url":"https:\/\/elizagipuzkoa.org\/wp-content\/uploads\/2024\/02\/logo_transparente_250.png","contentUrl":"https:\/\/elizagipuzkoa.org\/wp-content\/uploads\/2024\/02\/logo_transparente_250.png","width":250,"height":124,"caption":"Di\u00f3cesis de San Sebasti\u00e1n"},"image":{"@id":"https:\/\/elizagipuzkoa.org\/eu\/#\/schema\/logo\/image\/"},"sameAs":["https:\/\/www.facebook.com\/p\/Donostiako-ElizbarrutiaDicesis-de-San-Sebastin-100064874702840\/","https:\/\/x.com\/diocesis_ss","https:\/\/www.instagram.com\/diocesis_ss\/?hl=es","https:\/\/www.youtube.com\/@DiocesisdeSanSebastian","https:\/\/www.flickr.com\/photos\/133958253@N05\/albums\/"]}]}},"ticketed":false,"_links":{"self":[{"href":"https:\/\/elizagipuzkoa.org\/eu\/wp-json\/wp\/v2\/pages\/21689","targetHints":{"allow":["GET"]}}],"collection":[{"href":"https:\/\/elizagipuzkoa.org\/eu\/wp-json\/wp\/v2\/pages"}],"about":[{"href":"https:\/\/elizagipuzkoa.org\/eu\/wp-json\/wp\/v2\/types\/page"}],"author":[{"embeddable":true,"href":"https:\/\/elizagipuzkoa.org\/eu\/wp-json\/wp\/v2\/users\/4"}],"replies":[{"embeddable":true,"href":"https:\/\/elizagipuzkoa.org\/eu\/wp-json\/wp\/v2\/comments?post=21689"}],"version-history":[{"count":16,"href":"https:\/\/elizagipuzkoa.org\/eu\/wp-json\/wp\/v2\/pages\/21689\/revisions"}],"predecessor-version":[{"id":39046,"href":"https:\/\/elizagipuzkoa.org\/eu\/wp-json\/wp\/v2\/pages\/21689\/revisions\/39046"}],"up":[{"embeddable":true,"href":"https:\/\/elizagipuzkoa.org\/eu\/wp-json\/wp\/v2\/pages\/23982"}],"wp:attachment":[{"href":"https:\/\/elizagipuzkoa.org\/eu\/wp-json\/wp\/v2\/media?parent=21689"}],"curies":[{"name":"wp","href":"https:\/\/api.w.org\/{rel}","templated":true}]}}