{"id":21697,"date":"2018-11-28T10:53:11","date_gmt":"2018-11-28T09:53:11","guid":{"rendered":"https:\/\/elizagipuzkoa.org\/contacto\/"},"modified":"2024-11-21T08:14:34","modified_gmt":"2024-11-21T07:14:34","slug":"kontaktua","status":"publish","type":"page","link":"https:\/\/elizagipuzkoa.org\/eu\/kontaktua\/","title":{"rendered":"Kontaktua"},"content":{"rendered":"<div class=\"wpb-content-wrapper\"><p>[vc_row full_width=&#8221;stretch_row&#8221; css=&#8221;.vc_custom_1554117157796{margin-top: 0px !important;margin-bottom: 0px !important;padding-top: 100px !important;padding-bottom: 60px !important;background-color: #fafafa !important;}&#8221; el_class=&#8221;vatican-contact-page-contact&#8221;][vc_column css=&#8221;.vc_custom_1543482862966{padding-top: 0px !important;padding-right: 0px !important;padding-bottom: 0px !important;padding-left: 0px !important;}&#8221;][vc_row_inner css=&#8221;.vc_custom_1554117355577{margin-bottom: 65px !important;}&#8221;][vc_column_inner]<div class=\"title-subtile-holder  animateIn text_center title_subtitle_style_v3 \" data-animate=\"no_animation\"><h1 style=\"\" class=\"section-title dark_title\">Kontaktua<\/h1><div class=\"section-border dark_delimitator\"><\/div><\/div>[\/vc_column_inner][\/vc_row_inner][vc_column_text css=&#8221;&#8221;]<span id=\"tgt_sent_0\"><span class=\"interactive\">Zure<\/span>\u00a0<span class=\"interactive\">iritzia<\/span>\u00a0<span class=\"interactive\">oso<\/span>\u00a0<span class=\"interactive\">garrantzitsua<\/span>\u00a0<span class=\"interactive\">da<\/span>\u00a0<span class=\"interactive\">guretzat.<\/span><\/span>\u00a0<span id=\"tgt_sent_1\"><span class=\"interactive\">Kontsultak,<\/span>\u00a0<span class=\"interactive\">iradokizunak<\/span>\u00a0<span class=\"interactive\">edo<\/span>\u00a0<span class=\"interactive\">ideiak<\/span>\u00a0<span class=\"interactive\">badituzu<\/span>\u00a0<span class=\"interactive\">edo,<\/span>\u00a0<span class=\"interactive\">besterik<\/span>\u00a0<span class=\"interactive\">gabe,<\/span>\u00a0<span class=\"interactive\">eskerrak<\/span>\u00a0<span class=\"interactive\">eman<\/span>\u00a0<span class=\"interactive\">nahi<\/span>\u00a0<span class=\"interactive\">badizkiguzu,<\/span>\u00a0<span class=\"interactive\">hauxe<\/span>\u00a0<span class=\"interactive\">da<\/span>\u00a0<span class=\"interactive\">lekurik<\/span>\u00a0<span class=\"interactive\">egokiena.<\/span><\/span>\u00a0<span id=\"tgt_sent_2\"><span class=\"interactive\">Formularioa<\/span>\u00a0<span class=\"interactive\">bete<\/span>\u00a0<span class=\"interactive\">eta<\/span>\u00a0<span class=\"interactive\">zurekin<\/span>\u00a0<span class=\"interactive\">harremanetan<\/span>\u00a0<span class=\"interactive\">jarriko<\/span>\u00a0<span class=\"interactive\">gara<\/span>\u00a0<span class=\"interactive\">ahalik<\/span>\u00a0<span class=\"interactive\">eta<\/span>\u00a0<span class=\"interactive\">azkarren.<\/span><\/span>\u00a0<span id=\"tgt_sent_3\"><span class=\"interactive\">Eskerrik<\/span>\u00a0<span class=\"interactive\">asko<\/span>\u00a0<span class=\"interactive\">hobetzen<\/span>\u00a0<span class=\"interactive\">laguntzeagatik!<\/span><\/span>[\/vc_column_text][vc_row_inner css=&#8221;.vc_custom_1554117330248{margin-bottom: 0px !important;}&#8221;][vc_column_inner el_class=&#8221;vatican-contact-page-contact-form&#8221; width=&#8221;7\/12&#8243; css=&#8221;.vc_custom_1554117196863{padding-right: 30px !important;}&#8221;][vc_column_text css=&#8221;.vc_custom_1705484573017{background-color: #ffffff !important;}&#8221; el_class=&#8221;get_a_quote&#8221;]\n<div class=\"wpcf7 no-js\" id=\"wpcf7-f21704-o1\" lang=\"eu\" dir=\"ltr\" data-wpcf7-id=\"21704\">\n<div class=\"screen-reader-response\"><p role=\"status\" aria-live=\"polite\" aria-atomic=\"true\"><\/p> <ul><\/ul><\/div>\n<form action=\"\/eu\/wp-json\/wp\/v2\/pages\/21697#wpcf7-f21704-o1\" method=\"post\" class=\"wpcf7-form init\" aria-label=\"Contact form\" novalidate=\"novalidate\" data-status=\"init\">\n<fieldset class=\"hidden-fields-container\"><input type=\"hidden\" name=\"_wpcf7\" value=\"21704\" \/><input type=\"hidden\" name=\"_wpcf7_version\" value=\"6.1.5\" \/><input type=\"hidden\" name=\"_wpcf7_locale\" value=\"eu\" \/><input type=\"hidden\" name=\"_wpcf7_unit_tag\" value=\"wpcf7-f21704-o1\" \/><input type=\"hidden\" name=\"_wpcf7_container_post\" value=\"0\" \/><input type=\"hidden\" name=\"_wpcf7_posted_data_hash\" value=\"\" \/><input type=\"hidden\" name=\"_wpcf7_recaptcha_response\" value=\"\" \/>\n<\/fieldset>\n<p><label> Izena<br \/>\n<span class=\"wpcf7-form-control-wrap\" data-name=\"your-name\"><input size=\"40\" maxlength=\"400\" class=\"wpcf7-form-control wpcf7-text wpcf7-validates-as-required\" autocomplete=\"name\" aria-required=\"true\" aria-invalid=\"false\" value=\"\" type=\"text\" name=\"your-name\" \/><\/span> <\/label>\n<\/p>\n<p><label> Helbide elektronikoa<br \/>\n<span class=\"wpcf7-form-control-wrap\" data-name=\"your-email\"><input size=\"40\" maxlength=\"400\" class=\"wpcf7-form-control wpcf7-email wpcf7-validates-as-required wpcf7-text wpcf7-validates-as-email\" autocomplete=\"email\" aria-required=\"true\" aria-invalid=\"false\" value=\"\" type=\"email\" name=\"your-email\" \/><\/span> <\/label>\n<\/p>\n<p><label> Zure mezua<br \/>\n<span class=\"wpcf7-form-control-wrap\" data-name=\"your-message\"><textarea cols=\"40\" rows=\"10\" maxlength=\"2000\" class=\"wpcf7-form-control wpcf7-textarea\" aria-invalid=\"false\" name=\"your-message\"><\/textarea><\/span> <\/label>\n<\/p>\n<p><input class=\"wpcf7-form-control wpcf7-submit has-spinner\" type=\"submit\" value=\"Bidali\" \/>\n<\/p>\n<p style=\"font-size:11px; font-style:italic; line-height: 16px;\">Los datos personales facilitados ser\u00e1n tratados por el Obispado de la Di\u00f3cesis de San Sebasti\u00e1n, como responsable del tratamiento, para atender las consultas o solicitudes recibidas y mantener la comunicaci\u00f3n con las personas interesadas. Puede ejercer los derechos relativos al tratamiento de sus datos personales en la direcci\u00f3n electr\u00f3nica <a href=\"mailto:dpd@elizagipuzkoa.org\">dpd@elizagipuzkoa.org<\/a>, y obtener informaci\u00f3n adicional sobre dicho tratamiento en el portal de privacidad de nuestro sitio web <a href=\"https:\/\/elizagipuzkoa.org\">www.elizagipuzkoa.org<\/a>.\n<\/p><div class=\"wpcf7-response-output\" aria-hidden=\"true\"><\/div>\n<\/form>\n<\/div>\n[\/vc_column_text][\/vc_column_inner][vc_column_inner width=&#8221;5\/12&#8243; css=&#8221;.vc_custom_1548167433041{padding-top: 15px !important;padding-left: 30px !important;}&#8221;][vc_column_text css=&#8221;&#8221; el_class=&#8221;zidex-contact-address&#8221;]<\/p>\n<h4 style=\"font-weight: bold; line-height: 28px; color: #151515;\">Helbidea:<\/h4>\n<p style=\"margin-bottom: 30px;\">Heriz Pasealekua, 82 (Seminarioa)<br \/>\n20008 Donostia<\/p>\n<h4 style=\"font-weight: bold; line-height: 28px; color: #151515;\">E-mail:<\/h4>\n<p style=\"margin-bottom: 30px;\"><a href=\"mailto:support@example.com\" target=\"_top\" rel=\"noopener noreferrer\">info@elizagipuzkoa.org<\/a><\/p>\n<h4 style=\"font-weight: bold; line-height: 28px; color: #151515;\">Telefonoa:<\/h4>\n<p style=\"margin-bottom: 30px;\">943 285 000<\/p>\n<p>[\/vc_column_text][\/vc_column_inner][\/vc_row_inner][\/vc_column][\/vc_row][vc_row full_width=&#8221;stretch_row_content_no_spaces&#8221; css=&#8221;.vc_custom_1543420107341{margin-bottom: 0px !important;padding-top: 0px !important;}&#8221;][vc_column css=&#8221;.vc_custom_1543419859271{padding-top: 0px !important;}&#8221;][vc_gmaps link=&#8221;#E-8_JTNDaWZyYW1lJTIwc3JjJTNEJTIyaHR0cHMlM0ElMkYlMkZ3d3cuZ29vZ2xlLmNvbSUyRm1hcHMlMkZlbWJlZCUzRnBiJTNEJTIxMW0xOCUyMTFtMTIlMjExbTMlMjExZDI5MDMuMTk5OTAyMzc2NTE4JTIxMmQtMi4wMDUyODk3MjQxMzg4Njg3JTIxM2Q0My4zMTAwNzQ1NzQ1NTYyJTIxMm0zJTIxMWYwJTIxMmYwJTIxM2YwJTIxM20yJTIxMWkxMDI0JTIxMmk3NjglMjE0ZjEzLjElMjEzbTMlMjExbTIlMjExczB4ZDUxYTU0ZGVmYzdmNjg1JTI1M0EweGU0MDgxNjIzYzQ1ZWFlYjYlMjEyc09iaXNwYWRvJTI1MjBkZSUyNTIwU2FuJTI1MjBTZWJhc3RpJTI1QzMlMjVBMW4lMjUyMC0lMjUyMERvbm9zdGlha28lMjUyMEdvdHphaW5kZWdpYSUyMTVlMCUyMTNtMiUyMTFzZXMtNDE5JTIxMnNlcyUyMTR2MTcwMjQ1OTg1MDQwMCUyMTVtMiUyMTFzZXMtNDE5JTIxMnNlcyUyMiUyMHdpZHRoJTNEJTIyNjAwJTIyJTIwaGVpZ2h0JTNEJTIyNjUwJTIyJTIwZnJhbWVib3JkZXIlM0QlMjIwJTIyJTIwc3R5bGUlM0QlMjJib3JkZXIlM0EwJTIyJTIwYWxsb3dmdWxsc2NyZWVuJTNFJTNDJTJGaWZyYW1lJTNF&#8221; css=&#8221;.vc_custom_1702459946629{margin-bottom: 0px !important;}&#8221;][\/vc_column][\/vc_row]<\/p>\n<\/div>","protected":false},"excerpt":{"rendered":"<p>[vc_row full_width=&#8221;stretch_row&#8221; css=&#8221;.vc_custom_1554117157796{margin-top: 0px !important;margin-bottom: 0px !important;padding-top: 100px !important;padding-bottom: 60px !important;background-color: #fafafa !important;}&#8221; el_class=&#8221;vatican-contact-page-contact&#8221;][vc_column css=&#8221;.vc_custom_1543482862966{padding-top: 0px !important;padding-right: 0px !important;padding-bottom: 0px !important;padding-left: 0px !important;}&#8221;][vc_row_inner css=&#8221;.vc_custom_1554117355577{margin-bottom: 65px [&#8230;]<\/p>\n","protected":false},"author":1,"featured_media":21197,"parent":0,"menu_order":0,"comment_status":"closed","ping_status":"closed","template":"","meta":{"_price":"","_stock":"","_tribe_ticket_header":"","_tribe_default_ticket_provider":"","_tribe_ticket_capacity":"0","_ticket_start_date":"","_ticket_end_date":"","_tribe_ticket_show_description":"","_tribe_ticket_show_not_going":false,"_tribe_ticket_use_global_stock":"","_tribe_ticket_global_stock_level":"","_global_stock_mode":"","_global_stock_cap":"","_tribe_rsvp_for_event":"","_tribe_ticket_going_count":"","_tribe_ticket_not_going_count":"","_tribe_tickets_list":"[]","_tribe_ticket_has_attendee_info_fields":false,"footnotes":""},"class_list":["post-21697","page","type-page","status-publish","has-post-thumbnail","hentry"],"yoast_head":"<!-- This site is optimized with the Yoast SEO plugin v26.9 - https:\/\/yoast.com\/product\/yoast-seo-wordpress\/ -->\n<title>Kontaktua - Di\u00f3cesis de San Sebasti\u00e1n<\/title>\n<meta name=\"robots\" content=\"index, follow, max-snippet:-1, max-image-preview:large, max-video-preview:-1\" \/>\n<link rel=\"canonical\" href=\"https:\/\/elizagipuzkoa.org\/eu\/kontaktua\/\" \/>\n<meta property=\"og:locale\" content=\"en_US\" \/>\n<meta property=\"og:type\" content=\"article\" \/>\n<meta property=\"og:title\" content=\"Kontaktua - Di\u00f3cesis de San Sebasti\u00e1n\" \/>\n<meta property=\"og:description\" content=\"[vc_row full_width=&#8221;stretch_row&#8221; css=&#8221;.vc_custom_1554117157796{margin-top: 0px !important;margin-bottom: 0px !important;padding-top: 100px !important;padding-bottom: 60px !important;background-color: #fafafa !important;}&#8221; el_class=&#8221;vatican-contact-page-contact&#8221;][vc_column css=&#8221;.vc_custom_1543482862966{padding-top: 0px !important;padding-right: 0px !important;padding-bottom: 0px !important;padding-left: 0px !important;}&#8221;][vc_row_inner css=&#8221;.vc_custom_1554117355577{margin-bottom: 65px [...]\" \/>\n<meta property=\"og:url\" content=\"https:\/\/elizagipuzkoa.org\/eu\/kontaktua\/\" \/>\n<meta property=\"og:site_name\" content=\"Di\u00f3cesis de San Sebasti\u00e1n\" \/>\n<meta property=\"article:publisher\" content=\"https:\/\/www.facebook.com\/p\/Donostiako-ElizbarrutiaDicesis-de-San-Sebastin-100064874702840\/\" \/>\n<meta property=\"article:modified_time\" content=\"2024-11-21T07:14:34+00:00\" \/>\n<meta property=\"og:image\" content=\"https:\/\/elizagipuzkoa.org\/wp-content\/uploads\/2019\/04\/church_icon.png\" \/>\n\t<meta property=\"og:image:width\" content=\"1000\" \/>\n\t<meta property=\"og:image:height\" content=\"1048\" \/>\n\t<meta property=\"og:image:type\" content=\"image\/png\" \/>\n<meta name=\"twitter:card\" content=\"summary_large_image\" \/>\n<meta name=\"twitter:site\" content=\"@diocesis_ss\" \/>\n<meta name=\"twitter:label1\" content=\"Est. reading time\" \/>\n\t<meta name=\"twitter:data1\" content=\"1 minutua\" \/>\n<script type=\"application\/ld+json\" class=\"yoast-schema-graph\">{\"@context\":\"https:\/\/schema.org\",\"@graph\":[{\"@type\":\"WebPage\",\"@id\":\"https:\/\/elizagipuzkoa.org\/eu\/kontaktua\/\",\"url\":\"https:\/\/elizagipuzkoa.org\/eu\/kontaktua\/\",\"name\":\"Kontaktua - Di\u00f3cesis de San Sebasti\u00e1n\",\"isPartOf\":{\"@id\":\"https:\/\/elizagipuzkoa.org\/eu\/#website\"},\"primaryImageOfPage\":{\"@id\":\"https:\/\/elizagipuzkoa.org\/eu\/kontaktua\/#primaryimage\"},\"image\":{\"@id\":\"https:\/\/elizagipuzkoa.org\/eu\/kontaktua\/#primaryimage\"},\"thumbnailUrl\":\"https:\/\/elizagipuzkoa.org\/wp-content\/uploads\/2019\/04\/church_icon.png\",\"datePublished\":\"2018-11-28T09:53:11+00:00\",\"dateModified\":\"2024-11-21T07:14:34+00:00\",\"breadcrumb\":{\"@id\":\"https:\/\/elizagipuzkoa.org\/eu\/kontaktua\/#breadcrumb\"},\"inLanguage\":\"eu\",\"potentialAction\":[{\"@type\":\"ReadAction\",\"target\":[\"https:\/\/elizagipuzkoa.org\/eu\/kontaktua\/\"]}]},{\"@type\":\"ImageObject\",\"inLanguage\":\"eu\",\"@id\":\"https:\/\/elizagipuzkoa.org\/eu\/kontaktua\/#primaryimage\",\"url\":\"https:\/\/elizagipuzkoa.org\/wp-content\/uploads\/2019\/04\/church_icon.png\",\"contentUrl\":\"https:\/\/elizagipuzkoa.org\/wp-content\/uploads\/2019\/04\/church_icon.png\",\"width\":1000,\"height\":1048},{\"@type\":\"BreadcrumbList\",\"@id\":\"https:\/\/elizagipuzkoa.org\/eu\/kontaktua\/#breadcrumb\",\"itemListElement\":[{\"@type\":\"ListItem\",\"position\":1,\"name\":\"Inicio\",\"item\":\"https:\/\/elizagipuzkoa.org\/eu\/\"},{\"@type\":\"ListItem\",\"position\":2,\"name\":\"Kontaktua\"}]},{\"@type\":\"WebSite\",\"@id\":\"https:\/\/elizagipuzkoa.org\/eu\/#website\",\"url\":\"https:\/\/elizagipuzkoa.org\/eu\/\",\"name\":\"Di\u00f3cesis de San Sebasti\u00e1n\",\"description\":\"\",\"publisher\":{\"@id\":\"https:\/\/elizagipuzkoa.org\/eu\/#organization\"},\"potentialAction\":[{\"@type\":\"SearchAction\",\"target\":{\"@type\":\"EntryPoint\",\"urlTemplate\":\"https:\/\/elizagipuzkoa.org\/eu\/?s={search_term_string}\"},\"query-input\":{\"@type\":\"PropertyValueSpecification\",\"valueRequired\":true,\"valueName\":\"search_term_string\"}}],\"inLanguage\":\"eu\"},{\"@type\":\"Organization\",\"@id\":\"https:\/\/elizagipuzkoa.org\/eu\/#organization\",\"name\":\"Di\u00f3cesis de San Sebasti\u00e1n\",\"url\":\"https:\/\/elizagipuzkoa.org\/eu\/\",\"logo\":{\"@type\":\"ImageObject\",\"inLanguage\":\"eu\",\"@id\":\"https:\/\/elizagipuzkoa.org\/eu\/#\/schema\/logo\/image\/\",\"url\":\"https:\/\/elizagipuzkoa.org\/wp-content\/uploads\/2024\/02\/logo_transparente_250.png\",\"contentUrl\":\"https:\/\/elizagipuzkoa.org\/wp-content\/uploads\/2024\/02\/logo_transparente_250.png\",\"width\":250,\"height\":124,\"caption\":\"Di\u00f3cesis de San Sebasti\u00e1n\"},\"image\":{\"@id\":\"https:\/\/elizagipuzkoa.org\/eu\/#\/schema\/logo\/image\/\"},\"sameAs\":[\"https:\/\/www.facebook.com\/p\/Donostiako-ElizbarrutiaDicesis-de-San-Sebastin-100064874702840\/\",\"https:\/\/x.com\/diocesis_ss\",\"https:\/\/www.instagram.com\/diocesis_ss\/?hl=es\",\"https:\/\/www.youtube.com\/@DiocesisdeSanSebastian\",\"https:\/\/www.flickr.com\/photos\/133958253@N05\/albums\/\"]}]}<\/script>\n<!-- \/ Yoast SEO plugin. -->","yoast_head_json":{"title":"Kontaktua - Di\u00f3cesis de San Sebasti\u00e1n","robots":{"index":"index","follow":"follow","max-snippet":"max-snippet:-1","max-image-preview":"max-image-preview:large","max-video-preview":"max-video-preview:-1"},"canonical":"https:\/\/elizagipuzkoa.org\/eu\/kontaktua\/","og_locale":"en_US","og_type":"article","og_title":"Kontaktua - Di\u00f3cesis de San Sebasti\u00e1n","og_description":"[vc_row full_width=&#8221;stretch_row&#8221; css=&#8221;.vc_custom_1554117157796{margin-top: 0px !important;margin-bottom: 0px !important;padding-top: 100px !important;padding-bottom: 60px !important;background-color: #fafafa !important;}&#8221; el_class=&#8221;vatican-contact-page-contact&#8221;][vc_column css=&#8221;.vc_custom_1543482862966{padding-top: 0px !important;padding-right: 0px !important;padding-bottom: 0px !important;padding-left: 0px !important;}&#8221;][vc_row_inner css=&#8221;.vc_custom_1554117355577{margin-bottom: 65px [...]","og_url":"https:\/\/elizagipuzkoa.org\/eu\/kontaktua\/","og_site_name":"Di\u00f3cesis de San Sebasti\u00e1n","article_publisher":"https:\/\/www.facebook.com\/p\/Donostiako-ElizbarrutiaDicesis-de-San-Sebastin-100064874702840\/","article_modified_time":"2024-11-21T07:14:34+00:00","og_image":[{"width":1000,"height":1048,"url":"https:\/\/elizagipuzkoa.org\/wp-content\/uploads\/2019\/04\/church_icon.png","type":"image\/png"}],"twitter_card":"summary_large_image","twitter_site":"@diocesis_ss","twitter_misc":{"Est. reading time":"1 minutua"},"schema":{"@context":"https:\/\/schema.org","@graph":[{"@type":"WebPage","@id":"https:\/\/elizagipuzkoa.org\/eu\/kontaktua\/","url":"https:\/\/elizagipuzkoa.org\/eu\/kontaktua\/","name":"Kontaktua - Di\u00f3cesis de San Sebasti\u00e1n","isPartOf":{"@id":"https:\/\/elizagipuzkoa.org\/eu\/#website"},"primaryImageOfPage":{"@id":"https:\/\/elizagipuzkoa.org\/eu\/kontaktua\/#primaryimage"},"image":{"@id":"https:\/\/elizagipuzkoa.org\/eu\/kontaktua\/#primaryimage"},"thumbnailUrl":"https:\/\/elizagipuzkoa.org\/wp-content\/uploads\/2019\/04\/church_icon.png","datePublished":"2018-11-28T09:53:11+00:00","dateModified":"2024-11-21T07:14:34+00:00","breadcrumb":{"@id":"https:\/\/elizagipuzkoa.org\/eu\/kontaktua\/#breadcrumb"},"inLanguage":"eu","potentialAction":[{"@type":"ReadAction","target":["https:\/\/elizagipuzkoa.org\/eu\/kontaktua\/"]}]},{"@type":"ImageObject","inLanguage":"eu","@id":"https:\/\/elizagipuzkoa.org\/eu\/kontaktua\/#primaryimage","url":"https:\/\/elizagipuzkoa.org\/wp-content\/uploads\/2019\/04\/church_icon.png","contentUrl":"https:\/\/elizagipuzkoa.org\/wp-content\/uploads\/2019\/04\/church_icon.png","width":1000,"height":1048},{"@type":"BreadcrumbList","@id":"https:\/\/elizagipuzkoa.org\/eu\/kontaktua\/#breadcrumb","itemListElement":[{"@type":"ListItem","position":1,"name":"Inicio","item":"https:\/\/elizagipuzkoa.org\/eu\/"},{"@type":"ListItem","position":2,"name":"Kontaktua"}]},{"@type":"WebSite","@id":"https:\/\/elizagipuzkoa.org\/eu\/#website","url":"https:\/\/elizagipuzkoa.org\/eu\/","name":"Di\u00f3cesis de San Sebasti\u00e1n","description":"","publisher":{"@id":"https:\/\/elizagipuzkoa.org\/eu\/#organization"},"potentialAction":[{"@type":"SearchAction","target":{"@type":"EntryPoint","urlTemplate":"https:\/\/elizagipuzkoa.org\/eu\/?s={search_term_string}"},"query-input":{"@type":"PropertyValueSpecification","valueRequired":true,"valueName":"search_term_string"}}],"inLanguage":"eu"},{"@type":"Organization","@id":"https:\/\/elizagipuzkoa.org\/eu\/#organization","name":"Di\u00f3cesis de San Sebasti\u00e1n","url":"https:\/\/elizagipuzkoa.org\/eu\/","logo":{"@type":"ImageObject","inLanguage":"eu","@id":"https:\/\/elizagipuzkoa.org\/eu\/#\/schema\/logo\/image\/","url":"https:\/\/elizagipuzkoa.org\/wp-content\/uploads\/2024\/02\/logo_transparente_250.png","contentUrl":"https:\/\/elizagipuzkoa.org\/wp-content\/uploads\/2024\/02\/logo_transparente_250.png","width":250,"height":124,"caption":"Di\u00f3cesis de San Sebasti\u00e1n"},"image":{"@id":"https:\/\/elizagipuzkoa.org\/eu\/#\/schema\/logo\/image\/"},"sameAs":["https:\/\/www.facebook.com\/p\/Donostiako-ElizbarrutiaDicesis-de-San-Sebastin-100064874702840\/","https:\/\/x.com\/diocesis_ss","https:\/\/www.instagram.com\/diocesis_ss\/?hl=es","https:\/\/www.youtube.com\/@DiocesisdeSanSebastian","https:\/\/www.flickr.com\/photos\/133958253@N05\/albums\/"]}]}},"ticketed":false,"_links":{"self":[{"href":"https:\/\/elizagipuzkoa.org\/eu\/wp-json\/wp\/v2\/pages\/21697","targetHints":{"allow":["GET"]}}],"collection":[{"href":"https:\/\/elizagipuzkoa.org\/eu\/wp-json\/wp\/v2\/pages"}],"about":[{"href":"https:\/\/elizagipuzkoa.org\/eu\/wp-json\/wp\/v2\/types\/page"}],"author":[{"embeddable":true,"href":"https:\/\/elizagipuzkoa.org\/eu\/wp-json\/wp\/v2\/users\/1"}],"replies":[{"embeddable":true,"href":"https:\/\/elizagipuzkoa.org\/eu\/wp-json\/wp\/v2\/comments?post=21697"}],"version-history":[{"count":5,"href":"https:\/\/elizagipuzkoa.org\/eu\/wp-json\/wp\/v2\/pages\/21697\/revisions"}],"predecessor-version":[{"id":35327,"href":"https:\/\/elizagipuzkoa.org\/eu\/wp-json\/wp\/v2\/pages\/21697\/revisions\/35327"}],"wp:featuredmedia":[{"embeddable":true,"href":"https:\/\/elizagipuzkoa.org\/eu\/wp-json\/wp\/v2\/media\/21197"}],"wp:attachment":[{"href":"https:\/\/elizagipuzkoa.org\/eu\/wp-json\/wp\/v2\/media?parent=21697"}],"curies":[{"name":"wp","href":"https:\/\/api.w.org\/{rel}","templated":true}]}}