{"id":21756,"date":"2023-12-19T08:52:54","date_gmt":"2023-12-19T07:52:54","guid":{"rendered":"https:\/\/elizagipuzkoa.org\/?page_id=21756"},"modified":"2025-03-05T08:57:07","modified_gmt":"2025-03-05T07:57:07","slug":"pribatutasun-ataria","status":"publish","type":"page","link":"https:\/\/elizagipuzkoa.org\/eu\/pribatutasun-ataria\/","title":{"rendered":"Pribatutasun ataria"},"content":{"rendered":"<div class=\"wpb-content-wrapper\"><p>[vc_row css=&#8221;.vc_custom_1708673530202{margin-top: 40px !important;margin-bottom: 20px !important;}&#8221;][vc_column][vc_column_text css=&#8221;&#8221;]2016\/679(EB) Erregelamendua (Datuen Babeserako Erregelamendu Orokorra edo RGPD izenaz ezagutzen dena) eta Datu Pertsonalak Babesteko eta Eskubide Digitalak Bermatzeko 3\/2018 Lege Organikoa betez, <strong>Donostiako Elizbarrutiko Gotzaindegiak<\/strong> bere zerbitzu eta jardueren bidez harremanak dituzten pertsonei buruz egiten dituen datu pertsonalen tratamenduaren berri ematen dio; izan ere, tratamenduaren arduradun gisa, interesdunei informazioa ematearen ardura izango da, bai eta informazio pertsonalaren kudeaketari buruzko inguruabarrei buruzko informazioa ematea ere, eta horien irakurketaren erantzukizuna, haien datu pertsonalen tratamendua baimentzeko eta, hala dagokionean, baimena emateko.<\/p>\n<p>Asmo horrekin, jarraian, <strong>Donostiako Elizbarrutiko Gotzaindegiak<\/strong> egiten dituen informazio pertsonaleko tratamenduetan datuak babesteko informazio-politikari buruzko informazioa ematen dizugu, organizazioaren bikaritza edo pastoral arloen arabera bilduta.[\/vc_column_text][\/vc_column][\/vc_row][vc_row][vc_column width=&#8221;1\/3&#8243;][vc_message css=&#8221;&#8221;]EBANJELIZATZEKO GOTZAIN BIKARIOTZARI BURUZKOAK[\/vc_message][wdo_ult_ordered_list]<\/p>\n<ul>\n<li><a href=\"https:\/\/elizagipuzkoa.org\/portal-privacidad\/politica-informativa-actividades-evangelizacion-y-difusion-fe-cristiana\/\">Kristau fedea ebanjelizatzeko eta zabaltzeko jarduerak<\/a><\/li>\n<li><a href=\"https:\/\/elizagipuzkoa.org\/portal-privacidad\/politica-servicio-diocesano-centro-de-orientacion-familiar-cofae\/\">Familientzako Aholku Etxea-FAE- Elizbarrutiko Zerbitzua<\/a><\/li>\n<li><a href=\"https:\/\/elizagipuzkoa.org\/portal-privacidad\/politica-educacion-confesional\/\">Hezkuntza konfesionala<\/a><\/li>\n<\/ul>\n<p>[\/wdo_ult_ordered_list][\/vc_column][vc_column width=&#8221;1\/3&#8243;][vc_message css=&#8221;&#8221;]BIKARIOTZA OROKORRARI BURUZKOAK[\/vc_message][wdo_ult_ordered_list]<\/p>\n<ul>\n<li><a href=\"https:\/\/elizagipuzkoa.org\/portal-privacidad\/politica-atencion-al-clero\/\">Kleroaren arreta<\/a><\/li>\n<li><a href=\"https:\/\/elizagipuzkoa.org\/portal-privacidad\/politica-seminario-mayor-diocesano\/\">Elizbarrutiko Seminario Nagusia<\/a><\/li>\n<li><a href=\"https:\/\/elizagipuzkoa.org\/portal-privacidad\/politica-libreria-diocesana-idatz\/\">\u201cIdatz\u201d Elizbarrutiko liburu-denda<\/a><\/li>\n<li><a href=\"https:\/\/elizagipuzkoa.org\/portal-privacidad\/politica-boletin-oficial\/\">Aldizkari Ofiziala<\/a><\/li>\n<li><a href=\"https:\/\/elizagipuzkoa.org\/portal-privacidad\/politica-notaria\/\">Notaritza<\/a><\/li>\n<li><a href=\"https:\/\/elizagipuzkoa.org\/portal-privacidad\/politica-instituto-superior-ciencias-religiosas-pio-xii\/\">Pio XII.a Erlijio Zientzien Goi Institutua<\/a><\/li>\n<\/ul>\n<p>[\/wdo_ult_ordered_list][\/vc_column][vc_column width=&#8221;1\/3&#8243;][vc_message css=&#8221;&#8221;]EKONOMIA ETA ADMINISTRAZIOARI BURUZKOAK[\/vc_message][wdo_ult_ordered_list]<\/p>\n<ul>\n<li><a href=\"https:\/\/elizagipuzkoa.org\/portal-privacidad\/politica-proveedoras\/\">Hornitzaileak<\/a><\/li>\n<li><a href=\"https:\/\/elizagipuzkoa.org\/portal-privacidad\/politica-obras-patrimonio\/\">Ondareari buruzko obren kudeaketa<\/a><\/li>\n<li><a href=\"https:\/\/elizagipuzkoa.org\/portal-privacidad\/politica-donaciones-legados\/\">Dohaintzak eta legatuak<\/a><\/li>\n<li><a href=\"https:\/\/elizagipuzkoa.org\/portal-privacidad\/politica-columbario\/\">Kolunbarioa<\/a><\/li>\n<\/ul>\n<p>[\/wdo_ult_ordered_list][\/vc_column][\/vc_row][vc_row][vc_column width=&#8221;1\/3&#8243;][vc_message css=&#8221;&#8221;]GIZARTE PASTORALTZAKO ETA MISIOETAKO GOTZAIN BIKARIOTZARI ETA MISIOEI BURUZKOAK[\/vc_message][wdo_ult_ordered_list]<\/p>\n<ul>\n<li><a href=\"https:\/\/elizagipuzkoa.org\/portal-privacidad\/politica-pastoral-penitenciaria\/\">Espetxeratuekiko Pastoraltza<\/a><\/li>\n<li><a href=\"https:\/\/elizagipuzkoa.org\/portal-privacidad\/politica-pastoral-salud\/\">Osasun Pastoraltza<\/a><\/li>\n<li><a href=\"https:\/\/elizagipuzkoa.org\/portal-privacidad\/politica-vicaria-judicial\/\">Bikariotza Judiziala<\/a><\/li>\n<li><a href=\"https:\/\/elizagipuzkoa.org\/portal-privacidad\/politica-misiones\/\">Misioak<\/a><\/li>\n<\/ul>\n<p>[\/wdo_ult_ordered_list][\/vc_column][vc_column width=&#8221;1\/3&#8243;][vc_message css=&#8221;&#8221;]PERTSONEN ARRETARI BURUZKOAK[\/vc_message][wdo_ult_ordered_list]<\/p>\n<ul>\n<li><a href=\"https:\/\/elizagipuzkoa.org\/portal-privacidad\/politica-peregrinaciones\/\">Erromesaldiak<\/a><\/li>\n<li><a href=\"https:\/\/elizagipuzkoa.org\/portal-privacidad\/politica-atencion-personas\/\">Pertsonentzako arreta<\/a><\/li>\n<\/ul>\n<p>[\/wdo_ult_ordered_list][\/vc_column][vc_column width=&#8221;1\/3&#8243;][vc_message css=&#8221;&#8221;]KOMUNIKAZIOARI BURUZKOAK[\/vc_message][wdo_ult_ordered_list]<\/p>\n<ul>\n<li><a href=\"https:\/\/elizagipuzkoa.org\/portal-privacidad\/politica-divulgacion-actos-religiosos\/\">Erlijio-ekitaldien zabalkundea<\/a><\/li>\n<li><a href=\"https:\/\/elizagipuzkoa.org\/portal-privacidad\/politica-comunicacion\/\">Komunikazioa<\/a><\/li>\n<li><a href=\"https:\/\/elizagipuzkoa.org\/portal-privacidad\/politica-boletin-digital\/\">Buletin Digitala<\/a><\/li>\n<li><a href=\"https:\/\/elizagipuzkoa.org\/portal-privacidad\/politica-eventos\/\">Ekitaldiak<\/a><\/li>\n<li><a href=\"https:\/\/elizagipuzkoa.org\/portal-privacidad\/politica-contacto\/\">Kontaktua<\/a><\/li>\n<li><a href=\"https:\/\/elizagipuzkoa.org\/portal-privacidad\/politica-informativa-en-materia-de-datos-personales-whatsapp\/\">Whatsapp<\/a><\/li>\n<\/ul>\n<p>[\/wdo_ult_ordered_list][\/vc_column][\/vc_row][vc_row][vc_column width=&#8221;1\/3&#8243;][vc_message css=&#8221;&#8221;]ELIZBARRUTIKO LITURGIA ETA ESPIRITUALTASUN ZERBITZUARI BURUZKOAK[\/vc_message][wdo_ult_ordered_list]<\/p>\n<ul>\n<li><a href=\"https:\/\/elizagipuzkoa.org\/portal-privacidad\/politica-lectura-biblia\/\">Bibliaren irakurketa fededuna<\/a><\/li>\n<li><a href=\"https:\/\/elizagipuzkoa.org\/portal-privacidad\/politica-adoracion-perpetua\/\">Etengabeko gurtza<\/a><\/li>\n<\/ul>\n<p>[\/wdo_ult_ordered_list][\/vc_column][vc_column width=&#8221;1\/3&#8243;][vc_message css=&#8221;&#8221;]ARTXIBOARI ETA LIBURUTEGIARI BURUZKOAK[\/vc_message][wdo_ult_ordered_list]<\/p>\n<ul>\n<li><a href=\"https:\/\/elizagipuzkoa.org\/portal-privacidad\/politica-contacto-archivo\/\">Kontaktua<\/a><\/li>\n<li><a href=\"https:\/\/elizagipuzkoa.org\/portal-privacidad\/politica-servicios-archivo\/\">Kontsulta zerbitzua, dokumentu-mailegua eta erreprografia zerbitzua<\/a><\/li>\n<li><a href=\"https:\/\/elizagipuzkoa.org\/portal-privacidad\/politica-trabajos-investigacion\/\">Ikerketa-lanak<\/a><\/li>\n<li><a href=\"https:\/\/elizagipuzkoa.org\/portal-privacidad\/politica-visitas\/\">Bisitak<\/a><\/li>\n<li><a href=\"https:\/\/elizagipuzkoa.org\/portal-privacidad\/politica-videovigilancia-archivo-biblioteca\/\">Artxibo eta Liburutegiaren bideozaintza<\/a><\/li>\n<\/ul>\n<p>[\/wdo_ult_ordered_list][\/vc_column][vc_column width=&#8221;1\/3&#8243;][vc_message css=&#8221;&#8221;]<a href=\"https:\/\/elizagipuzkoa.org\/portal-privacidad\/politica-informativa-en-materia-de-datos-personales-personas-voluntarias-y-colaboradoras\/\">BOLUNTARIOEN ETA LAGUNTZAILEEN TRATAMENDUARI BURUZKOAK<\/a>[\/vc_message][\/vc_column][\/vc_row][vc_row][vc_column width=&#8221;1\/3&#8243;][vc_message css=&#8221;&#8221;]<a href=\"https:\/\/elizagipuzkoa.org\/portal-privacidad\/politica-seleccion-personal\/\">LANGILEAK HAUTATZEKO TRATAMENDUARI BURUZKOAK<\/a>[\/vc_message][\/vc_column][vc_column width=&#8221;1\/3&#8243;][vc_message css=&#8221;&#8221;]<a href=\"https:\/\/elizagipuzkoa.org\/portal-privacidad\/politica-brechas-seguridad\/\">SEGURTASUN-ARRAKALEN TRATAMENDUARI BURUZKOAK<\/a>[\/vc_message][\/vc_column][vc_column width=&#8221;1\/3&#8243;][vc_message css=&#8221;&#8221;]<a href=\"https:\/\/elizagipuzkoa.org\/portal-privacidad\/politica-videovigilancia\/\">BIDEOZAINTZA TRATAMENDUARI BURUZKOAK<\/a>[\/vc_message][\/vc_column][\/vc_row][vc_row][vc_column width=&#8221;1\/3&#8243;][vc_message css=&#8221;&#8221;]<a href=\"https:\/\/elizagipuzkoa.org\/eu\/pribatutasun-ataria\/politica-informativa-en-materia-de-datos-personales-canal-de-denuncias\/\">SALAKETEN KANALAREN TRATAMENDUARI BURUZKOAK<\/a>[\/vc_message][\/vc_column][vc_column width=&#8221;1\/3&#8243;][\/vc_column][vc_column width=&#8221;1\/3&#8243;][\/vc_column][\/vc_row][vc_row disable_element=&#8221;yes&#8221;][vc_column width=&#8221;1\/3&#8243;][vc_message]<a href=\"https:\/\/elizagipuzkoa.org\/portal-privacidad\/politica-tratamiento-sus-datos-personales\/\">RELATIVAS AL TRATAMIENTO DE EJERCICIO DE DERECHOS RELATIVOS AL TRATAMIENTO DE SUS DATOS PERSONALES<\/a>[\/vc_message][wdo_ult_ordered_list]<\/p>\n<ul>\n<li>Formulario de ejercicio de derechos relativos al tratamiento de datos personales<\/li>\n<\/ul>\n<p>[\/wdo_ult_ordered_list][\/vc_column][vc_column width=&#8221;1\/3&#8243;][\/vc_column][vc_column width=&#8221;1\/3&#8243;][\/vc_column][\/vc_row]<\/p>\n<\/div>","protected":false},"excerpt":{"rendered":"<p>[vc_row css=&#8221;.vc_custom_1708673530202{margin-top: 40px !important;margin-bottom: 20px !important;}&#8221;][vc_column][vc_column_text css=&#8221;&#8221;]2016\/679(EB) Erregelamendua (Datuen Babeserako Erregelamendu Orokorra edo RGPD izenaz ezagutzen dena) eta Datu Pertsonalak Babesteko eta Eskubide Digitalak Bermatzeko [&#8230;]<\/p>\n","protected":false},"author":4,"featured_media":0,"parent":0,"menu_order":0,"comment_status":"closed","ping_status":"closed","template":"","meta":{"_price":"","_stock":"","_tribe_ticket_header":"","_tribe_default_ticket_provider":"","_tribe_ticket_capacity":"0","_ticket_start_date":"","_ticket_end_date":"","_tribe_ticket_show_description":"","_tribe_ticket_show_not_going":false,"_tribe_ticket_use_global_stock":"","_tribe_ticket_global_stock_level":"","_global_stock_mode":"","_global_stock_cap":"","_tribe_rsvp_for_event":"","_tribe_ticket_going_count":"","_tribe_ticket_not_going_count":"","_tribe_tickets_list":"[]","_tribe_ticket_has_attendee_info_fields":false,"footnotes":""},"class_list":["post-21756","page","type-page","status-publish","hentry"],"yoast_head":"<!-- This site is optimized with the Yoast SEO plugin v26.9 - https:\/\/yoast.com\/product\/yoast-seo-wordpress\/ -->\n<title>Pribatutasun ataria - Di\u00f3cesis de San Sebasti\u00e1n<\/title>\n<meta name=\"description\" content=\"En cumplimiento del Reglamento (UE) 2016\/679 (conocido como Reglamento General de Protecci\u00f3n de Datos o RGPD), y de la Ley Org\u00e1nica 3\/2018 de Protecci\u00f3n de Datos Personales y garant\u00eda de los derechos digitales, el Obispado de la Di\u00f3cesis de San Sebasti\u00e1n le informa del tratamiento de datos personales que efect\u00faa respecto de las personas con las que mantiene relaci\u00f3n a trav\u00e9s de sus servicios y actividades.\" \/>\n<meta name=\"robots\" content=\"index, follow, max-snippet:-1, max-image-preview:large, max-video-preview:-1\" \/>\n<link rel=\"canonical\" href=\"https:\/\/elizagipuzkoa.org\/eu\/pribatutasun-ataria\/\" \/>\n<meta property=\"og:locale\" content=\"en_US\" \/>\n<meta property=\"og:type\" content=\"article\" \/>\n<meta property=\"og:title\" content=\"Pribatutasun ataria - Di\u00f3cesis de San Sebasti\u00e1n\" \/>\n<meta property=\"og:description\" content=\"En cumplimiento del Reglamento (UE) 2016\/679 (conocido como Reglamento General de Protecci\u00f3n de Datos o RGPD), y de la Ley Org\u00e1nica 3\/2018 de Protecci\u00f3n de Datos Personales y garant\u00eda de los derechos digitales, el Obispado de la Di\u00f3cesis de San Sebasti\u00e1n le informa del tratamiento de datos personales que efect\u00faa respecto de las personas con las que mantiene relaci\u00f3n a trav\u00e9s de sus servicios y actividades.\" \/>\n<meta property=\"og:url\" content=\"https:\/\/elizagipuzkoa.org\/eu\/pribatutasun-ataria\/\" \/>\n<meta property=\"og:site_name\" content=\"Di\u00f3cesis de San Sebasti\u00e1n\" \/>\n<meta property=\"article:publisher\" content=\"https:\/\/www.facebook.com\/p\/Donostiako-ElizbarrutiaDicesis-de-San-Sebastin-100064874702840\/\" \/>\n<meta property=\"article:modified_time\" content=\"2025-03-05T07:57:07+00:00\" \/>\n<meta name=\"twitter:card\" content=\"summary_large_image\" \/>\n<meta name=\"twitter:site\" content=\"@diocesis_ss\" \/>\n<meta name=\"twitter:label1\" content=\"Est. reading time\" \/>\n\t<meta name=\"twitter:data1\" content=\"2 minutua\" \/>\n<script type=\"application\/ld+json\" class=\"yoast-schema-graph\">{\"@context\":\"https:\/\/schema.org\",\"@graph\":[{\"@type\":\"WebPage\",\"@id\":\"https:\/\/elizagipuzkoa.org\/eu\/pribatutasun-ataria\/\",\"url\":\"https:\/\/elizagipuzkoa.org\/eu\/pribatutasun-ataria\/\",\"name\":\"Pribatutasun ataria - Di\u00f3cesis de San Sebasti\u00e1n\",\"isPartOf\":{\"@id\":\"https:\/\/elizagipuzkoa.org\/eu\/#website\"},\"datePublished\":\"2023-12-19T07:52:54+00:00\",\"dateModified\":\"2025-03-05T07:57:07+00:00\",\"description\":\"En cumplimiento del Reglamento (UE) 2016\/679 (conocido como Reglamento General de Protecci\u00f3n de Datos o RGPD), y de la Ley Org\u00e1nica 3\/2018 de Protecci\u00f3n de Datos Personales y garant\u00eda de los derechos digitales, el Obispado de la Di\u00f3cesis de San Sebasti\u00e1n le informa del tratamiento de datos personales que efect\u00faa respecto de las personas con las que mantiene relaci\u00f3n a trav\u00e9s de sus servicios y actividades.\",\"breadcrumb\":{\"@id\":\"https:\/\/elizagipuzkoa.org\/eu\/pribatutasun-ataria\/#breadcrumb\"},\"inLanguage\":\"eu\",\"potentialAction\":[{\"@type\":\"ReadAction\",\"target\":[\"https:\/\/elizagipuzkoa.org\/eu\/pribatutasun-ataria\/\"]}]},{\"@type\":\"BreadcrumbList\",\"@id\":\"https:\/\/elizagipuzkoa.org\/eu\/pribatutasun-ataria\/#breadcrumb\",\"itemListElement\":[{\"@type\":\"ListItem\",\"position\":1,\"name\":\"Inicio\",\"item\":\"https:\/\/elizagipuzkoa.org\/eu\/\"},{\"@type\":\"ListItem\",\"position\":2,\"name\":\"Pribatutasun ataria\"}]},{\"@type\":\"WebSite\",\"@id\":\"https:\/\/elizagipuzkoa.org\/eu\/#website\",\"url\":\"https:\/\/elizagipuzkoa.org\/eu\/\",\"name\":\"Di\u00f3cesis de San Sebasti\u00e1n\",\"description\":\"\",\"publisher\":{\"@id\":\"https:\/\/elizagipuzkoa.org\/eu\/#organization\"},\"potentialAction\":[{\"@type\":\"SearchAction\",\"target\":{\"@type\":\"EntryPoint\",\"urlTemplate\":\"https:\/\/elizagipuzkoa.org\/eu\/?s={search_term_string}\"},\"query-input\":{\"@type\":\"PropertyValueSpecification\",\"valueRequired\":true,\"valueName\":\"search_term_string\"}}],\"inLanguage\":\"eu\"},{\"@type\":\"Organization\",\"@id\":\"https:\/\/elizagipuzkoa.org\/eu\/#organization\",\"name\":\"Di\u00f3cesis de San Sebasti\u00e1n\",\"url\":\"https:\/\/elizagipuzkoa.org\/eu\/\",\"logo\":{\"@type\":\"ImageObject\",\"inLanguage\":\"eu\",\"@id\":\"https:\/\/elizagipuzkoa.org\/eu\/#\/schema\/logo\/image\/\",\"url\":\"https:\/\/elizagipuzkoa.org\/wp-content\/uploads\/2024\/02\/logo_transparente_250.png\",\"contentUrl\":\"https:\/\/elizagipuzkoa.org\/wp-content\/uploads\/2024\/02\/logo_transparente_250.png\",\"width\":250,\"height\":124,\"caption\":\"Di\u00f3cesis de San Sebasti\u00e1n\"},\"image\":{\"@id\":\"https:\/\/elizagipuzkoa.org\/eu\/#\/schema\/logo\/image\/\"},\"sameAs\":[\"https:\/\/www.facebook.com\/p\/Donostiako-ElizbarrutiaDicesis-de-San-Sebastin-100064874702840\/\",\"https:\/\/x.com\/diocesis_ss\",\"https:\/\/www.instagram.com\/diocesis_ss\/?hl=es\",\"https:\/\/www.youtube.com\/@DiocesisdeSanSebastian\",\"https:\/\/www.flickr.com\/photos\/133958253@N05\/albums\/\"]}]}<\/script>\n<!-- \/ Yoast SEO plugin. -->","yoast_head_json":{"title":"Pribatutasun ataria - Di\u00f3cesis de San Sebasti\u00e1n","description":"En cumplimiento del Reglamento (UE) 2016\/679 (conocido como Reglamento General de Protecci\u00f3n de Datos o RGPD), y de la Ley Org\u00e1nica 3\/2018 de Protecci\u00f3n de Datos Personales y garant\u00eda de los derechos digitales, el Obispado de la Di\u00f3cesis de San Sebasti\u00e1n le informa del tratamiento de datos personales que efect\u00faa respecto de las personas con las que mantiene relaci\u00f3n a trav\u00e9s de sus servicios y actividades.","robots":{"index":"index","follow":"follow","max-snippet":"max-snippet:-1","max-image-preview":"max-image-preview:large","max-video-preview":"max-video-preview:-1"},"canonical":"https:\/\/elizagipuzkoa.org\/eu\/pribatutasun-ataria\/","og_locale":"en_US","og_type":"article","og_title":"Pribatutasun ataria - Di\u00f3cesis de San Sebasti\u00e1n","og_description":"En cumplimiento del Reglamento (UE) 2016\/679 (conocido como Reglamento General de Protecci\u00f3n de Datos o RGPD), y de la Ley Org\u00e1nica 3\/2018 de Protecci\u00f3n de Datos Personales y garant\u00eda de los derechos digitales, el Obispado de la Di\u00f3cesis de San Sebasti\u00e1n le informa del tratamiento de datos personales que efect\u00faa respecto de las personas con las que mantiene relaci\u00f3n a trav\u00e9s de sus servicios y actividades.","og_url":"https:\/\/elizagipuzkoa.org\/eu\/pribatutasun-ataria\/","og_site_name":"Di\u00f3cesis de San Sebasti\u00e1n","article_publisher":"https:\/\/www.facebook.com\/p\/Donostiako-ElizbarrutiaDicesis-de-San-Sebastin-100064874702840\/","article_modified_time":"2025-03-05T07:57:07+00:00","twitter_card":"summary_large_image","twitter_site":"@diocesis_ss","twitter_misc":{"Est. reading time":"2 minutua"},"schema":{"@context":"https:\/\/schema.org","@graph":[{"@type":"WebPage","@id":"https:\/\/elizagipuzkoa.org\/eu\/pribatutasun-ataria\/","url":"https:\/\/elizagipuzkoa.org\/eu\/pribatutasun-ataria\/","name":"Pribatutasun ataria - Di\u00f3cesis de San Sebasti\u00e1n","isPartOf":{"@id":"https:\/\/elizagipuzkoa.org\/eu\/#website"},"datePublished":"2023-12-19T07:52:54+00:00","dateModified":"2025-03-05T07:57:07+00:00","description":"En cumplimiento del Reglamento (UE) 2016\/679 (conocido como Reglamento General de Protecci\u00f3n de Datos o RGPD), y de la Ley Org\u00e1nica 3\/2018 de Protecci\u00f3n de Datos Personales y garant\u00eda de los derechos digitales, el Obispado de la Di\u00f3cesis de San Sebasti\u00e1n le informa del tratamiento de datos personales que efect\u00faa respecto de las personas con las que mantiene relaci\u00f3n a trav\u00e9s de sus servicios y actividades.","breadcrumb":{"@id":"https:\/\/elizagipuzkoa.org\/eu\/pribatutasun-ataria\/#breadcrumb"},"inLanguage":"eu","potentialAction":[{"@type":"ReadAction","target":["https:\/\/elizagipuzkoa.org\/eu\/pribatutasun-ataria\/"]}]},{"@type":"BreadcrumbList","@id":"https:\/\/elizagipuzkoa.org\/eu\/pribatutasun-ataria\/#breadcrumb","itemListElement":[{"@type":"ListItem","position":1,"name":"Inicio","item":"https:\/\/elizagipuzkoa.org\/eu\/"},{"@type":"ListItem","position":2,"name":"Pribatutasun ataria"}]},{"@type":"WebSite","@id":"https:\/\/elizagipuzkoa.org\/eu\/#website","url":"https:\/\/elizagipuzkoa.org\/eu\/","name":"Di\u00f3cesis de San Sebasti\u00e1n","description":"","publisher":{"@id":"https:\/\/elizagipuzkoa.org\/eu\/#organization"},"potentialAction":[{"@type":"SearchAction","target":{"@type":"EntryPoint","urlTemplate":"https:\/\/elizagipuzkoa.org\/eu\/?s={search_term_string}"},"query-input":{"@type":"PropertyValueSpecification","valueRequired":true,"valueName":"search_term_string"}}],"inLanguage":"eu"},{"@type":"Organization","@id":"https:\/\/elizagipuzkoa.org\/eu\/#organization","name":"Di\u00f3cesis de San Sebasti\u00e1n","url":"https:\/\/elizagipuzkoa.org\/eu\/","logo":{"@type":"ImageObject","inLanguage":"eu","@id":"https:\/\/elizagipuzkoa.org\/eu\/#\/schema\/logo\/image\/","url":"https:\/\/elizagipuzkoa.org\/wp-content\/uploads\/2024\/02\/logo_transparente_250.png","contentUrl":"https:\/\/elizagipuzkoa.org\/wp-content\/uploads\/2024\/02\/logo_transparente_250.png","width":250,"height":124,"caption":"Di\u00f3cesis de San Sebasti\u00e1n"},"image":{"@id":"https:\/\/elizagipuzkoa.org\/eu\/#\/schema\/logo\/image\/"},"sameAs":["https:\/\/www.facebook.com\/p\/Donostiako-ElizbarrutiaDicesis-de-San-Sebastin-100064874702840\/","https:\/\/x.com\/diocesis_ss","https:\/\/www.instagram.com\/diocesis_ss\/?hl=es","https:\/\/www.youtube.com\/@DiocesisdeSanSebastian","https:\/\/www.flickr.com\/photos\/133958253@N05\/albums\/"]}]}},"ticketed":false,"_links":{"self":[{"href":"https:\/\/elizagipuzkoa.org\/eu\/wp-json\/wp\/v2\/pages\/21756","targetHints":{"allow":["GET"]}}],"collection":[{"href":"https:\/\/elizagipuzkoa.org\/eu\/wp-json\/wp\/v2\/pages"}],"about":[{"href":"https:\/\/elizagipuzkoa.org\/eu\/wp-json\/wp\/v2\/types\/page"}],"author":[{"embeddable":true,"href":"https:\/\/elizagipuzkoa.org\/eu\/wp-json\/wp\/v2\/users\/4"}],"replies":[{"embeddable":true,"href":"https:\/\/elizagipuzkoa.org\/eu\/wp-json\/wp\/v2\/comments?post=21756"}],"version-history":[{"count":18,"href":"https:\/\/elizagipuzkoa.org\/eu\/wp-json\/wp\/v2\/pages\/21756\/revisions"}],"predecessor-version":[{"id":39724,"href":"https:\/\/elizagipuzkoa.org\/eu\/wp-json\/wp\/v2\/pages\/21756\/revisions\/39724"}],"wp:attachment":[{"href":"https:\/\/elizagipuzkoa.org\/eu\/wp-json\/wp\/v2\/media?parent=21756"}],"curies":[{"name":"wp","href":"https:\/\/api.w.org\/{rel}","templated":true}]}}