{"id":22402,"date":"2024-01-04T08:17:14","date_gmt":"2024-01-04T07:17:14","guid":{"rendered":"https:\/\/elizagipuzkoa.org\/elizbarrutia\/arloak-eta-ordezkaritzak\/area-de-evangelizacion\/adultos\/"},"modified":"2026-01-08T09:35:18","modified_gmt":"2026-01-08T08:35:18","slug":"helduak","status":"publish","type":"page","link":"https:\/\/elizagipuzkoa.org\/eu\/elizbarrutia\/erakundea\/ebanjelizatze-arloa\/helduak\/","title":{"rendered":"Helduen Kristau Sarbidea"},"content":{"rendered":"<div class=\"wpb-content-wrapper\"><p>[vc_row css=&#8221;.vc_custom_1707215557871{margin-top: 40px !important;margin-bottom: 30px !important;}&#8221;][vc_column][vc_custom_heading text=&#8221;Fedea lortzeko bidean, pertsona helduei laguntzen&#8221; font_container=&#8221;tag:h2|font_size:32|text_align:center&#8221; google_fonts=&#8221;font_family:Montserrat%3Aregular%2C700|font_style:700%20bold%20regular%3A700%3Anormal&#8221; css=&#8221;.vc_custom_1707215626194{margin-top: 10px !important;margin-bottom: 30px !important;}&#8221;][vc_column_text css=&#8221;&#8221;]Fedean eta kristau bizitzan hasteko, edo berriz hasteko, prozesu egokia garatzea eskaintzen zaie hala eskatzen duten pertsona helduei.<\/p>\n<p>Prozesu honek Jesukristorekiko bategite pertsonal eta komunitarioa eskaintzen du; fedean Harekiko atxikimendu pertsonala, hastapeneko sakramentuetan fedea ospatzea eta Jaungoikoaren ikasle misiolari izanik, Jainkoaren Erregealdiaren zerbitzura munduan, Elizan sartzea. Beraz, kristau hastapen edo berrasiera prozesu hau, bide espiritual eta fede eta konbertsio ibilbide baten barruan kokatzen da.<\/p>\n<p>Ibilbide hau, bi ikasturte pastoraletan banaturiko 4 etapaz osatua dago.<\/p>\n<p><img loading=\"lazy\" decoding=\"async\" class=\"wp-image-31666 aligncenter\" src=\"https:\/\/elizagipuzkoa.org\/wp-content\/uploads\/2024\/09\/ibilbideaeus-300x212.png\" alt=\"\" width=\"797\" height=\"564\" srcset=\"https:\/\/elizagipuzkoa.org\/wp-content\/uploads\/2024\/09\/ibilbideaeus-300x212.png 300w, https:\/\/elizagipuzkoa.org\/wp-content\/uploads\/2024\/09\/ibilbideaeus-1024x723.png 1024w, https:\/\/elizagipuzkoa.org\/wp-content\/uploads\/2024\/09\/ibilbideaeus-768x542.png 768w, https:\/\/elizagipuzkoa.org\/wp-content\/uploads\/2024\/09\/ibilbideaeus-640x452.png 640w\" sizes=\"auto, (max-width: 797px) 100vw, 797px\" \/><\/p>\n<h4 style=\"text-align: center;\"><strong>Eta bataioa eskatzen badut?<\/strong><\/h4>\n<p><img loading=\"lazy\" decoding=\"async\" class=\"wp-image-31656 aligncenter\" src=\"https:\/\/elizagipuzkoa.org\/wp-content\/uploads\/2024\/09\/kartela_Y-si-pido-el-bautismo-212x300.jpg\" alt=\"\" width=\"450\" height=\"637\" srcset=\"https:\/\/elizagipuzkoa.org\/wp-content\/uploads\/2024\/09\/kartela_Y-si-pido-el-bautismo-212x300.jpg 212w, https:\/\/elizagipuzkoa.org\/wp-content\/uploads\/2024\/09\/kartela_Y-si-pido-el-bautismo-724x1024.jpg 724w, https:\/\/elizagipuzkoa.org\/wp-content\/uploads\/2024\/09\/kartela_Y-si-pido-el-bautismo-768x1086.jpg 768w, https:\/\/elizagipuzkoa.org\/wp-content\/uploads\/2024\/09\/kartela_Y-si-pido-el-bautismo-1086x1536.jpg 1086w, https:\/\/elizagipuzkoa.org\/wp-content\/uploads\/2024\/09\/kartela_Y-si-pido-el-bautismo-1448x2048.jpg 1448w, https:\/\/elizagipuzkoa.org\/wp-content\/uploads\/2024\/09\/kartela_Y-si-pido-el-bautismo-300x424.jpg 300w, https:\/\/elizagipuzkoa.org\/wp-content\/uploads\/2024\/09\/kartela_Y-si-pido-el-bautismo-453x640.jpg 453w, https:\/\/elizagipuzkoa.org\/wp-content\/uploads\/2024\/09\/kartela_Y-si-pido-el-bautismo.jpg 1500w\" sizes=\"auto, (max-width: 450px) 100vw, 450px\" \/><\/p>\n<p><img loading=\"lazy\" decoding=\"async\" class=\"wp-image-31669 aligncenter\" src=\"https:\/\/elizagipuzkoa.org\/wp-content\/uploads\/2024\/09\/bautismo-300x212.png\" alt=\"\" width=\"754\" height=\"533\" srcset=\"https:\/\/elizagipuzkoa.org\/wp-content\/uploads\/2024\/09\/bautismo-300x212.png 300w, https:\/\/elizagipuzkoa.org\/wp-content\/uploads\/2024\/09\/bautismo-1024x723.png 1024w, https:\/\/elizagipuzkoa.org\/wp-content\/uploads\/2024\/09\/bautismo-768x542.png 768w, https:\/\/elizagipuzkoa.org\/wp-content\/uploads\/2024\/09\/bautismo-640x452.png 640w, https:\/\/elizagipuzkoa.org\/wp-content\/uploads\/2024\/09\/bautismo.png 1328w\" sizes=\"auto, (max-width: 754px) 100vw, 754px\" \/><\/p>\n<p>&nbsp;<\/p>\n<p>Kristau sarbideko sakramentuen informazio-liburuxka. Sakatu <span style=\"color: #0000ff;\"><a style=\"color: #0000ff;\" href=\"https:\/\/elizagipuzkoa.org\/wp-content\/uploads\/2024\/09\/Eusk-Cast-Folleto-ICA-1.docx\">hemen.<\/a><\/span><\/p>\n<p>Material gehiago:<\/p>\n<ul>\n<li><span style=\"color: #0000ff;\"><a style=\"color: #0000ff;\" href=\"https:\/\/elizagipuzkoa.org\/wp-content\/uploads\/2025\/06\/Las-dimensiones-del-discipulado.docx\">Las dimensiones del discipulado<\/a><\/span><\/li>\n<\/ul>\n<p>[\/vc_column_text][\/vc_column][\/vc_row][vc_row css=&#8221;.vc_custom_1706002042310{margin-bottom: 0px !important;}&#8221;][vc_column width=&#8221;1\/2&#8243;][vc_separator color=&#8221;custom&#8221; border_width=&#8221;5&#8243; accent_color=&#8221;#37a9dd&#8221;][vc_custom_heading text=&#8221;Kontaktua&#8221; font_container=&#8221;tag:h2|font_size:32|text_align:left&#8221; google_fonts=&#8221;font_family:Montserrat%3Aregular%2C700|font_style:700%20bold%20regular%3A700%3Anormal&#8221; css=&#8221;.vc_custom_1707215530029{margin-bottom: 30px !important;}&#8221;][\/vc_column][vc_column width=&#8221;1\/2&#8243;][\/vc_column][\/vc_row][vc_row][vc_column width=&#8221;1\/2&#8243;][vc_column_text css=&#8221;&#8221;]Gotzain ordezkaria: Hna. Mar\u00eda Jos\u00e9 Moreno Marqu\u00e9s, MSCJM<br \/>\nE-mail: <a href=\"mailto:mjosemoreno@elizagipuzkoa.org\">mjosemoreno@elizagipuzkoa.org<\/a><br \/>\nTelefonoa: 943 258 000<br \/>\nHeriz Pasealekua, 82 (Seminarioa)<br \/>\n20008 Donostia[\/vc_column_text][\/vc_column][\/vc_row][vc_row disable_element=&#8221;yes&#8221;][vc_column][vc_message icon_fontawesome=&#8221;far fa-hand-point-right&#8221;]<strong>Contactar<\/strong>[\/vc_message][vc_column_text]\u00bfQuieres ponerte en contacto con alg\u00fan miembro de la Delegaci\u00f3n Episcopal para la iniciaci\u00f3n cristiana de adultos? \u00bfQuieres recibir informaci\u00f3n de nuestra labor o contactarnos? Escr\u00edbenos y estaremos encantados de ayudarte.[\/vc_column_text][mvc_advanced_button align=&#8221;center&#8221; btn_text=&#8221;Escr\u00edbenos&#8221; btn_block=&#8221;btn_block&#8221; btn_size=&#8221;14&#8243; google_fonts=&#8221;font_family:Montserrat%3Aregular%2C700|font_style:700%20bold%20regular%3A700%3Anormal&#8221; btn_bg=&#8221;#37a9dd&#8221; btn_clr=&#8221;#ffffff&#8221; btn_url=&#8221;url:https%3A%2F%2Felizagipuzkoa.org%2Fcontacto%2F|title:Contacto&#8221;][\/vc_column][\/vc_row][vc_row css=&#8221;.vc_custom_1699728357483{margin-top: 50px !important;margin-bottom: 0px !important;padding-bottom: 25px !important;}&#8221;][vc_column][vc_separator color=&#8221;custom&#8221; border_width=&#8221;5&#8243; accent_color=&#8221;#37a9dd&#8221;][vc_custom_heading text=&#8221;Albisteak&#8221; font_container=&#8221;tag:h2|font_size:32|text_align:left&#8221; google_fonts=&#8221;font_family:Montserrat%3Aregular%2C700|font_style:700%20bold%20regular%3A700%3Anormal&#8221; css=&#8221;.vc_custom_1706691952548{margin-bottom: 50px !important;}&#8221;][vc_basic_grid post_type=&#8221;post&#8221; max_items=&#8221;3&#8243; item=&#8221;20700&#8243; initial_loading_animation=&#8221;none&#8221; css=&#8221;&#8221; grid_id=&#8221;vc_gid:1750144178469-4388b570d1ddc97b9fdec3f04f512b42-2&#8243; taxonomies=&#8221;195&#8243;][\/vc_column][\/vc_row][vc_row disable_element=&#8221;yes&#8221;][vc_column][vc_separator color=&#8221;custom&#8221; border_width=&#8221;5&#8243; accent_color=&#8221;#37a9dd&#8221;][vc_custom_heading text=&#8221;Enlaces de inter\u00e9s&#8221; font_container=&#8221;tag:h2|font_size:32|text_align:left&#8221; google_fonts=&#8221;font_family:Montserrat%3Aregular%2C700|font_style:700%20bold%20regular%3A700%3Anormal&#8221; css=&#8221;.vc_custom_1702134827900{margin-bottom: 50px !important;}&#8221;][\/vc_column][vc_column][vc_custom_heading text=&#8221;Orientaciones pastorales de la CEE&#8221; font_container=&#8221;tag:p|font_size:14|text_align:left&#8221; google_fonts=&#8221;font_family:Montserrat%3Aregular%2C700|font_style:400%20regular%3A400%3Anormal&#8221; el_class=&#8221;custom-p-border&#8221; link=&#8221;url:https%3A%2F%2Fwww.conferenciaepiscopal.es%2Fomella-presenta-orientaciones-pastorales%2F|target:_blank&#8221;][vc_custom_heading text=&#8221;Para dar luz&#8221; font_container=&#8221;tag:p|font_size:14|text_align:left&#8221; google_fonts=&#8221;font_family:Montserrat%3Aregular%2C700|font_style:400%20regular%3A400%3Anormal&#8221; el_class=&#8221;custom-p-border&#8221; link=&#8221;url:https%3A%2F%2Fwww.paradarluz.com%2F|target:_blank&#8221;][vc_custom_heading text=&#8221;#HazMemoria&#8221; font_container=&#8221;tag:p|font_size:14|text_align:left&#8221; google_fonts=&#8221;font_family:Montserrat%3Aregular%2C700|font_style:400%20regular%3A400%3Anormal&#8221; el_class=&#8221;custom-p-border&#8221; link=&#8221;url:https%3A%2F%2Fwww.conferenciaepiscopal.es%2Finteresa%2Fhazmemoria-2022%2F|target:_blank&#8221;][vc_custom_heading text=&#8221;Cuadernos del Concilio&#8221; font_container=&#8221;tag:p|font_size:14|text_align:left&#8221; google_fonts=&#8221;font_family:Montserrat%3Aregular%2C700|font_style:400%20regular%3A400%3Anormal&#8221; el_class=&#8221;custom-p-border&#8221; link=&#8221;url:http%3A%2F%2Fcuadernosdelconcilio.com%2F|target:_blank&#8221;][vc_custom_heading text=&#8221;S\u00ednodo 2021 &#8211; 2024&#8243; font_container=&#8221;tag:p|font_size:14|text_align:left&#8221; google_fonts=&#8221;font_family:Montserrat%3Aregular%2C700|font_style:400%20regular%3A400%3Anormal&#8221; el_class=&#8221;custom-p-border&#8221; link=&#8221;url:https%3A%2F%2Fwww.conferenciaepiscopal.es%2Finteresa%2Fsinodo%2F|target:_blank&#8221;][\/vc_column][\/vc_row]<\/p>\n<\/div>","protected":false},"excerpt":{"rendered":"<p>[vc_row css=&#8221;.vc_custom_1707215557871{margin-top: 40px !important;margin-bottom: 30px !important;}&#8221;][vc_column][vc_custom_heading text=&#8221;Fedea lortzeko bidean, pertsona helduei laguntzen&#8221; font_container=&#8221;tag:h2|font_size:32|text_align:center&#8221; google_fonts=&#8221;font_family:Montserrat%3Aregular%2C700|font_style:700%20bold%20regular%3A700%3Anormal&#8221; css=&#8221;.vc_custom_1707215626194{margin-top: 10px !important;margin-bottom: 30px !important;}&#8221;][vc_column_text css=&#8221;&#8221;]Fedean eta kristau bizitzan hasteko, edo [&#8230;]<\/p>\n","protected":false},"author":4,"featured_media":0,"parent":22400,"menu_order":0,"comment_status":"closed","ping_status":"closed","template":"","meta":{"_price":"","_stock":"","_tribe_ticket_header":"","_tribe_default_ticket_provider":"","_tribe_ticket_capacity":"0","_ticket_start_date":"","_ticket_end_date":"","_tribe_ticket_show_description":"","_tribe_ticket_show_not_going":false,"_tribe_ticket_use_global_stock":"","_tribe_ticket_global_stock_level":"","_global_stock_mode":"","_global_stock_cap":"","_tribe_rsvp_for_event":"","_tribe_ticket_going_count":"","_tribe_ticket_not_going_count":"","_tribe_tickets_list":"[]","_tribe_ticket_has_attendee_info_fields":false,"footnotes":""},"class_list":["post-22402","page","type-page","status-publish","hentry"],"yoast_head":"<!-- This site is optimized with the Yoast SEO plugin v26.9 - https:\/\/yoast.com\/product\/yoast-seo-wordpress\/ -->\n<title>Helduen Kristau Sarbidea - Di\u00f3cesis de San Sebasti\u00e1n<\/title>\n<meta name=\"robots\" content=\"index, follow, max-snippet:-1, max-image-preview:large, max-video-preview:-1\" \/>\n<link rel=\"canonical\" href=\"https:\/\/elizagipuzkoa.org\/eu\/elizbarrutia\/erakundea\/ebanjelizatze-arloa\/helduak\/\" \/>\n<meta property=\"og:locale\" content=\"en_US\" \/>\n<meta property=\"og:type\" content=\"article\" \/>\n<meta property=\"og:title\" content=\"Helduen Kristau Sarbidea - Di\u00f3cesis de San Sebasti\u00e1n\" \/>\n<meta property=\"og:description\" content=\"[vc_row css=&#8221;.vc_custom_1707215557871{margin-top: 40px !important;margin-bottom: 30px !important;}&#8221;][vc_column][vc_custom_heading text=&#8221;Fedea lortzeko bidean, pertsona helduei laguntzen&#8221; font_container=&#8221;tag:h2|font_size:32|text_align:center&#8221; google_fonts=&#8221;font_family:Montserrat%3Aregular%2C700|font_style:700%20bold%20regular%3A700%3Anormal&#8221; css=&#8221;.vc_custom_1707215626194{margin-top: 10px !important;margin-bottom: 30px !important;}&#8221;][vc_column_text css=&#8221;&#8221;]Fedean eta kristau bizitzan hasteko, edo [...]\" \/>\n<meta property=\"og:url\" content=\"https:\/\/elizagipuzkoa.org\/eu\/elizbarrutia\/erakundea\/ebanjelizatze-arloa\/helduak\/\" \/>\n<meta property=\"og:site_name\" content=\"Di\u00f3cesis de San Sebasti\u00e1n\" \/>\n<meta property=\"article:publisher\" content=\"https:\/\/www.facebook.com\/p\/Donostiako-ElizbarrutiaDicesis-de-San-Sebastin-100064874702840\/\" \/>\n<meta property=\"article:modified_time\" content=\"2026-01-08T08:35:18+00:00\" \/>\n<meta property=\"og:image\" content=\"https:\/\/elizagipuzkoa.org\/wp-content\/uploads\/2024\/09\/ibilbideaeus.png\" \/>\n\t<meta property=\"og:image:width\" content=\"1322\" \/>\n\t<meta property=\"og:image:height\" content=\"933\" \/>\n\t<meta property=\"og:image:type\" content=\"image\/png\" \/>\n<meta name=\"twitter:card\" content=\"summary_large_image\" \/>\n<meta name=\"twitter:site\" content=\"@diocesis_ss\" \/>\n<meta name=\"twitter:label1\" content=\"Est. reading time\" \/>\n\t<meta name=\"twitter:data1\" content=\"2 minutua\" \/>\n<script type=\"application\/ld+json\" class=\"yoast-schema-graph\">{\"@context\":\"https:\/\/schema.org\",\"@graph\":[{\"@type\":\"WebPage\",\"@id\":\"https:\/\/elizagipuzkoa.org\/eu\/elizbarrutia\/erakundea\/ebanjelizatze-arloa\/helduak\/\",\"url\":\"https:\/\/elizagipuzkoa.org\/eu\/elizbarrutia\/erakundea\/ebanjelizatze-arloa\/helduak\/\",\"name\":\"Helduen Kristau Sarbidea - Di\u00f3cesis de San Sebasti\u00e1n\",\"isPartOf\":{\"@id\":\"https:\/\/elizagipuzkoa.org\/eu\/#website\"},\"primaryImageOfPage\":{\"@id\":\"https:\/\/elizagipuzkoa.org\/eu\/elizbarrutia\/erakundea\/ebanjelizatze-arloa\/helduak\/#primaryimage\"},\"image\":{\"@id\":\"https:\/\/elizagipuzkoa.org\/eu\/elizbarrutia\/erakundea\/ebanjelizatze-arloa\/helduak\/#primaryimage\"},\"thumbnailUrl\":\"https:\/\/elizagipuzkoa.org\/wp-content\/uploads\/2024\/09\/ibilbideaeus-300x212.png\",\"datePublished\":\"2024-01-04T07:17:14+00:00\",\"dateModified\":\"2026-01-08T08:35:18+00:00\",\"breadcrumb\":{\"@id\":\"https:\/\/elizagipuzkoa.org\/eu\/elizbarrutia\/erakundea\/ebanjelizatze-arloa\/helduak\/#breadcrumb\"},\"inLanguage\":\"eu\",\"potentialAction\":[{\"@type\":\"ReadAction\",\"target\":[\"https:\/\/elizagipuzkoa.org\/eu\/elizbarrutia\/erakundea\/ebanjelizatze-arloa\/helduak\/\"]}]},{\"@type\":\"ImageObject\",\"inLanguage\":\"eu\",\"@id\":\"https:\/\/elizagipuzkoa.org\/eu\/elizbarrutia\/erakundea\/ebanjelizatze-arloa\/helduak\/#primaryimage\",\"url\":\"https:\/\/elizagipuzkoa.org\/wp-content\/uploads\/2024\/09\/ibilbideaeus-300x212.png\",\"contentUrl\":\"https:\/\/elizagipuzkoa.org\/wp-content\/uploads\/2024\/09\/ibilbideaeus-300x212.png\"},{\"@type\":\"BreadcrumbList\",\"@id\":\"https:\/\/elizagipuzkoa.org\/eu\/elizbarrutia\/erakundea\/ebanjelizatze-arloa\/helduak\/#breadcrumb\",\"itemListElement\":[{\"@type\":\"ListItem\",\"position\":1,\"name\":\"Inicio\",\"item\":\"https:\/\/elizagipuzkoa.org\/eu\/\"},{\"@type\":\"ListItem\",\"position\":2,\"name\":\"Elizbarrutia\",\"item\":\"https:\/\/elizagipuzkoa.org\/eu\/diocesis\/\"},{\"@type\":\"ListItem\",\"position\":3,\"name\":\"Erakundea\",\"item\":\"https:\/\/elizagipuzkoa.org\/eu\/elizbarrutia\/erakundea\/\"},{\"@type\":\"ListItem\",\"position\":4,\"name\":\"Ebanjelizatze arloa\",\"item\":\"https:\/\/elizagipuzkoa.org\/eu\/elizbarrutia\/erakundea\/ebanjelizatze-arloa\/\"},{\"@type\":\"ListItem\",\"position\":5,\"name\":\"Helduen Kristau Sarbidea\"}]},{\"@type\":\"WebSite\",\"@id\":\"https:\/\/elizagipuzkoa.org\/eu\/#website\",\"url\":\"https:\/\/elizagipuzkoa.org\/eu\/\",\"name\":\"Di\u00f3cesis de San Sebasti\u00e1n\",\"description\":\"\",\"publisher\":{\"@id\":\"https:\/\/elizagipuzkoa.org\/eu\/#organization\"},\"potentialAction\":[{\"@type\":\"SearchAction\",\"target\":{\"@type\":\"EntryPoint\",\"urlTemplate\":\"https:\/\/elizagipuzkoa.org\/eu\/?s={search_term_string}\"},\"query-input\":{\"@type\":\"PropertyValueSpecification\",\"valueRequired\":true,\"valueName\":\"search_term_string\"}}],\"inLanguage\":\"eu\"},{\"@type\":\"Organization\",\"@id\":\"https:\/\/elizagipuzkoa.org\/eu\/#organization\",\"name\":\"Di\u00f3cesis de San Sebasti\u00e1n\",\"url\":\"https:\/\/elizagipuzkoa.org\/eu\/\",\"logo\":{\"@type\":\"ImageObject\",\"inLanguage\":\"eu\",\"@id\":\"https:\/\/elizagipuzkoa.org\/eu\/#\/schema\/logo\/image\/\",\"url\":\"https:\/\/elizagipuzkoa.org\/wp-content\/uploads\/2024\/02\/logo_transparente_250.png\",\"contentUrl\":\"https:\/\/elizagipuzkoa.org\/wp-content\/uploads\/2024\/02\/logo_transparente_250.png\",\"width\":250,\"height\":124,\"caption\":\"Di\u00f3cesis de San Sebasti\u00e1n\"},\"image\":{\"@id\":\"https:\/\/elizagipuzkoa.org\/eu\/#\/schema\/logo\/image\/\"},\"sameAs\":[\"https:\/\/www.facebook.com\/p\/Donostiako-ElizbarrutiaDicesis-de-San-Sebastin-100064874702840\/\",\"https:\/\/x.com\/diocesis_ss\",\"https:\/\/www.instagram.com\/diocesis_ss\/?hl=es\",\"https:\/\/www.youtube.com\/@DiocesisdeSanSebastian\",\"https:\/\/www.flickr.com\/photos\/133958253@N05\/albums\/\"]}]}<\/script>\n<!-- \/ Yoast SEO plugin. -->","yoast_head_json":{"title":"Helduen Kristau Sarbidea - Di\u00f3cesis de San Sebasti\u00e1n","robots":{"index":"index","follow":"follow","max-snippet":"max-snippet:-1","max-image-preview":"max-image-preview:large","max-video-preview":"max-video-preview:-1"},"canonical":"https:\/\/elizagipuzkoa.org\/eu\/elizbarrutia\/erakundea\/ebanjelizatze-arloa\/helduak\/","og_locale":"en_US","og_type":"article","og_title":"Helduen Kristau Sarbidea - Di\u00f3cesis de San Sebasti\u00e1n","og_description":"[vc_row css=&#8221;.vc_custom_1707215557871{margin-top: 40px !important;margin-bottom: 30px !important;}&#8221;][vc_column][vc_custom_heading text=&#8221;Fedea lortzeko bidean, pertsona helduei laguntzen&#8221; font_container=&#8221;tag:h2|font_size:32|text_align:center&#8221; google_fonts=&#8221;font_family:Montserrat%3Aregular%2C700|font_style:700%20bold%20regular%3A700%3Anormal&#8221; css=&#8221;.vc_custom_1707215626194{margin-top: 10px !important;margin-bottom: 30px !important;}&#8221;][vc_column_text css=&#8221;&#8221;]Fedean eta kristau bizitzan hasteko, edo [...]","og_url":"https:\/\/elizagipuzkoa.org\/eu\/elizbarrutia\/erakundea\/ebanjelizatze-arloa\/helduak\/","og_site_name":"Di\u00f3cesis de San Sebasti\u00e1n","article_publisher":"https:\/\/www.facebook.com\/p\/Donostiako-ElizbarrutiaDicesis-de-San-Sebastin-100064874702840\/","article_modified_time":"2026-01-08T08:35:18+00:00","og_image":[{"width":1322,"height":933,"url":"https:\/\/elizagipuzkoa.org\/wp-content\/uploads\/2024\/09\/ibilbideaeus.png","type":"image\/png"}],"twitter_card":"summary_large_image","twitter_site":"@diocesis_ss","twitter_misc":{"Est. reading time":"2 minutua"},"schema":{"@context":"https:\/\/schema.org","@graph":[{"@type":"WebPage","@id":"https:\/\/elizagipuzkoa.org\/eu\/elizbarrutia\/erakundea\/ebanjelizatze-arloa\/helduak\/","url":"https:\/\/elizagipuzkoa.org\/eu\/elizbarrutia\/erakundea\/ebanjelizatze-arloa\/helduak\/","name":"Helduen Kristau Sarbidea - Di\u00f3cesis de San Sebasti\u00e1n","isPartOf":{"@id":"https:\/\/elizagipuzkoa.org\/eu\/#website"},"primaryImageOfPage":{"@id":"https:\/\/elizagipuzkoa.org\/eu\/elizbarrutia\/erakundea\/ebanjelizatze-arloa\/helduak\/#primaryimage"},"image":{"@id":"https:\/\/elizagipuzkoa.org\/eu\/elizbarrutia\/erakundea\/ebanjelizatze-arloa\/helduak\/#primaryimage"},"thumbnailUrl":"https:\/\/elizagipuzkoa.org\/wp-content\/uploads\/2024\/09\/ibilbideaeus-300x212.png","datePublished":"2024-01-04T07:17:14+00:00","dateModified":"2026-01-08T08:35:18+00:00","breadcrumb":{"@id":"https:\/\/elizagipuzkoa.org\/eu\/elizbarrutia\/erakundea\/ebanjelizatze-arloa\/helduak\/#breadcrumb"},"inLanguage":"eu","potentialAction":[{"@type":"ReadAction","target":["https:\/\/elizagipuzkoa.org\/eu\/elizbarrutia\/erakundea\/ebanjelizatze-arloa\/helduak\/"]}]},{"@type":"ImageObject","inLanguage":"eu","@id":"https:\/\/elizagipuzkoa.org\/eu\/elizbarrutia\/erakundea\/ebanjelizatze-arloa\/helduak\/#primaryimage","url":"https:\/\/elizagipuzkoa.org\/wp-content\/uploads\/2024\/09\/ibilbideaeus-300x212.png","contentUrl":"https:\/\/elizagipuzkoa.org\/wp-content\/uploads\/2024\/09\/ibilbideaeus-300x212.png"},{"@type":"BreadcrumbList","@id":"https:\/\/elizagipuzkoa.org\/eu\/elizbarrutia\/erakundea\/ebanjelizatze-arloa\/helduak\/#breadcrumb","itemListElement":[{"@type":"ListItem","position":1,"name":"Inicio","item":"https:\/\/elizagipuzkoa.org\/eu\/"},{"@type":"ListItem","position":2,"name":"Elizbarrutia","item":"https:\/\/elizagipuzkoa.org\/eu\/diocesis\/"},{"@type":"ListItem","position":3,"name":"Erakundea","item":"https:\/\/elizagipuzkoa.org\/eu\/elizbarrutia\/erakundea\/"},{"@type":"ListItem","position":4,"name":"Ebanjelizatze arloa","item":"https:\/\/elizagipuzkoa.org\/eu\/elizbarrutia\/erakundea\/ebanjelizatze-arloa\/"},{"@type":"ListItem","position":5,"name":"Helduen Kristau Sarbidea"}]},{"@type":"WebSite","@id":"https:\/\/elizagipuzkoa.org\/eu\/#website","url":"https:\/\/elizagipuzkoa.org\/eu\/","name":"Di\u00f3cesis de San Sebasti\u00e1n","description":"","publisher":{"@id":"https:\/\/elizagipuzkoa.org\/eu\/#organization"},"potentialAction":[{"@type":"SearchAction","target":{"@type":"EntryPoint","urlTemplate":"https:\/\/elizagipuzkoa.org\/eu\/?s={search_term_string}"},"query-input":{"@type":"PropertyValueSpecification","valueRequired":true,"valueName":"search_term_string"}}],"inLanguage":"eu"},{"@type":"Organization","@id":"https:\/\/elizagipuzkoa.org\/eu\/#organization","name":"Di\u00f3cesis de San Sebasti\u00e1n","url":"https:\/\/elizagipuzkoa.org\/eu\/","logo":{"@type":"ImageObject","inLanguage":"eu","@id":"https:\/\/elizagipuzkoa.org\/eu\/#\/schema\/logo\/image\/","url":"https:\/\/elizagipuzkoa.org\/wp-content\/uploads\/2024\/02\/logo_transparente_250.png","contentUrl":"https:\/\/elizagipuzkoa.org\/wp-content\/uploads\/2024\/02\/logo_transparente_250.png","width":250,"height":124,"caption":"Di\u00f3cesis de San Sebasti\u00e1n"},"image":{"@id":"https:\/\/elizagipuzkoa.org\/eu\/#\/schema\/logo\/image\/"},"sameAs":["https:\/\/www.facebook.com\/p\/Donostiako-ElizbarrutiaDicesis-de-San-Sebastin-100064874702840\/","https:\/\/x.com\/diocesis_ss","https:\/\/www.instagram.com\/diocesis_ss\/?hl=es","https:\/\/www.youtube.com\/@DiocesisdeSanSebastian","https:\/\/www.flickr.com\/photos\/133958253@N05\/albums\/"]}]}},"ticketed":false,"_links":{"self":[{"href":"https:\/\/elizagipuzkoa.org\/eu\/wp-json\/wp\/v2\/pages\/22402","targetHints":{"allow":["GET"]}}],"collection":[{"href":"https:\/\/elizagipuzkoa.org\/eu\/wp-json\/wp\/v2\/pages"}],"about":[{"href":"https:\/\/elizagipuzkoa.org\/eu\/wp-json\/wp\/v2\/types\/page"}],"author":[{"embeddable":true,"href":"https:\/\/elizagipuzkoa.org\/eu\/wp-json\/wp\/v2\/users\/4"}],"replies":[{"embeddable":true,"href":"https:\/\/elizagipuzkoa.org\/eu\/wp-json\/wp\/v2\/comments?post=22402"}],"version-history":[{"count":27,"href":"https:\/\/elizagipuzkoa.org\/eu\/wp-json\/wp\/v2\/pages\/22402\/revisions"}],"predecessor-version":[{"id":53245,"href":"https:\/\/elizagipuzkoa.org\/eu\/wp-json\/wp\/v2\/pages\/22402\/revisions\/53245"}],"up":[{"embeddable":true,"href":"https:\/\/elizagipuzkoa.org\/eu\/wp-json\/wp\/v2\/pages\/22400"}],"wp:attachment":[{"href":"https:\/\/elizagipuzkoa.org\/eu\/wp-json\/wp\/v2\/media?parent=22402"}],"curies":[{"name":"wp","href":"https:\/\/api.w.org\/{rel}","templated":true}]}}