{"id":22403,"date":"2024-01-04T08:18:48","date_gmt":"2024-01-04T07:18:48","guid":{"rendered":"https:\/\/elizagipuzkoa.org\/elizbarrutia\/arloak-eta-ordezkaritzak\/area-de-evangelizacion\/cof\/"},"modified":"2025-01-07T09:04:49","modified_gmt":"2025-01-07T08:04:49","slug":"familien-aholku-etxea","status":"publish","type":"page","link":"https:\/\/elizagipuzkoa.org\/eu\/elizbarrutia\/erakundea\/ebanjelizatze-arloa\/familien-aholku-etxea\/","title":{"rendered":"Familien Aholku Etxea"},"content":{"rendered":"<div class=\"wpb-content-wrapper\"><p>[vc_row css=&#8221;.vc_custom_1707223374117{margin-top: 40px !important;margin-bottom: 0px !important;}&#8221;][vc_column][vc_custom_heading text=&#8221;Familiaren zerbitzura&#8221; font_container=&#8221;tag:h2|font_size:32|text_align:center&#8221; google_fonts=&#8221;font_family:Montserrat%3Aregular%2C700|font_style:700%20bold%20regular%3A700%3Anormal&#8221; css=&#8221;.vc_custom_1707313595413{margin-top: 0px !important;margin-bottom: 20px !important;}&#8221;][vc_column_text css=&#8221;.vc_custom_1706694226387{padding-right: 20px !important;padding-left: 20px !important;}&#8221;]<\/p>\n<p style=\"text-align: center;\"><em>Familia, gure gizartearen zutabe garrantzitsuenetako bat dela sinesten dugu: gure xedea, zauriak sendatzea eta oreka berreskuratzea da, bai bakarka, bai taldean.<\/em><\/p>\n<p>[\/vc_column_text][vc_column_text]Donostiako Elizbarrutiaren Gizarte Ekintza honek 30 urte daramatza indarrean, eta 4.300 pertsona baino gehiago artatu ditu.<\/p>\n<p>Familien Aholku Etxeak (FAE), egun, zailtasunak, gatazkak, krisiak, desegituraketa&#8230; bizi duten pertsona, bikote edo familiei laguntzen die<\/p>\n<ul>\n<li>Arazo eta kezka pertsonalak (estresa, antsietatea, depresioa, adikzioak, zailtasun sozialak&#8230;).<\/li>\n<li>Senar-emazteen arteko edo bikote-arazoak (adibidez, elkarbizitza, krisi gutxi gorabehera sakonak, ugalkortasun-arazoak&#8230;)..<\/li>\n<li>Seme-alaben hezkuntza (ikasteko zailtasunak, sozializazio-arazoak, erantzukizunik eza, menpekotasunak&#8230;).<\/li>\n<\/ul>\n<p>Laguntza horretarako, profesional talde zabal bat dugu: psikologoak, terapeutak, orientatzaileak, eta familia-bitartekari bat.[\/vc_column_text][\/vc_column][\/vc_row][vc_row disable_element=&#8221;yes&#8221;][vc_column width=&#8221;1\/3&#8243;][vc_message icon_fontawesome=&#8221;far fa-hand-point-right&#8221;]<strong>Necesito hablar con vosotros<\/strong>[\/vc_message][vc_column_text]\u00bfQuieres informaci\u00f3n de c\u00f3mo funcionamos? \u00bfQuieres concertar una entrevista con alguno de los miembros de nuestro equipo? Cont\u00e1ctanos.[\/vc_column_text][mvc_advanced_button align=&#8221;center&#8221; btn_text=&#8221;Escr\u00edbenos&#8221; btn_block=&#8221;btn_block&#8221; btn_size=&#8221;14&#8243; google_fonts=&#8221;font_family:Montserrat%3Aregular%2C700|font_style:700%20bold%20regular%3A700%3Anormal&#8221; btn_bg=&#8221;#37a9dd&#8221; btn_clr=&#8221;#ffffff&#8221; btn_url=&#8221;url:%23&#8243;][\/vc_column][vc_column width=&#8221;1\/3&#8243;][vc_column_text]<em>Porque creemos en la familia como uno de los pilares m\u00e1s importantes de nuestra sociedad, nuestro empe\u00f1o es sanar heridas y restaurar su equilibrio, ya sea de forma individual como en grupo. <\/em>[\/vc_column_text][\/vc_column][vc_column width=&#8221;1\/3&#8243;][vc_message icon_fontawesome=&#8221;far fa-hand-point-right&#8221;]<strong>Una persona os necesita<\/strong>[\/vc_message][vc_column_text]\u00bfConoces de alguien que crees que podr\u00eda necesitarnos? No lo dudes, estamos aqu\u00ed para acompa\u00f1ar. A la m\u00e1s m\u00ednima duda, escr\u00edbenos y analizaremos tu caso.[\/vc_column_text][mvc_advanced_button align=&#8221;center&#8221; btn_text=&#8221;Rellena este formulario&#8221; btn_block=&#8221;btn_block&#8221; btn_size=&#8221;14&#8243; google_fonts=&#8221;font_family:Montserrat%3Aregular%2C700|font_style:700%20bold%20regular%3A700%3Anormal&#8221; btn_bg=&#8221;#37a9dd&#8221; btn_clr=&#8221;#ffffff&#8221; btn_url=&#8221;url:%23&#8243;][\/vc_column][\/vc_row][vc_row css=&#8221;.vc_custom_1702151709198{margin-bottom: 0px !important;}&#8221;][vc_column width=&#8221;1\/2&#8243;][vc_separator color=&#8221;custom&#8221; border_width=&#8221;5&#8243; accent_color=&#8221;#37a9dd&#8221;][vc_custom_heading text=&#8221;Kontaktua&#8221; font_container=&#8221;tag:h2|font_size:32|text_align:left&#8221; google_fonts=&#8221;font_family:Montserrat%3Aregular%2C700|font_style:700%20bold%20regular%3A700%3Anormal&#8221; css=&#8221;.vc_custom_1707223334251{margin-bottom: 30px !important;}&#8221;][vc_column_text css=&#8221;&#8221;]Koordinatzailea: Gabriela Michel Zugazabeitia<br \/>\nE-mail: <a href=\"mailto:cofae@elizagipuzkoa.org\">cofae@elizagipuzkoa.org<\/a><br \/>\nTelefonoa: 650 307 183 \/ 943 431 177<br \/>\nBulegoak:<br \/>\n&#8211; C \/ Narrika, 1 &#8211; 3 Donostia<br \/>\n&#8211; C \/ Piedad 10 Zumarraga<br \/>\nArreta ordutegia: astelehenetik ostiralera 09:00tik 13:00era eta 15:00tik 19:00etara[\/vc_column_text][\/vc_column][vc_column width=&#8221;1\/2&#8243;][vc_single_image image=&#8221;22643&#8243; img_size=&#8221;large&#8221;][\/vc_column][\/vc_row][vc_row disable_element=&#8221;yes&#8221;][vc_column width=&#8221;1\/2&#8243;][vc_separator color=&#8221;custom&#8221; border_width=&#8221;5&#8243; accent_color=&#8221;#37a9dd&#8221;][vc_custom_heading text=&#8221;Quiero contactaros&#8221; font_container=&#8221;tag:h2|font_size:32|text_align:left&#8221; google_fonts=&#8221;font_family:Montserrat%3Aregular%2C700|font_style:700%20bold%20regular%3A700%3Anormal&#8221; css=&#8221;.vc_custom_1704891594588{margin-bottom: 50px !important;}&#8221;][vc_custom_heading text=&#8221;Para lo que necesites, estamos a tu lado.&#8221; font_container=&#8221;tag:p|font_size:18|text_align:left&#8221;]\n<div class=\"wpcf7 no-js\" id=\"wpcf7-f21704-o1\" lang=\"eu\" dir=\"ltr\" data-wpcf7-id=\"21704\">\n<div class=\"screen-reader-response\"><p role=\"status\" aria-live=\"polite\" aria-atomic=\"true\"><\/p> <ul><\/ul><\/div>\n<form action=\"\/eu\/wp-json\/wp\/v2\/pages\/22403#wpcf7-f21704-o1\" method=\"post\" class=\"wpcf7-form init\" aria-label=\"Contact form\" novalidate=\"novalidate\" data-status=\"init\">\n<fieldset class=\"hidden-fields-container\"><input type=\"hidden\" name=\"_wpcf7\" value=\"21704\" \/><input type=\"hidden\" name=\"_wpcf7_version\" value=\"6.1.5\" \/><input type=\"hidden\" name=\"_wpcf7_locale\" value=\"eu\" \/><input type=\"hidden\" name=\"_wpcf7_unit_tag\" value=\"wpcf7-f21704-o1\" \/><input type=\"hidden\" name=\"_wpcf7_container_post\" value=\"0\" \/><input type=\"hidden\" name=\"_wpcf7_posted_data_hash\" value=\"\" \/><input type=\"hidden\" name=\"_wpcf7_recaptcha_response\" value=\"\" \/>\n<\/fieldset>\n<p><label> Izena<br \/>\n<span class=\"wpcf7-form-control-wrap\" data-name=\"your-name\"><input size=\"40\" maxlength=\"400\" class=\"wpcf7-form-control wpcf7-text wpcf7-validates-as-required\" autocomplete=\"name\" aria-required=\"true\" aria-invalid=\"false\" value=\"\" type=\"text\" name=\"your-name\" \/><\/span> <\/label>\n<\/p>\n<p><label> Helbide elektronikoa<br \/>\n<span class=\"wpcf7-form-control-wrap\" data-name=\"your-email\"><input size=\"40\" maxlength=\"400\" class=\"wpcf7-form-control wpcf7-email wpcf7-validates-as-required wpcf7-text wpcf7-validates-as-email\" autocomplete=\"email\" aria-required=\"true\" aria-invalid=\"false\" value=\"\" type=\"email\" name=\"your-email\" \/><\/span> <\/label>\n<\/p>\n<p><label> Zure mezua<br \/>\n<span class=\"wpcf7-form-control-wrap\" data-name=\"your-message\"><textarea cols=\"40\" rows=\"10\" maxlength=\"2000\" class=\"wpcf7-form-control wpcf7-textarea\" aria-invalid=\"false\" name=\"your-message\"><\/textarea><\/span> <\/label>\n<\/p>\n<p><input class=\"wpcf7-form-control wpcf7-submit has-spinner\" type=\"submit\" value=\"Bidali\" \/>\n<\/p>\n<p style=\"font-size:11px; font-style:italic; line-height: 16px;\">Los datos personales facilitados ser\u00e1n tratados por el Obispado de la Di\u00f3cesis de San Sebasti\u00e1n, como responsable del tratamiento, para atender las consultas o solicitudes recibidas y mantener la comunicaci\u00f3n con las personas interesadas. Puede ejercer los derechos relativos al tratamiento de sus datos personales en la direcci\u00f3n electr\u00f3nica <a href=\"mailto:dpd@elizagipuzkoa.org\">dpd@elizagipuzkoa.org<\/a>, y obtener informaci\u00f3n adicional sobre dicho tratamiento en el portal de privacidad de nuestro sitio web <a href=\"https:\/\/elizagipuzkoa.org\">www.elizagipuzkoa.org<\/a>.\n<\/p><div class=\"wpcf7-response-output\" aria-hidden=\"true\"><\/div>\n<\/form>\n<\/div>\n[\/vc_column][vc_column width=&#8221;1\/2&#8243;][vc_separator color=&#8221;custom&#8221; border_width=&#8221;5&#8243; accent_color=&#8221;#37a9dd&#8221;][vc_custom_heading text=&#8221;NUESTRA<br \/>\nESPIRITUALIDAD&#8221; font_container=&#8221;tag:h4|font_size:22|text_align:left&#8221; google_fonts=&#8221;font_family:Montserrat%3Aregular%2C700|font_style:700%20bold%20regular%3A700%3Anormal&#8221;][vc_column_text]<strong>PREGUNTAS FRECUENTES:<\/strong><\/p>\n<ul>\n<li><em>\u00bfCu\u00e1nto cuesta el servicio?<\/em> El sostenimiento del\u00a0<span class=\"mark74ds7guuo\" data-markjs=\"true\" data-ogac=\"\" data-ogab=\"\" data-ogsc=\"\" data-ogsb=\"\">COF<\/span>\u00a0se realiza a trav\u00e9s de las donaciones de los usuarios, y para los casos en que esto no sea posible existe un convenio con C\u00e1ritas.<\/li>\n<li><em>\u00bfOfrec\u00e9is formaci\u00f3n?<\/em> El\u00a0<span class=\"mark74ds7guuo\" data-markjs=\"true\" data-ogac=\"\" data-ogab=\"\" data-ogsc=\"\" data-ogsb=\"\">COF<\/span>\u00a0tiene un \u00e1rea dedicada a la formaci\u00f3n: Impartimos charlas, talleres, cursos de enriquecimiento para la vida de pareja y de familia.<\/li>\n<li><em>Me siento solo, \u00bfpod\u00e9is ayudarme? <\/em>Contamos con un Centro de Escucha y Acompa\u00f1amiento en el que nuestras voluntarias acompa\u00f1an a las personas que lo necesiten\u00a0 y se encuentren en momentos de dificultad personal, soledad, indecisi\u00f3n, vulnerabilidad, etc.<\/li>\n<li><em>\u00bfPodr\u00eda recibir vuestra ayuda si no profeso la fe cristiana? <\/em>El\u00a0<span class=\"mark74ds7guuo\" data-markjs=\"true\" data-ogac=\"\" data-ogab=\"\" data-ogsc=\"\" data-ogsb=\"\">COF<\/span>\u00a0presta sus servicios a todo el que solicite, independientemente de creencia, raza u otra circunstancia parecida, respetando siempre la dignidad de las personas y su libertad de conciencia.<\/li>\n<\/ul>\n<p>[\/vc_column_text][\/vc_column][\/vc_row][vc_row css=&#8221;.vc_custom_1699728357483{margin-top: 50px !important;margin-bottom: 0px !important;padding-bottom: 25px !important;}&#8221;][vc_column][vc_separator color=&#8221;custom&#8221; border_width=&#8221;5&#8243; accent_color=&#8221;#37a9dd&#8221;][vc_custom_heading text=&#8221;Albisteak&#8221; font_container=&#8221;tag:h2|font_size:32|text_align:left&#8221; google_fonts=&#8221;font_family:Montserrat%3Aregular%2C700|font_style:700%20bold%20regular%3A700%3Anormal&#8221; css=&#8221;.vc_custom_1706694329716{margin-bottom: 50px !important;}&#8221;][vc_basic_grid post_type=&#8221;post&#8221; max_items=&#8221;3&#8243; item=&#8221;20700&#8243; initial_loading_animation=&#8221;none&#8221; grid_id=&#8221;vc_gid:1736237067550-c82210d1-373f-3&#8243; taxonomies=&#8221;172&#8243;][\/vc_column][\/vc_row][vc_row disable_element=&#8221;yes&#8221;][vc_column][vc_separator color=&#8221;custom&#8221; border_width=&#8221;5&#8243; accent_color=&#8221;#37a9dd&#8221;][vc_custom_heading text=&#8221;Enlaces de inter\u00e9s&#8221; font_container=&#8221;tag:h2|font_size:32|text_align:left&#8221; google_fonts=&#8221;font_family:Montserrat%3Aregular%2C700|font_style:700%20bold%20regular%3A700%3Anormal&#8221; css=&#8221;.vc_custom_1702134827900{margin-bottom: 50px !important;}&#8221;][\/vc_column][vc_column][vc_custom_heading text=&#8221;Orientaciones pastorales de la CEE&#8221; font_container=&#8221;tag:p|font_size:14|text_align:left&#8221; google_fonts=&#8221;font_family:Montserrat%3Aregular%2C700|font_style:400%20regular%3A400%3Anormal&#8221; el_class=&#8221;custom-p-border&#8221; link=&#8221;url:https%3A%2F%2Fwww.conferenciaepiscopal.es%2Fomella-presenta-orientaciones-pastorales%2F|target:_blank&#8221;][vc_custom_heading text=&#8221;Para dar luz&#8221; font_container=&#8221;tag:p|font_size:14|text_align:left&#8221; google_fonts=&#8221;font_family:Montserrat%3Aregular%2C700|font_style:400%20regular%3A400%3Anormal&#8221; el_class=&#8221;custom-p-border&#8221; link=&#8221;url:https%3A%2F%2Fwww.paradarluz.com%2F|target:_blank&#8221;][vc_custom_heading text=&#8221;#HazMemoria&#8221; font_container=&#8221;tag:p|font_size:14|text_align:left&#8221; google_fonts=&#8221;font_family:Montserrat%3Aregular%2C700|font_style:400%20regular%3A400%3Anormal&#8221; el_class=&#8221;custom-p-border&#8221; link=&#8221;url:https%3A%2F%2Fwww.conferenciaepiscopal.es%2Finteresa%2Fhazmemoria-2022%2F|target:_blank&#8221;][vc_custom_heading text=&#8221;Cuadernos del Concilio&#8221; font_container=&#8221;tag:p|font_size:14|text_align:left&#8221; google_fonts=&#8221;font_family:Montserrat%3Aregular%2C700|font_style:400%20regular%3A400%3Anormal&#8221; el_class=&#8221;custom-p-border&#8221; link=&#8221;url:http%3A%2F%2Fcuadernosdelconcilio.com%2F|target:_blank&#8221;][vc_custom_heading text=&#8221;S\u00ednodo 2021 &#8211; 2024&#8243; font_container=&#8221;tag:p|font_size:14|text_align:left&#8221; google_fonts=&#8221;font_family:Montserrat%3Aregular%2C700|font_style:400%20regular%3A400%3Anormal&#8221; el_class=&#8221;custom-p-border&#8221; link=&#8221;url:https%3A%2F%2Fwww.conferenciaepiscopal.es%2Finteresa%2Fsinodo%2F|target:_blank&#8221;][\/vc_column][\/vc_row]<\/p>\n<\/div>","protected":false},"excerpt":{"rendered":"<p>[vc_row css=&#8221;.vc_custom_1707223374117{margin-top: 40px !important;margin-bottom: 0px !important;}&#8221;][vc_column][vc_custom_heading text=&#8221;Familiaren zerbitzura&#8221; font_container=&#8221;tag:h2|font_size:32|text_align:center&#8221; google_fonts=&#8221;font_family:Montserrat%3Aregular%2C700|font_style:700%20bold%20regular%3A700%3Anormal&#8221; css=&#8221;.vc_custom_1707313595413{margin-top: 0px !important;margin-bottom: 20px !important;}&#8221;][vc_column_text css=&#8221;.vc_custom_1706694226387{padding-right: 20px !important;padding-left: 20px !important;}&#8221;] Familia, gure gizartearen zutabe garrantzitsuenetako [&#8230;]<\/p>\n","protected":false},"author":4,"featured_media":0,"parent":22400,"menu_order":0,"comment_status":"closed","ping_status":"closed","template":"","meta":{"_price":"","_stock":"","_tribe_ticket_header":"","_tribe_default_ticket_provider":"","_tribe_ticket_capacity":"0","_ticket_start_date":"","_ticket_end_date":"","_tribe_ticket_show_description":"","_tribe_ticket_show_not_going":false,"_tribe_ticket_use_global_stock":"","_tribe_ticket_global_stock_level":"","_global_stock_mode":"","_global_stock_cap":"","_tribe_rsvp_for_event":"","_tribe_ticket_going_count":"","_tribe_ticket_not_going_count":"","_tribe_tickets_list":"[]","_tribe_ticket_has_attendee_info_fields":false,"footnotes":""},"class_list":["post-22403","page","type-page","status-publish","hentry"],"yoast_head":"<!-- This site is optimized with the Yoast SEO plugin v26.9 - https:\/\/yoast.com\/product\/yoast-seo-wordpress\/ -->\n<title>Familien Aholku Etxea - Di\u00f3cesis de San Sebasti\u00e1n<\/title>\n<meta name=\"robots\" content=\"index, follow, max-snippet:-1, max-image-preview:large, max-video-preview:-1\" \/>\n<link rel=\"canonical\" href=\"https:\/\/elizagipuzkoa.org\/eu\/elizbarrutia\/erakundea\/ebanjelizatze-arloa\/familien-aholku-etxea\/\" \/>\n<meta property=\"og:locale\" content=\"en_US\" \/>\n<meta property=\"og:type\" content=\"article\" \/>\n<meta property=\"og:title\" content=\"Familien Aholku Etxea - Di\u00f3cesis de San Sebasti\u00e1n\" \/>\n<meta property=\"og:description\" content=\"[vc_row css=&#8221;.vc_custom_1707223374117{margin-top: 40px !important;margin-bottom: 0px !important;}&#8221;][vc_column][vc_custom_heading text=&#8221;Familiaren zerbitzura&#8221; font_container=&#8221;tag:h2|font_size:32|text_align:center&#8221; google_fonts=&#8221;font_family:Montserrat%3Aregular%2C700|font_style:700%20bold%20regular%3A700%3Anormal&#8221; css=&#8221;.vc_custom_1707313595413{margin-top: 0px !important;margin-bottom: 20px !important;}&#8221;][vc_column_text css=&#8221;.vc_custom_1706694226387{padding-right: 20px !important;padding-left: 20px !important;}&#8221;] Familia, gure gizartearen zutabe garrantzitsuenetako [...]\" \/>\n<meta property=\"og:url\" content=\"https:\/\/elizagipuzkoa.org\/eu\/elizbarrutia\/erakundea\/ebanjelizatze-arloa\/familien-aholku-etxea\/\" \/>\n<meta property=\"og:site_name\" content=\"Di\u00f3cesis de San Sebasti\u00e1n\" \/>\n<meta property=\"article:publisher\" content=\"https:\/\/www.facebook.com\/p\/Donostiako-ElizbarrutiaDicesis-de-San-Sebastin-100064874702840\/\" \/>\n<meta property=\"article:modified_time\" content=\"2025-01-07T08:04:49+00:00\" \/>\n<meta name=\"twitter:card\" content=\"summary_large_image\" \/>\n<meta name=\"twitter:site\" content=\"@diocesis_ss\" \/>\n<meta name=\"twitter:label1\" content=\"Est. reading time\" \/>\n\t<meta name=\"twitter:data1\" content=\"3 minutua\" \/>\n<script type=\"application\/ld+json\" class=\"yoast-schema-graph\">{\"@context\":\"https:\/\/schema.org\",\"@graph\":[{\"@type\":\"WebPage\",\"@id\":\"https:\/\/elizagipuzkoa.org\/eu\/elizbarrutia\/erakundea\/ebanjelizatze-arloa\/familien-aholku-etxea\/\",\"url\":\"https:\/\/elizagipuzkoa.org\/eu\/elizbarrutia\/erakundea\/ebanjelizatze-arloa\/familien-aholku-etxea\/\",\"name\":\"Familien Aholku Etxea - Di\u00f3cesis de San Sebasti\u00e1n\",\"isPartOf\":{\"@id\":\"https:\/\/elizagipuzkoa.org\/eu\/#website\"},\"datePublished\":\"2024-01-04T07:18:48+00:00\",\"dateModified\":\"2025-01-07T08:04:49+00:00\",\"breadcrumb\":{\"@id\":\"https:\/\/elizagipuzkoa.org\/eu\/elizbarrutia\/erakundea\/ebanjelizatze-arloa\/familien-aholku-etxea\/#breadcrumb\"},\"inLanguage\":\"eu\",\"potentialAction\":[{\"@type\":\"ReadAction\",\"target\":[\"https:\/\/elizagipuzkoa.org\/eu\/elizbarrutia\/erakundea\/ebanjelizatze-arloa\/familien-aholku-etxea\/\"]}]},{\"@type\":\"BreadcrumbList\",\"@id\":\"https:\/\/elizagipuzkoa.org\/eu\/elizbarrutia\/erakundea\/ebanjelizatze-arloa\/familien-aholku-etxea\/#breadcrumb\",\"itemListElement\":[{\"@type\":\"ListItem\",\"position\":1,\"name\":\"Inicio\",\"item\":\"https:\/\/elizagipuzkoa.org\/eu\/\"},{\"@type\":\"ListItem\",\"position\":2,\"name\":\"Elizbarrutia\",\"item\":\"https:\/\/elizagipuzkoa.org\/eu\/diocesis\/\"},{\"@type\":\"ListItem\",\"position\":3,\"name\":\"Erakundea\",\"item\":\"https:\/\/elizagipuzkoa.org\/eu\/elizbarrutia\/erakundea\/\"},{\"@type\":\"ListItem\",\"position\":4,\"name\":\"Ebanjelizatze arloa\",\"item\":\"https:\/\/elizagipuzkoa.org\/eu\/elizbarrutia\/erakundea\/ebanjelizatze-arloa\/\"},{\"@type\":\"ListItem\",\"position\":5,\"name\":\"Familien Aholku Etxea\"}]},{\"@type\":\"WebSite\",\"@id\":\"https:\/\/elizagipuzkoa.org\/eu\/#website\",\"url\":\"https:\/\/elizagipuzkoa.org\/eu\/\",\"name\":\"Di\u00f3cesis de San Sebasti\u00e1n\",\"description\":\"\",\"publisher\":{\"@id\":\"https:\/\/elizagipuzkoa.org\/eu\/#organization\"},\"potentialAction\":[{\"@type\":\"SearchAction\",\"target\":{\"@type\":\"EntryPoint\",\"urlTemplate\":\"https:\/\/elizagipuzkoa.org\/eu\/?s={search_term_string}\"},\"query-input\":{\"@type\":\"PropertyValueSpecification\",\"valueRequired\":true,\"valueName\":\"search_term_string\"}}],\"inLanguage\":\"eu\"},{\"@type\":\"Organization\",\"@id\":\"https:\/\/elizagipuzkoa.org\/eu\/#organization\",\"name\":\"Di\u00f3cesis de San Sebasti\u00e1n\",\"url\":\"https:\/\/elizagipuzkoa.org\/eu\/\",\"logo\":{\"@type\":\"ImageObject\",\"inLanguage\":\"eu\",\"@id\":\"https:\/\/elizagipuzkoa.org\/eu\/#\/schema\/logo\/image\/\",\"url\":\"https:\/\/elizagipuzkoa.org\/wp-content\/uploads\/2024\/02\/logo_transparente_250.png\",\"contentUrl\":\"https:\/\/elizagipuzkoa.org\/wp-content\/uploads\/2024\/02\/logo_transparente_250.png\",\"width\":250,\"height\":124,\"caption\":\"Di\u00f3cesis de San Sebasti\u00e1n\"},\"image\":{\"@id\":\"https:\/\/elizagipuzkoa.org\/eu\/#\/schema\/logo\/image\/\"},\"sameAs\":[\"https:\/\/www.facebook.com\/p\/Donostiako-ElizbarrutiaDicesis-de-San-Sebastin-100064874702840\/\",\"https:\/\/x.com\/diocesis_ss\",\"https:\/\/www.instagram.com\/diocesis_ss\/?hl=es\",\"https:\/\/www.youtube.com\/@DiocesisdeSanSebastian\",\"https:\/\/www.flickr.com\/photos\/133958253@N05\/albums\/\"]}]}<\/script>\n<!-- \/ Yoast SEO plugin. -->","yoast_head_json":{"title":"Familien Aholku Etxea - Di\u00f3cesis de San Sebasti\u00e1n","robots":{"index":"index","follow":"follow","max-snippet":"max-snippet:-1","max-image-preview":"max-image-preview:large","max-video-preview":"max-video-preview:-1"},"canonical":"https:\/\/elizagipuzkoa.org\/eu\/elizbarrutia\/erakundea\/ebanjelizatze-arloa\/familien-aholku-etxea\/","og_locale":"en_US","og_type":"article","og_title":"Familien Aholku Etxea - Di\u00f3cesis de San Sebasti\u00e1n","og_description":"[vc_row css=&#8221;.vc_custom_1707223374117{margin-top: 40px !important;margin-bottom: 0px !important;}&#8221;][vc_column][vc_custom_heading text=&#8221;Familiaren zerbitzura&#8221; font_container=&#8221;tag:h2|font_size:32|text_align:center&#8221; google_fonts=&#8221;font_family:Montserrat%3Aregular%2C700|font_style:700%20bold%20regular%3A700%3Anormal&#8221; css=&#8221;.vc_custom_1707313595413{margin-top: 0px !important;margin-bottom: 20px !important;}&#8221;][vc_column_text css=&#8221;.vc_custom_1706694226387{padding-right: 20px !important;padding-left: 20px !important;}&#8221;] Familia, gure gizartearen zutabe garrantzitsuenetako [...]","og_url":"https:\/\/elizagipuzkoa.org\/eu\/elizbarrutia\/erakundea\/ebanjelizatze-arloa\/familien-aholku-etxea\/","og_site_name":"Di\u00f3cesis de San Sebasti\u00e1n","article_publisher":"https:\/\/www.facebook.com\/p\/Donostiako-ElizbarrutiaDicesis-de-San-Sebastin-100064874702840\/","article_modified_time":"2025-01-07T08:04:49+00:00","twitter_card":"summary_large_image","twitter_site":"@diocesis_ss","twitter_misc":{"Est. reading time":"3 minutua"},"schema":{"@context":"https:\/\/schema.org","@graph":[{"@type":"WebPage","@id":"https:\/\/elizagipuzkoa.org\/eu\/elizbarrutia\/erakundea\/ebanjelizatze-arloa\/familien-aholku-etxea\/","url":"https:\/\/elizagipuzkoa.org\/eu\/elizbarrutia\/erakundea\/ebanjelizatze-arloa\/familien-aholku-etxea\/","name":"Familien Aholku Etxea - Di\u00f3cesis de San Sebasti\u00e1n","isPartOf":{"@id":"https:\/\/elizagipuzkoa.org\/eu\/#website"},"datePublished":"2024-01-04T07:18:48+00:00","dateModified":"2025-01-07T08:04:49+00:00","breadcrumb":{"@id":"https:\/\/elizagipuzkoa.org\/eu\/elizbarrutia\/erakundea\/ebanjelizatze-arloa\/familien-aholku-etxea\/#breadcrumb"},"inLanguage":"eu","potentialAction":[{"@type":"ReadAction","target":["https:\/\/elizagipuzkoa.org\/eu\/elizbarrutia\/erakundea\/ebanjelizatze-arloa\/familien-aholku-etxea\/"]}]},{"@type":"BreadcrumbList","@id":"https:\/\/elizagipuzkoa.org\/eu\/elizbarrutia\/erakundea\/ebanjelizatze-arloa\/familien-aholku-etxea\/#breadcrumb","itemListElement":[{"@type":"ListItem","position":1,"name":"Inicio","item":"https:\/\/elizagipuzkoa.org\/eu\/"},{"@type":"ListItem","position":2,"name":"Elizbarrutia","item":"https:\/\/elizagipuzkoa.org\/eu\/diocesis\/"},{"@type":"ListItem","position":3,"name":"Erakundea","item":"https:\/\/elizagipuzkoa.org\/eu\/elizbarrutia\/erakundea\/"},{"@type":"ListItem","position":4,"name":"Ebanjelizatze arloa","item":"https:\/\/elizagipuzkoa.org\/eu\/elizbarrutia\/erakundea\/ebanjelizatze-arloa\/"},{"@type":"ListItem","position":5,"name":"Familien Aholku Etxea"}]},{"@type":"WebSite","@id":"https:\/\/elizagipuzkoa.org\/eu\/#website","url":"https:\/\/elizagipuzkoa.org\/eu\/","name":"Di\u00f3cesis de San Sebasti\u00e1n","description":"","publisher":{"@id":"https:\/\/elizagipuzkoa.org\/eu\/#organization"},"potentialAction":[{"@type":"SearchAction","target":{"@type":"EntryPoint","urlTemplate":"https:\/\/elizagipuzkoa.org\/eu\/?s={search_term_string}"},"query-input":{"@type":"PropertyValueSpecification","valueRequired":true,"valueName":"search_term_string"}}],"inLanguage":"eu"},{"@type":"Organization","@id":"https:\/\/elizagipuzkoa.org\/eu\/#organization","name":"Di\u00f3cesis de San Sebasti\u00e1n","url":"https:\/\/elizagipuzkoa.org\/eu\/","logo":{"@type":"ImageObject","inLanguage":"eu","@id":"https:\/\/elizagipuzkoa.org\/eu\/#\/schema\/logo\/image\/","url":"https:\/\/elizagipuzkoa.org\/wp-content\/uploads\/2024\/02\/logo_transparente_250.png","contentUrl":"https:\/\/elizagipuzkoa.org\/wp-content\/uploads\/2024\/02\/logo_transparente_250.png","width":250,"height":124,"caption":"Di\u00f3cesis de San Sebasti\u00e1n"},"image":{"@id":"https:\/\/elizagipuzkoa.org\/eu\/#\/schema\/logo\/image\/"},"sameAs":["https:\/\/www.facebook.com\/p\/Donostiako-ElizbarrutiaDicesis-de-San-Sebastin-100064874702840\/","https:\/\/x.com\/diocesis_ss","https:\/\/www.instagram.com\/diocesis_ss\/?hl=es","https:\/\/www.youtube.com\/@DiocesisdeSanSebastian","https:\/\/www.flickr.com\/photos\/133958253@N05\/albums\/"]}]}},"ticketed":false,"_links":{"self":[{"href":"https:\/\/elizagipuzkoa.org\/eu\/wp-json\/wp\/v2\/pages\/22403","targetHints":{"allow":["GET"]}}],"collection":[{"href":"https:\/\/elizagipuzkoa.org\/eu\/wp-json\/wp\/v2\/pages"}],"about":[{"href":"https:\/\/elizagipuzkoa.org\/eu\/wp-json\/wp\/v2\/types\/page"}],"author":[{"embeddable":true,"href":"https:\/\/elizagipuzkoa.org\/eu\/wp-json\/wp\/v2\/users\/4"}],"replies":[{"embeddable":true,"href":"https:\/\/elizagipuzkoa.org\/eu\/wp-json\/wp\/v2\/comments?post=22403"}],"version-history":[{"count":36,"href":"https:\/\/elizagipuzkoa.org\/eu\/wp-json\/wp\/v2\/pages\/22403\/revisions"}],"predecessor-version":[{"id":37237,"href":"https:\/\/elizagipuzkoa.org\/eu\/wp-json\/wp\/v2\/pages\/22403\/revisions\/37237"}],"up":[{"embeddable":true,"href":"https:\/\/elizagipuzkoa.org\/eu\/wp-json\/wp\/v2\/pages\/22400"}],"wp:attachment":[{"href":"https:\/\/elizagipuzkoa.org\/eu\/wp-json\/wp\/v2\/media?parent=22403"}],"curies":[{"name":"wp","href":"https:\/\/api.w.org\/{rel}","templated":true}]}}