{"id":22405,"date":"2024-01-04T07:54:36","date_gmt":"2024-01-04T06:54:36","guid":{"rendered":"https:\/\/elizagipuzkoa.org\/elizbarrutia\/arloak-eta-ordezkaritzak\/area-de-evangelizacion\/infancia\/"},"modified":"2026-04-07T11:31:23","modified_gmt":"2026-04-07T09:31:23","slug":"haur-eta-nerabeen-katekesia","status":"publish","type":"page","link":"https:\/\/elizagipuzkoa.org\/eu\/elizbarrutia\/erakundea\/ebanjelizatze-arloa\/haur-eta-nerabeen-katekesia\/","title":{"rendered":"Haur eta Nerabeen katekesia"},"content":{"rendered":"<div class=\"wpb-content-wrapper\"><p>[vc_row css=&#8221;.vc_custom_1707215320834{margin-top: 40px !important;margin-bottom: 10px !important;}&#8221;][vc_column][vc_column_text]Ordezkaritzaren eginkizuna kristau elkarteei haur eta nerabeen kristau sarbidean laguntzea da, baita fedea bizi ahal izateko elizbarrutiko guneak eskaintzea ere.[\/vc_column_text][\/vc_column][\/vc_row][vc_row css=&#8221;.vc_custom_1707215445785{margin-bottom: 30px !important;}&#8221;][vc_column width=&#8221;1\/2&#8243;][vc_single_image image=&#8221;23028&#8243; img_size=&#8221;full&#8221;][\/vc_column][vc_column width=&#8221;1\/2&#8243; css=&#8221;.vc_custom_1701615079932{padding-left: 30px !important;}&#8221;][vc_column_text]<\/p>\n<div class=\"wpb_text_column wpb_content_element parrafo-magazine\">\n<div class=\"wpb_wrapper\">\n<p>Laguntza\/zerbitzu hori honela gauzatzen da:<\/p>\n<p>&#8211; Katekistentzako prestakuntza-topaketak antolatuz.<\/p>\n<p>&#8211; Katekistentzako erretiro espiritualak antolatuz.<\/p>\n<p>&#8211; Jai eta ospakizun-jardunaldiak antolatuz.<\/p>\n<p>&#8211; Kristau elkarteei bisita eginez, eta eskariak eta beharrak entzunez.<\/p>\n<p>&nbsp;<\/p><\/div>\n<p>Elizbarruti mailan eta parrokia baten laguntzarekin, urtero, Ordezkaritzarekin batera, katekesiko haur, familia eta katekista guztiekin, topaketa-jai bat antolatzeko aukera eskaintzen da. Udaberrian ospatzen da, eta Elizbarrutiko parrokien parte hartze handia izaten du.<\/p><\/div>\n<p>[\/vc_column_text][\/vc_column][\/vc_row][vc_row disable_element=&#8221;yes&#8221;][vc_column width=&#8221;1\/3&#8243;][vc_message icon_fontawesome=&#8221;far fa-hand-point-right&#8221;]<strong>Necesito hablar con vosotros<\/strong>[\/vc_message][vc_column_text]\u00bfQuieres ponerte en contacto con alg\u00fan miembro de la Delegaci\u00f3n Episcopal de Catequesis de Infancia y Adolescencia? \u00bfQuieres recibir informaci\u00f3n de nuestra labor o contactarnos? Escr\u00edbenos y estaremos encantados de ayudarte.[\/vc_column_text][mvc_advanced_button align=&#8221;center&#8221; btn_text=&#8221;Escr\u00edbenos&#8221; btn_block=&#8221;btn_block&#8221; btn_size=&#8221;14&#8243; google_fonts=&#8221;font_family:Montserrat%3Aregular%2C700|font_style:700%20bold%20regular%3A700%3Anormal&#8221; btn_bg=&#8221;#37a9dd&#8221; btn_clr=&#8221;#ffffff&#8221; btn_url=&#8221;url:%23&#8243;][\/vc_column][vc_column width=&#8221;1\/3&#8243;][vc_message icon_fontawesome=&#8221;far fa-hand-point-right&#8221;]<strong>Quiero colaborar y formarme<\/strong>[\/vc_message][vc_column_text]\u00bfTe gustar\u00eda participar en el acompa\u00f1amiento a las\/os j\u00f3venes? \u00a1No lo dudes! Escr\u00edbenos y hablaremos de c\u00f3mo puedes ayudar.[\/vc_column_text][mvc_advanced_button align=&#8221;center&#8221; btn_text=&#8221;Rellena este formulario&#8221; btn_block=&#8221;btn_block&#8221; btn_size=&#8221;14&#8243; google_fonts=&#8221;font_family:Montserrat%3Aregular%2C700|font_style:700%20bold%20regular%3A700%3Anormal&#8221; btn_bg=&#8221;#37a9dd&#8221; btn_clr=&#8221;#ffffff&#8221; btn_url=&#8221;url:%23&#8243;][\/vc_column][\/vc_row][vc_row css=&#8221;.vc_custom_1706003517217{margin-bottom: 0px !important;}&#8221;][vc_column width=&#8221;1\/2&#8243;][vc_separator color=&#8221;custom&#8221; border_width=&#8221;5&#8243; accent_color=&#8221;#37a9dd&#8221;][vc_custom_heading text=&#8221;Kontaktua&#8221; font_container=&#8221;tag:h2|font_size:32|text_align:left&#8221; google_fonts=&#8221;font_family:Montserrat%3Aregular%2C700|font_style:700%20bold%20regular%3A700%3Anormal&#8221; css=&#8221;.vc_custom_1707215333669{margin-bottom: 30px !important;}&#8221;][\/vc_column][vc_column width=&#8221;1\/2&#8243;][\/vc_column][\/vc_row][vc_row css=&#8221;.vc_custom_1727093950411{margin-bottom: 20px !important;}&#8221;][vc_column width=&#8221;1\/2&#8243;][vc_column_text css=&#8221;&#8221;]Gotzain ordezkaria: Miren Itziar Arocena Ega\u00f1a<br \/>\nE-mail: <a href=\"mailto:haurnerabe@elizagipuzkoa.org\">haurnerabe@elizagipuzkoa.org<\/a><br \/>\nTelefonoa: 943 258 000<br \/>\nHeriz Pasealekua, 82 (Seminarioa)<br \/>\n20008 Donostia[\/vc_column_text][\/vc_column][\/vc_row][vc_row css=&#8221;.vc_custom_1706003517217{margin-bottom: 0px !important;}&#8221;][vc_column width=&#8221;1\/2&#8243;][vc_separator color=&#8221;custom&#8221; border_width=&#8221;5&#8243; accent_color=&#8221;#37a9dd&#8221;][vc_custom_heading text=&#8221;Baliabideak&#8221; font_container=&#8221;tag:h2|font_size:32|text_align:left&#8221; google_fonts=&#8221;font_family:Montserrat%3Aregular%2C700|font_style:700%20bold%20regular%3A700%3Anormal&#8221; css=&#8221;.vc_custom_1727093745397{margin-bottom: 30px !important;}&#8221;][\/vc_column][vc_column width=&#8221;1\/2&#8243;][\/vc_column][\/vc_row][vc_row css=&#8221;.vc_custom_1727093942583{margin-bottom: 20px !important;}&#8221;][vc_column][vc_column_text css=&#8221;&#8221;]<span class=\"interactive\">Katekesirako<\/span>\u00a0<span class=\"interactive\">baliabideak<\/span>\u00a0<span class=\"interactive\">aurki<\/span>\u00a0<span class=\"interactive\">ditzakezu<\/span>\u00a0<span class=\"interactive\"><strong><a href=\"https:\/\/elizagipuzkoa.org\/eu\/baliabideak-katekesia\/\">hemen<\/a><\/strong>.<\/span>[\/vc_column_text][vc_column_text css=&#8221;&#8221;]<strong>Dokumentuak:\u00a0<\/strong><\/p>\n<ul>\n<li><span style=\"color: #0000ff;\"><a style=\"color: #0000ff;\" href=\"https:\/\/elizagipuzkoa.org\/wp-content\/uploads\/2025\/03\/Hausterre.pdf\">Hausterre 2025<\/a><\/span><\/li>\n<li>&#8220;Entzuten gaude gu, Jauna-Juanjo Elezkano&#8221; 2025 (Audio):<\/li>\n<\/ul>\n<audio class=\"wp-audio-shortcode\" id=\"audio-22405-1\" preload=\"none\" style=\"width: 100%;\" controls=\"controls\"><source type=\"audio\/mpeg\" src=\"https:\/\/elizagipuzkoa.org\/wp-content\/uploads\/2025\/03\/Entzuten-gaude-gu-Jauna-Juanjo-Elezkano.mp3?_=1\" \/><a href=\"https:\/\/elizagipuzkoa.org\/wp-content\/uploads\/2025\/03\/Entzuten-gaude-gu-Jauna-Juanjo-Elezkano.mp3\">https:\/\/elizagipuzkoa.org\/wp-content\/uploads\/2025\/03\/Entzuten-gaude-gu-Jauna-Juanjo-Elezkano.mp3<\/a><\/audio>\n<ul>\n<li><span style=\"color: #0000ff;\"><a style=\"color: #0000ff;\" href=\"https:\/\/www.dominicos.org\/predicacion\/homilia\/9-3-2025\/infantil\/\">Homil\u00eda para ni\u00f1os. Homil\u00eda dominical 9 de marzo (2025). I Domingo de Cuaresma\u00a0<\/a><\/span><\/li>\n<li><span style=\"color: #0000ff;\"><a style=\"color: #0000ff;\" href=\"https:\/\/elizagipuzkoa.org\/wp-content\/uploads\/2025\/03\/Jubileua-haurreri.pdf\">Jubileua haurreri<\/a><\/span><\/li>\n<li><span style=\"color: #0000ff;\"><a style=\"color: #0000ff;\" href=\"https:\/\/elizagipuzkoa.org\/wp-content\/uploads\/2025\/09\/Deialdi-bateratua-egiteko-.pptx\">&#8220;Jesus ezagutu nahi?&#8221;<\/a><\/span><\/li>\n<li><span style=\"color: #0000ff;\"><a style=\"color: #0000ff;\" href=\"https:\/\/elizagipuzkoa.org\/wp-content\/uploads\/2025\/11\/Etxean-Otoitz-2-Venid-y-vereis-Castellano.pdf\">Etxean Otoitz 2 -Venid y ver\u00e9is &#8211; Castellano<\/a><\/span><\/li>\n<li><a style=\"color: #0000ff;\" href=\"https:\/\/elizagipuzkoa.org\/wp-content\/uploads\/2025\/11\/Etxean-Otoitz-2-Etorri-eta-Ikusi-Euskeraz.pdf\">Etxean Otoitz 2 &#8211; Etorri eta Ikusi &#8211; Euskeraz<\/a><\/li>\n<li><a style=\"color: #0000ff;\" href=\"https:\/\/elizagipuzkoa.org\/wp-content\/uploads\/2025\/11\/2025eko-Etxeko-Eliza-eskutitza.pdf\">2025eko Etxeko Eliza eskutitza<\/a><\/li>\n<li><span style=\"color: #0000ff;\"><a style=\"color: #0000ff;\" href=\"https:\/\/drive.google.com\/drive\/folders\/1wfyJJMEOZ8FJKqcUlP84C9njbQZNItx1?usp=sharing\">Abendualdia 2025\u00a0<\/a><\/span><\/li>\n<li><span style=\"color: #0000ff;\"><a style=\"color: #0000ff;\" href=\"https:\/\/elizagipuzkoa.org\/wp-content\/uploads\/2025\/12\/Etxean-Otoitz-3-Abendualdia-Euskeraz.pdf\">Familian otoitz<\/a><\/span><\/li>\n<li><span style=\"color: #0000ff;\"><a style=\"color: #0000ff;\" href=\"https:\/\/drive.google.com\/drive\/folders\/1imQjUbMfKGVs1zegQGCQoB5BIoCb9Edd?usp=sharing\">Etxean otoitz 4<\/a><\/span><\/li>\n<\/ul>\n<p>[\/vc_column_text][vc_column_text css=&#8221;&#8221;][\/vc_column_text][\/vc_column][\/vc_row][vc_row css=&#8221;.vc_custom_1699728357483{margin-top: 50px !important;margin-bottom: 0px !important;padding-bottom: 25px !important;}&#8221;][vc_column][vc_separator color=&#8221;custom&#8221; border_width=&#8221;5&#8243; accent_color=&#8221;#37a9dd&#8221;][vc_custom_heading text=&#8221;Albisteak&#8221; font_container=&#8221;tag:h2|font_size:32|text_align:left&#8221; google_fonts=&#8221;font_family:Montserrat%3Aregular%2C700|font_style:700%20bold%20regular%3A700%3Anormal&#8221; css=&#8221;.vc_custom_1706691840040{margin-bottom: 50px !important;}&#8221;][vc_basic_grid post_type=&#8221;post&#8221; max_items=&#8221;3&#8243; item=&#8221;20700&#8243; initial_loading_animation=&#8221;none&#8221; css=&#8221;&#8221; grid_id=&#8221;vc_gid:1775554184121-290d64272c0c5ab4c43f486f32f0ef33-8&#8243; taxonomies=&#8221;194&#8243;][\/vc_column][\/vc_row][vc_row disable_element=&#8221;yes&#8221;][vc_column][vc_separator color=&#8221;custom&#8221; border_width=&#8221;5&#8243; accent_color=&#8221;#37a9dd&#8221;][vc_custom_heading text=&#8221;Enlaces de inter\u00e9s&#8221; font_container=&#8221;tag:h2|font_size:32|text_align:left&#8221; google_fonts=&#8221;font_family:Montserrat%3Aregular%2C700|font_style:700%20bold%20regular%3A700%3Anormal&#8221; css=&#8221;.vc_custom_1702134827900{margin-bottom: 50px !important;}&#8221;][\/vc_column][vc_column][vc_custom_heading text=&#8221;Orientaciones pastorales de la CEE&#8221; font_container=&#8221;tag:p|font_size:14|text_align:left&#8221; google_fonts=&#8221;font_family:Montserrat%3Aregular%2C700|font_style:400%20regular%3A400%3Anormal&#8221; el_class=&#8221;custom-p-border&#8221; link=&#8221;url:https%3A%2F%2Fwww.conferenciaepiscopal.es%2Fomella-presenta-orientaciones-pastorales%2F|target:_blank&#8221;][vc_custom_heading text=&#8221;Para dar luz&#8221; font_container=&#8221;tag:p|font_size:14|text_align:left&#8221; google_fonts=&#8221;font_family:Montserrat%3Aregular%2C700|font_style:400%20regular%3A400%3Anormal&#8221; el_class=&#8221;custom-p-border&#8221; link=&#8221;url:https%3A%2F%2Fwww.paradarluz.com%2F|target:_blank&#8221;][vc_custom_heading text=&#8221;#HazMemoria&#8221; font_container=&#8221;tag:p|font_size:14|text_align:left&#8221; google_fonts=&#8221;font_family:Montserrat%3Aregular%2C700|font_style:400%20regular%3A400%3Anormal&#8221; el_class=&#8221;custom-p-border&#8221; link=&#8221;url:https%3A%2F%2Fwww.conferenciaepiscopal.es%2Finteresa%2Fhazmemoria-2022%2F|target:_blank&#8221;][vc_custom_heading text=&#8221;Cuadernos del Concilio&#8221; font_container=&#8221;tag:p|font_size:14|text_align:left&#8221; google_fonts=&#8221;font_family:Montserrat%3Aregular%2C700|font_style:400%20regular%3A400%3Anormal&#8221; el_class=&#8221;custom-p-border&#8221; link=&#8221;url:http%3A%2F%2Fcuadernosdelconcilio.com%2F|target:_blank&#8221;][vc_custom_heading text=&#8221;S\u00ednodo 2021 &#8211; 2024&#8243; font_container=&#8221;tag:p|font_size:14|text_align:left&#8221; google_fonts=&#8221;font_family:Montserrat%3Aregular%2C700|font_style:400%20regular%3A400%3Anormal&#8221; el_class=&#8221;custom-p-border&#8221; link=&#8221;url:https%3A%2F%2Fwww.conferenciaepiscopal.es%2Finteresa%2Fsinodo%2F|target:_blank&#8221;][\/vc_column][\/vc_row]<\/p>\n<\/div>","protected":false},"excerpt":{"rendered":"<p>[vc_row css=&#8221;.vc_custom_1707215320834{margin-top: 40px !important;margin-bottom: 10px !important;}&#8221;][vc_column][vc_column_text]Ordezkaritzaren eginkizuna kristau elkarteei haur eta nerabeen kristau sarbidean laguntzea da, baita fedea bizi ahal izateko elizbarrutiko guneak eskaintzea ere.[\/vc_column_text][\/vc_column][\/vc_row][vc_row [&#8230;]<\/p>\n","protected":false},"author":4,"featured_media":0,"parent":22400,"menu_order":0,"comment_status":"closed","ping_status":"closed","template":"","meta":{"_price":"","_stock":"","_tribe_ticket_header":"","_tribe_default_ticket_provider":"","_tribe_ticket_capacity":"0","_ticket_start_date":"","_ticket_end_date":"","_tribe_ticket_show_description":"","_tribe_ticket_show_not_going":false,"_tribe_ticket_use_global_stock":"","_tribe_ticket_global_stock_level":"","_global_stock_mode":"","_global_stock_cap":"","_tribe_rsvp_for_event":"","_tribe_ticket_going_count":"","_tribe_ticket_not_going_count":"","_tribe_tickets_list":"[]","_tribe_ticket_has_attendee_info_fields":false,"footnotes":""},"class_list":["post-22405","page","type-page","status-publish","hentry"],"yoast_head":"<!-- This site is optimized with the Yoast SEO plugin v26.9 - https:\/\/yoast.com\/product\/yoast-seo-wordpress\/ -->\n<title>Haur eta Nerabeen katekesia - Di\u00f3cesis de San Sebasti\u00e1n<\/title>\n<meta name=\"robots\" content=\"index, follow, max-snippet:-1, max-image-preview:large, max-video-preview:-1\" \/>\n<link rel=\"canonical\" href=\"https:\/\/elizagipuzkoa.org\/eu\/elizbarrutia\/erakundea\/ebanjelizatze-arloa\/haur-eta-nerabeen-katekesia\/\" \/>\n<meta property=\"og:locale\" content=\"en_US\" \/>\n<meta property=\"og:type\" content=\"article\" \/>\n<meta property=\"og:title\" content=\"Haur eta Nerabeen katekesia - Di\u00f3cesis de San Sebasti\u00e1n\" \/>\n<meta property=\"og:description\" content=\"[vc_row css=&#8221;.vc_custom_1707215320834{margin-top: 40px !important;margin-bottom: 10px !important;}&#8221;][vc_column][vc_column_text]Ordezkaritzaren eginkizuna kristau elkarteei haur eta nerabeen kristau sarbidean laguntzea da, baita fedea bizi ahal izateko elizbarrutiko guneak eskaintzea ere.[\/vc_column_text][\/vc_column][\/vc_row][vc_row [...]\" \/>\n<meta property=\"og:url\" content=\"https:\/\/elizagipuzkoa.org\/eu\/elizbarrutia\/erakundea\/ebanjelizatze-arloa\/haur-eta-nerabeen-katekesia\/\" \/>\n<meta property=\"og:site_name\" content=\"Di\u00f3cesis de San Sebasti\u00e1n\" \/>\n<meta property=\"article:publisher\" content=\"https:\/\/www.facebook.com\/p\/Donostiako-ElizbarrutiaDicesis-de-San-Sebastin-100064874702840\/\" \/>\n<meta property=\"article:modified_time\" content=\"2026-04-07T09:31:23+00:00\" \/>\n<meta name=\"twitter:card\" content=\"summary_large_image\" \/>\n<meta name=\"twitter:site\" content=\"@diocesis_ss\" \/>\n<meta name=\"twitter:label1\" content=\"Est. reading time\" \/>\n\t<meta name=\"twitter:data1\" content=\"2 minutua\" \/>\n<script type=\"application\/ld+json\" class=\"yoast-schema-graph\">{\"@context\":\"https:\/\/schema.org\",\"@graph\":[{\"@type\":\"WebPage\",\"@id\":\"https:\/\/elizagipuzkoa.org\/eu\/elizbarrutia\/erakundea\/ebanjelizatze-arloa\/haur-eta-nerabeen-katekesia\/\",\"url\":\"https:\/\/elizagipuzkoa.org\/eu\/elizbarrutia\/erakundea\/ebanjelizatze-arloa\/haur-eta-nerabeen-katekesia\/\",\"name\":\"Haur eta Nerabeen katekesia - Di\u00f3cesis de San Sebasti\u00e1n\",\"isPartOf\":{\"@id\":\"https:\/\/elizagipuzkoa.org\/eu\/#website\"},\"datePublished\":\"2024-01-04T06:54:36+00:00\",\"dateModified\":\"2026-04-07T09:31:23+00:00\",\"breadcrumb\":{\"@id\":\"https:\/\/elizagipuzkoa.org\/eu\/elizbarrutia\/erakundea\/ebanjelizatze-arloa\/haur-eta-nerabeen-katekesia\/#breadcrumb\"},\"inLanguage\":\"eu\",\"potentialAction\":[{\"@type\":\"ReadAction\",\"target\":[\"https:\/\/elizagipuzkoa.org\/eu\/elizbarrutia\/erakundea\/ebanjelizatze-arloa\/haur-eta-nerabeen-katekesia\/\"]}]},{\"@type\":\"BreadcrumbList\",\"@id\":\"https:\/\/elizagipuzkoa.org\/eu\/elizbarrutia\/erakundea\/ebanjelizatze-arloa\/haur-eta-nerabeen-katekesia\/#breadcrumb\",\"itemListElement\":[{\"@type\":\"ListItem\",\"position\":1,\"name\":\"Inicio\",\"item\":\"https:\/\/elizagipuzkoa.org\/eu\/\"},{\"@type\":\"ListItem\",\"position\":2,\"name\":\"Elizbarrutia\",\"item\":\"https:\/\/elizagipuzkoa.org\/eu\/diocesis\/\"},{\"@type\":\"ListItem\",\"position\":3,\"name\":\"Erakundea\",\"item\":\"https:\/\/elizagipuzkoa.org\/eu\/elizbarrutia\/erakundea\/\"},{\"@type\":\"ListItem\",\"position\":4,\"name\":\"Ebanjelizatze arloa\",\"item\":\"https:\/\/elizagipuzkoa.org\/eu\/elizbarrutia\/erakundea\/ebanjelizatze-arloa\/\"},{\"@type\":\"ListItem\",\"position\":5,\"name\":\"Haur eta Nerabeen katekesia\"}]},{\"@type\":\"WebSite\",\"@id\":\"https:\/\/elizagipuzkoa.org\/eu\/#website\",\"url\":\"https:\/\/elizagipuzkoa.org\/eu\/\",\"name\":\"Di\u00f3cesis de San Sebasti\u00e1n\",\"description\":\"\",\"publisher\":{\"@id\":\"https:\/\/elizagipuzkoa.org\/eu\/#organization\"},\"potentialAction\":[{\"@type\":\"SearchAction\",\"target\":{\"@type\":\"EntryPoint\",\"urlTemplate\":\"https:\/\/elizagipuzkoa.org\/eu\/?s={search_term_string}\"},\"query-input\":{\"@type\":\"PropertyValueSpecification\",\"valueRequired\":true,\"valueName\":\"search_term_string\"}}],\"inLanguage\":\"eu\"},{\"@type\":\"Organization\",\"@id\":\"https:\/\/elizagipuzkoa.org\/eu\/#organization\",\"name\":\"Di\u00f3cesis de San Sebasti\u00e1n\",\"url\":\"https:\/\/elizagipuzkoa.org\/eu\/\",\"logo\":{\"@type\":\"ImageObject\",\"inLanguage\":\"eu\",\"@id\":\"https:\/\/elizagipuzkoa.org\/eu\/#\/schema\/logo\/image\/\",\"url\":\"https:\/\/elizagipuzkoa.org\/wp-content\/uploads\/2024\/02\/logo_transparente_250.png\",\"contentUrl\":\"https:\/\/elizagipuzkoa.org\/wp-content\/uploads\/2024\/02\/logo_transparente_250.png\",\"width\":250,\"height\":124,\"caption\":\"Di\u00f3cesis de San Sebasti\u00e1n\"},\"image\":{\"@id\":\"https:\/\/elizagipuzkoa.org\/eu\/#\/schema\/logo\/image\/\"},\"sameAs\":[\"https:\/\/www.facebook.com\/p\/Donostiako-ElizbarrutiaDicesis-de-San-Sebastin-100064874702840\/\",\"https:\/\/x.com\/diocesis_ss\",\"https:\/\/www.instagram.com\/diocesis_ss\/?hl=es\",\"https:\/\/www.youtube.com\/@DiocesisdeSanSebastian\",\"https:\/\/www.flickr.com\/photos\/133958253@N05\/albums\/\"]}]}<\/script>\n<!-- \/ Yoast SEO plugin. -->","yoast_head_json":{"title":"Haur eta Nerabeen katekesia - Di\u00f3cesis de San Sebasti\u00e1n","robots":{"index":"index","follow":"follow","max-snippet":"max-snippet:-1","max-image-preview":"max-image-preview:large","max-video-preview":"max-video-preview:-1"},"canonical":"https:\/\/elizagipuzkoa.org\/eu\/elizbarrutia\/erakundea\/ebanjelizatze-arloa\/haur-eta-nerabeen-katekesia\/","og_locale":"en_US","og_type":"article","og_title":"Haur eta Nerabeen katekesia - Di\u00f3cesis de San Sebasti\u00e1n","og_description":"[vc_row css=&#8221;.vc_custom_1707215320834{margin-top: 40px !important;margin-bottom: 10px !important;}&#8221;][vc_column][vc_column_text]Ordezkaritzaren eginkizuna kristau elkarteei haur eta nerabeen kristau sarbidean laguntzea da, baita fedea bizi ahal izateko elizbarrutiko guneak eskaintzea ere.[\/vc_column_text][\/vc_column][\/vc_row][vc_row [...]","og_url":"https:\/\/elizagipuzkoa.org\/eu\/elizbarrutia\/erakundea\/ebanjelizatze-arloa\/haur-eta-nerabeen-katekesia\/","og_site_name":"Di\u00f3cesis de San Sebasti\u00e1n","article_publisher":"https:\/\/www.facebook.com\/p\/Donostiako-ElizbarrutiaDicesis-de-San-Sebastin-100064874702840\/","article_modified_time":"2026-04-07T09:31:23+00:00","twitter_card":"summary_large_image","twitter_site":"@diocesis_ss","twitter_misc":{"Est. reading time":"2 minutua"},"schema":{"@context":"https:\/\/schema.org","@graph":[{"@type":"WebPage","@id":"https:\/\/elizagipuzkoa.org\/eu\/elizbarrutia\/erakundea\/ebanjelizatze-arloa\/haur-eta-nerabeen-katekesia\/","url":"https:\/\/elizagipuzkoa.org\/eu\/elizbarrutia\/erakundea\/ebanjelizatze-arloa\/haur-eta-nerabeen-katekesia\/","name":"Haur eta Nerabeen katekesia - Di\u00f3cesis de San Sebasti\u00e1n","isPartOf":{"@id":"https:\/\/elizagipuzkoa.org\/eu\/#website"},"datePublished":"2024-01-04T06:54:36+00:00","dateModified":"2026-04-07T09:31:23+00:00","breadcrumb":{"@id":"https:\/\/elizagipuzkoa.org\/eu\/elizbarrutia\/erakundea\/ebanjelizatze-arloa\/haur-eta-nerabeen-katekesia\/#breadcrumb"},"inLanguage":"eu","potentialAction":[{"@type":"ReadAction","target":["https:\/\/elizagipuzkoa.org\/eu\/elizbarrutia\/erakundea\/ebanjelizatze-arloa\/haur-eta-nerabeen-katekesia\/"]}]},{"@type":"BreadcrumbList","@id":"https:\/\/elizagipuzkoa.org\/eu\/elizbarrutia\/erakundea\/ebanjelizatze-arloa\/haur-eta-nerabeen-katekesia\/#breadcrumb","itemListElement":[{"@type":"ListItem","position":1,"name":"Inicio","item":"https:\/\/elizagipuzkoa.org\/eu\/"},{"@type":"ListItem","position":2,"name":"Elizbarrutia","item":"https:\/\/elizagipuzkoa.org\/eu\/diocesis\/"},{"@type":"ListItem","position":3,"name":"Erakundea","item":"https:\/\/elizagipuzkoa.org\/eu\/elizbarrutia\/erakundea\/"},{"@type":"ListItem","position":4,"name":"Ebanjelizatze arloa","item":"https:\/\/elizagipuzkoa.org\/eu\/elizbarrutia\/erakundea\/ebanjelizatze-arloa\/"},{"@type":"ListItem","position":5,"name":"Haur eta Nerabeen katekesia"}]},{"@type":"WebSite","@id":"https:\/\/elizagipuzkoa.org\/eu\/#website","url":"https:\/\/elizagipuzkoa.org\/eu\/","name":"Di\u00f3cesis de San Sebasti\u00e1n","description":"","publisher":{"@id":"https:\/\/elizagipuzkoa.org\/eu\/#organization"},"potentialAction":[{"@type":"SearchAction","target":{"@type":"EntryPoint","urlTemplate":"https:\/\/elizagipuzkoa.org\/eu\/?s={search_term_string}"},"query-input":{"@type":"PropertyValueSpecification","valueRequired":true,"valueName":"search_term_string"}}],"inLanguage":"eu"},{"@type":"Organization","@id":"https:\/\/elizagipuzkoa.org\/eu\/#organization","name":"Di\u00f3cesis de San Sebasti\u00e1n","url":"https:\/\/elizagipuzkoa.org\/eu\/","logo":{"@type":"ImageObject","inLanguage":"eu","@id":"https:\/\/elizagipuzkoa.org\/eu\/#\/schema\/logo\/image\/","url":"https:\/\/elizagipuzkoa.org\/wp-content\/uploads\/2024\/02\/logo_transparente_250.png","contentUrl":"https:\/\/elizagipuzkoa.org\/wp-content\/uploads\/2024\/02\/logo_transparente_250.png","width":250,"height":124,"caption":"Di\u00f3cesis de San Sebasti\u00e1n"},"image":{"@id":"https:\/\/elizagipuzkoa.org\/eu\/#\/schema\/logo\/image\/"},"sameAs":["https:\/\/www.facebook.com\/p\/Donostiako-ElizbarrutiaDicesis-de-San-Sebastin-100064874702840\/","https:\/\/x.com\/diocesis_ss","https:\/\/www.instagram.com\/diocesis_ss\/?hl=es","https:\/\/www.youtube.com\/@DiocesisdeSanSebastian","https:\/\/www.flickr.com\/photos\/133958253@N05\/albums\/"]}]}},"ticketed":false,"_links":{"self":[{"href":"https:\/\/elizagipuzkoa.org\/eu\/wp-json\/wp\/v2\/pages\/22405","targetHints":{"allow":["GET"]}}],"collection":[{"href":"https:\/\/elizagipuzkoa.org\/eu\/wp-json\/wp\/v2\/pages"}],"about":[{"href":"https:\/\/elizagipuzkoa.org\/eu\/wp-json\/wp\/v2\/types\/page"}],"author":[{"embeddable":true,"href":"https:\/\/elizagipuzkoa.org\/eu\/wp-json\/wp\/v2\/users\/4"}],"replies":[{"embeddable":true,"href":"https:\/\/elizagipuzkoa.org\/eu\/wp-json\/wp\/v2\/comments?post=22405"}],"version-history":[{"count":28,"href":"https:\/\/elizagipuzkoa.org\/eu\/wp-json\/wp\/v2\/pages\/22405\/revisions"}],"predecessor-version":[{"id":56857,"href":"https:\/\/elizagipuzkoa.org\/eu\/wp-json\/wp\/v2\/pages\/22405\/revisions\/56857"}],"up":[{"embeddable":true,"href":"https:\/\/elizagipuzkoa.org\/eu\/wp-json\/wp\/v2\/pages\/22400"}],"wp:attachment":[{"href":"https:\/\/elizagipuzkoa.org\/eu\/wp-json\/wp\/v2\/media?parent=22405"}],"curies":[{"name":"wp","href":"https:\/\/api.w.org\/{rel}","templated":true}]}}