{"id":30602,"date":"2024-08-28T08:51:03","date_gmt":"2024-08-28T06:51:03","guid":{"rendered":"https:\/\/elizagipuzkoa.org\/portal-privacidad\/politica-informativa-en-materia-de-datos-personales-whatsapp\/"},"modified":"2024-08-28T08:51:03","modified_gmt":"2024-08-28T06:51:03","slug":"politica-informativa-en-materia-de-datos-personales-whatsapp","status":"publish","type":"page","link":"https:\/\/elizagipuzkoa.org\/eu\/pribatutasun-ataria\/politica-informativa-en-materia-de-datos-personales-whatsapp\/","title":{"rendered":"Pol\u00edtica informativa en materia de datos personales: WhatsApp"},"content":{"rendered":"<p><strong>Responsable<\/strong><\/p>\n<p>\u00bfQui\u00e9n es Responsable del tratamiento de sus datos?<\/p>\n<p>OBISPADO DE LA DI\u00d3CESIS DE SAN SEBASTI\u00c1N<\/p>\n<p>&#8211; Direcci\u00f3n postal para el env\u00edo de solicitudes vinculadas al tratamiento de datos personales:<br \/>\nPaseo de H\u00e9riz, 82 (Seminario) &#8211; 20008 Donostia \/ San Sebasti\u00e1n<\/p>\n<p>&#8211; Direcci\u00f3n electr\u00f3nica para el env\u00edo de solicitudes vinculadas al tratamiento de datos personales:<br \/>\n<a href=\"mailto:dpd@elizagipuzkoa.org\">dpd@elizagipuzkoa.org<\/a><\/p>\n<p><strong>Finalidad<\/strong><\/p>\n<p>\u00bfPara qu\u00e9 tratamos sus datos?<\/p>\n<p>Para gestionar la comunicaci\u00f3n con personas interesadas en la actividad de la Di\u00f3cesis mediante la suscripci\u00f3n al env\u00edo de informaci\u00f3n de noticias, servicios o actividad distribuida a trav\u00e9s de correo electr\u00f3nico, WhatsApp o bolet\u00edn digital.<\/p>\n<p><strong>Legitimaci\u00f3n<\/strong><\/p>\n<p>\u00bfCu\u00e1l es la legitimaci\u00f3n para el tratamiento de sus datos?<\/p>\n<p>Ley 34\/2002 de servicios de la sociedad de la informaci\u00f3n y de comercio electr\u00f3nico (art. 21), en conexi\u00f3n con el consentimiento del interesado (art. 6.1.a) del Reglamento General Europeo de Protecci\u00f3n de Datos).<\/p>\n<p><strong>Destinatarios<\/strong><\/p>\n<p>\u00bfA qui\u00e9n comunicamos sus datos?<\/p>\n<p>Los datos personales no ser\u00e1n objeto de cesi\u00f3n a terceras personas u organizaciones, salvo en caso de ser necesario para el cumplimiento de obligaciones legalmente establecidas o dar soporte al servicio a trav\u00e9s de proveedoras externas.<\/p>\n<p><strong>Transferencias internacionales<\/strong><\/p>\n<p>\u00bfTransferimos sus datos fuera de la Uni\u00f3n Europea?<\/p>\n<p>La informaci\u00f3n se gestiona a trav\u00e9s de los servicios en la nube de MICROSOFT AZURE, lo que puede conllevar el almacenamiento de datos en Estados Unidos u otros pa\u00edses en los que opere MICROSOFT o sus Subencargados del tratamiento, en base a cl\u00e1usulas contractuales tipo adoptadas por la Comisi\u00f3n Europea.<\/p>\n<p>Igualmente, el uso de la aplicaci\u00f3n de mensajer\u00eda instant\u00e1nea WhatsApp conlleva la transferencia internacional de datos a centros de WhatsApp Ireland Limited, de otras empresas de Meta y proveedores externos ubicados en Estados Unidos y otros pa\u00edses terceros, en base a cl\u00e1usulas contractuales tipo adoptadas por la Comisi\u00f3n Europea.<\/p>\n<p><strong>Conservaci\u00f3n<\/strong><\/p>\n<p>\u00bfDurante cu\u00e1nto tiempo conservamos sus datos?<\/p>\n<p>Los datos personales se mantendr\u00e1n hasta la baja o retirada del consentimiento manifestada por la persona suscriptora.<\/p>\n<p><strong>Derechos<\/strong><\/p>\n<p>\u00bfCu\u00e1les son sus derechos cuando nos facilita sus datos?<\/p>\n<p>Cualquier persona tiene derecho a obtener confirmaci\u00f3n sobre si el OBISPADO DE LA DI\u00d3CESIS DE SAN SEBASTI\u00c1N est\u00e1 tratando datos personales que le conciernan.<\/p>\n<p>Las personas interesadas tienen derecho a acceder a sus datos personales, as\u00ed como a solicitar la rectificaci\u00f3n de los datos inexactos o, en su caso, solicitar su supresi\u00f3n cuando, entre otros motivos, los datos ya no sean necesarios para los fines que fueron recogidos.<\/p>\n<p>En los supuestos en que el tratamiento se base en la obtenci\u00f3n del consentimiento de la persona \u00e9sta podr\u00e1 proceder a su revocaci\u00f3n, revocaci\u00f3n que no afectar\u00e1 al tratamiento efectuado con anterioridad a dicha manifestaci\u00f3n.<\/p>\n<p>En determinadas circunstancias, las personas interesadas podr\u00e1n solicitar la limitaci\u00f3n del tratamiento de sus datos, en cuyo caso \u00fanicamente los conservaremos para el ejercicio o la defensa de reclamaciones.<\/p>\n<p>En los supuestos en que el tratamiento se base en el inter\u00e9s leg\u00edtimo podr\u00e1 la persona oponerse al tratamiento de sus datos personales. En tal caso, el OBISPADO DE LA DI\u00d3CESIS DE SAN SEBASTI\u00c1N dejar\u00e1 de tratar los datos, salvo por motivos leg\u00edtimos imperiosos, o el ejercicio o la defensa de posibles reclamaciones.<\/p>\n<p>La persona interesada puede ejercitar sus derechos dirigiendo su solicitud a la direcci\u00f3n postal o electr\u00f3nica que han sido indicadas en el apartado de identificaci\u00f3n de responsable. Puede utilizar los modelos disponibles en la p\u00e1gina web de la Agencia Espa\u00f1ola de Protecci\u00f3n de Datos (<a href=\"https:\/\/www.aepd.es\/derechos-y-deberes\/conoce-tus-derechos\" target=\"_blank\" rel=\"noopener noreferrer\" data-auth=\"NotApplicable\" data-linkindex=\"0\">https:\/\/www.aepd.es\/derechos-y-deberes\/conoce-tus-derechos<\/a>).<\/p>\n<p>Asimismo, puede presentar una reclamaci\u00f3n ante la Agencia Espa\u00f1ola de Protecci\u00f3n de Datos, especialmente cuando no haya obtenido satisfacci\u00f3n en el ejercicio de sus derechos, en la direcci\u00f3n postal y\/o electr\u00f3nica indicada en su p\u00e1gina web <a href=\"https:\/\/www.aepd.es\/\" target=\"_blank\" rel=\"noopener\">www.aepd.es<\/a>.<\/p>\n<p><strong>Seguridad<\/strong><\/p>\n<p>Los datos ser\u00e1n tratados de forma confidencial y bajo el sometimiento a medidas t\u00e9cnicas y organizativas de seguridad adecuadas para evitar su alteraci\u00f3n, p\u00e9rdida, tratamiento o acceso no autorizado.<\/p>\n","protected":false},"excerpt":{"rendered":"<p>Responsable \u00bfQui\u00e9n es Responsable del tratamiento de sus datos? OBISPADO DE LA DI\u00d3CESIS DE SAN SEBASTI\u00c1N &#8211; Direcci\u00f3n postal para el env\u00edo de solicitudes vinculadas [&#8230;]<\/p>\n","protected":false},"author":4,"featured_media":0,"parent":21756,"menu_order":0,"comment_status":"closed","ping_status":"closed","template":"","meta":{"_price":"","_stock":"","_tribe_ticket_header":"","_tribe_default_ticket_provider":"","_tribe_ticket_capacity":"0","_ticket_start_date":"","_ticket_end_date":"","_tribe_ticket_show_description":"","_tribe_ticket_show_not_going":false,"_tribe_ticket_use_global_stock":"","_tribe_ticket_global_stock_level":"","_global_stock_mode":"","_global_stock_cap":"","_tribe_rsvp_for_event":"","_tribe_ticket_going_count":"","_tribe_ticket_not_going_count":"","_tribe_tickets_list":"[]","_tribe_ticket_has_attendee_info_fields":false,"footnotes":""},"class_list":["post-30602","page","type-page","status-publish","hentry"],"yoast_head":"<!-- This site is optimized with the Yoast SEO plugin v26.9 - https:\/\/yoast.com\/product\/yoast-seo-wordpress\/ -->\n<title>Pol\u00edtica informativa en materia de datos personales: WhatsApp - Di\u00f3cesis de San Sebasti\u00e1n<\/title>\n<meta name=\"robots\" content=\"index, follow, max-snippet:-1, max-image-preview:large, max-video-preview:-1\" \/>\n<link rel=\"canonical\" href=\"https:\/\/elizagipuzkoa.org\/eu\/pribatutasun-ataria\/politica-informativa-en-materia-de-datos-personales-whatsapp\/\" \/>\n<meta property=\"og:locale\" content=\"en_US\" \/>\n<meta property=\"og:type\" content=\"article\" \/>\n<meta property=\"og:title\" content=\"Pol\u00edtica informativa en materia de datos personales: WhatsApp - Di\u00f3cesis de San Sebasti\u00e1n\" \/>\n<meta property=\"og:description\" content=\"Responsable \u00bfQui\u00e9n es Responsable del tratamiento de sus datos? OBISPADO DE LA DI\u00d3CESIS DE SAN SEBASTI\u00c1N &#8211; Direcci\u00f3n postal para el env\u00edo de solicitudes vinculadas [...]\" \/>\n<meta property=\"og:url\" content=\"https:\/\/elizagipuzkoa.org\/eu\/pribatutasun-ataria\/politica-informativa-en-materia-de-datos-personales-whatsapp\/\" \/>\n<meta property=\"og:site_name\" content=\"Di\u00f3cesis de San Sebasti\u00e1n\" \/>\n<meta property=\"article:publisher\" content=\"https:\/\/www.facebook.com\/p\/Donostiako-ElizbarrutiaDicesis-de-San-Sebastin-100064874702840\/\" \/>\n<meta name=\"twitter:card\" content=\"summary_large_image\" \/>\n<meta name=\"twitter:site\" content=\"@diocesis_ss\" \/>\n<meta name=\"twitter:label1\" content=\"Est. reading time\" \/>\n\t<meta name=\"twitter:data1\" content=\"4 minutua\" \/>\n<script type=\"application\/ld+json\" class=\"yoast-schema-graph\">{\"@context\":\"https:\/\/schema.org\",\"@graph\":[{\"@type\":\"WebPage\",\"@id\":\"https:\/\/elizagipuzkoa.org\/eu\/pribatutasun-ataria\/politica-informativa-en-materia-de-datos-personales-whatsapp\/\",\"url\":\"https:\/\/elizagipuzkoa.org\/eu\/pribatutasun-ataria\/politica-informativa-en-materia-de-datos-personales-whatsapp\/\",\"name\":\"Pol\u00edtica informativa en materia de datos personales: WhatsApp - Di\u00f3cesis de San Sebasti\u00e1n\",\"isPartOf\":{\"@id\":\"https:\/\/elizagipuzkoa.org\/eu\/#website\"},\"datePublished\":\"2024-08-28T06:51:03+00:00\",\"breadcrumb\":{\"@id\":\"https:\/\/elizagipuzkoa.org\/eu\/pribatutasun-ataria\/politica-informativa-en-materia-de-datos-personales-whatsapp\/#breadcrumb\"},\"inLanguage\":\"eu\",\"potentialAction\":[{\"@type\":\"ReadAction\",\"target\":[\"https:\/\/elizagipuzkoa.org\/eu\/pribatutasun-ataria\/politica-informativa-en-materia-de-datos-personales-whatsapp\/\"]}]},{\"@type\":\"BreadcrumbList\",\"@id\":\"https:\/\/elizagipuzkoa.org\/eu\/pribatutasun-ataria\/politica-informativa-en-materia-de-datos-personales-whatsapp\/#breadcrumb\",\"itemListElement\":[{\"@type\":\"ListItem\",\"position\":1,\"name\":\"Inicio\",\"item\":\"https:\/\/elizagipuzkoa.org\/eu\/\"},{\"@type\":\"ListItem\",\"position\":2,\"name\":\"Pribatutasun ataria\",\"item\":\"https:\/\/elizagipuzkoa.org\/eu\/pribatutasun-ataria\/\"},{\"@type\":\"ListItem\",\"position\":3,\"name\":\"Pol\u00edtica informativa en materia de datos personales: WhatsApp\"}]},{\"@type\":\"WebSite\",\"@id\":\"https:\/\/elizagipuzkoa.org\/eu\/#website\",\"url\":\"https:\/\/elizagipuzkoa.org\/eu\/\",\"name\":\"Di\u00f3cesis de San Sebasti\u00e1n\",\"description\":\"\",\"publisher\":{\"@id\":\"https:\/\/elizagipuzkoa.org\/eu\/#organization\"},\"potentialAction\":[{\"@type\":\"SearchAction\",\"target\":{\"@type\":\"EntryPoint\",\"urlTemplate\":\"https:\/\/elizagipuzkoa.org\/eu\/?s={search_term_string}\"},\"query-input\":{\"@type\":\"PropertyValueSpecification\",\"valueRequired\":true,\"valueName\":\"search_term_string\"}}],\"inLanguage\":\"eu\"},{\"@type\":\"Organization\",\"@id\":\"https:\/\/elizagipuzkoa.org\/eu\/#organization\",\"name\":\"Di\u00f3cesis de San Sebasti\u00e1n\",\"url\":\"https:\/\/elizagipuzkoa.org\/eu\/\",\"logo\":{\"@type\":\"ImageObject\",\"inLanguage\":\"eu\",\"@id\":\"https:\/\/elizagipuzkoa.org\/eu\/#\/schema\/logo\/image\/\",\"url\":\"https:\/\/elizagipuzkoa.org\/wp-content\/uploads\/2024\/02\/logo_transparente_250.png\",\"contentUrl\":\"https:\/\/elizagipuzkoa.org\/wp-content\/uploads\/2024\/02\/logo_transparente_250.png\",\"width\":250,\"height\":124,\"caption\":\"Di\u00f3cesis de San Sebasti\u00e1n\"},\"image\":{\"@id\":\"https:\/\/elizagipuzkoa.org\/eu\/#\/schema\/logo\/image\/\"},\"sameAs\":[\"https:\/\/www.facebook.com\/p\/Donostiako-ElizbarrutiaDicesis-de-San-Sebastin-100064874702840\/\",\"https:\/\/x.com\/diocesis_ss\",\"https:\/\/www.instagram.com\/diocesis_ss\/?hl=es\",\"https:\/\/www.youtube.com\/@DiocesisdeSanSebastian\",\"https:\/\/www.flickr.com\/photos\/133958253@N05\/albums\/\"]}]}<\/script>\n<!-- \/ Yoast SEO plugin. -->","yoast_head_json":{"title":"Pol\u00edtica informativa en materia de datos personales: WhatsApp - Di\u00f3cesis de San Sebasti\u00e1n","robots":{"index":"index","follow":"follow","max-snippet":"max-snippet:-1","max-image-preview":"max-image-preview:large","max-video-preview":"max-video-preview:-1"},"canonical":"https:\/\/elizagipuzkoa.org\/eu\/pribatutasun-ataria\/politica-informativa-en-materia-de-datos-personales-whatsapp\/","og_locale":"en_US","og_type":"article","og_title":"Pol\u00edtica informativa en materia de datos personales: WhatsApp - Di\u00f3cesis de San Sebasti\u00e1n","og_description":"Responsable \u00bfQui\u00e9n es Responsable del tratamiento de sus datos? OBISPADO DE LA DI\u00d3CESIS DE SAN SEBASTI\u00c1N &#8211; Direcci\u00f3n postal para el env\u00edo de solicitudes vinculadas [...]","og_url":"https:\/\/elizagipuzkoa.org\/eu\/pribatutasun-ataria\/politica-informativa-en-materia-de-datos-personales-whatsapp\/","og_site_name":"Di\u00f3cesis de San Sebasti\u00e1n","article_publisher":"https:\/\/www.facebook.com\/p\/Donostiako-ElizbarrutiaDicesis-de-San-Sebastin-100064874702840\/","twitter_card":"summary_large_image","twitter_site":"@diocesis_ss","twitter_misc":{"Est. reading time":"4 minutua"},"schema":{"@context":"https:\/\/schema.org","@graph":[{"@type":"WebPage","@id":"https:\/\/elizagipuzkoa.org\/eu\/pribatutasun-ataria\/politica-informativa-en-materia-de-datos-personales-whatsapp\/","url":"https:\/\/elizagipuzkoa.org\/eu\/pribatutasun-ataria\/politica-informativa-en-materia-de-datos-personales-whatsapp\/","name":"Pol\u00edtica informativa en materia de datos personales: WhatsApp - Di\u00f3cesis de San Sebasti\u00e1n","isPartOf":{"@id":"https:\/\/elizagipuzkoa.org\/eu\/#website"},"datePublished":"2024-08-28T06:51:03+00:00","breadcrumb":{"@id":"https:\/\/elizagipuzkoa.org\/eu\/pribatutasun-ataria\/politica-informativa-en-materia-de-datos-personales-whatsapp\/#breadcrumb"},"inLanguage":"eu","potentialAction":[{"@type":"ReadAction","target":["https:\/\/elizagipuzkoa.org\/eu\/pribatutasun-ataria\/politica-informativa-en-materia-de-datos-personales-whatsapp\/"]}]},{"@type":"BreadcrumbList","@id":"https:\/\/elizagipuzkoa.org\/eu\/pribatutasun-ataria\/politica-informativa-en-materia-de-datos-personales-whatsapp\/#breadcrumb","itemListElement":[{"@type":"ListItem","position":1,"name":"Inicio","item":"https:\/\/elizagipuzkoa.org\/eu\/"},{"@type":"ListItem","position":2,"name":"Pribatutasun ataria","item":"https:\/\/elizagipuzkoa.org\/eu\/pribatutasun-ataria\/"},{"@type":"ListItem","position":3,"name":"Pol\u00edtica informativa en materia de datos personales: WhatsApp"}]},{"@type":"WebSite","@id":"https:\/\/elizagipuzkoa.org\/eu\/#website","url":"https:\/\/elizagipuzkoa.org\/eu\/","name":"Di\u00f3cesis de San Sebasti\u00e1n","description":"","publisher":{"@id":"https:\/\/elizagipuzkoa.org\/eu\/#organization"},"potentialAction":[{"@type":"SearchAction","target":{"@type":"EntryPoint","urlTemplate":"https:\/\/elizagipuzkoa.org\/eu\/?s={search_term_string}"},"query-input":{"@type":"PropertyValueSpecification","valueRequired":true,"valueName":"search_term_string"}}],"inLanguage":"eu"},{"@type":"Organization","@id":"https:\/\/elizagipuzkoa.org\/eu\/#organization","name":"Di\u00f3cesis de San Sebasti\u00e1n","url":"https:\/\/elizagipuzkoa.org\/eu\/","logo":{"@type":"ImageObject","inLanguage":"eu","@id":"https:\/\/elizagipuzkoa.org\/eu\/#\/schema\/logo\/image\/","url":"https:\/\/elizagipuzkoa.org\/wp-content\/uploads\/2024\/02\/logo_transparente_250.png","contentUrl":"https:\/\/elizagipuzkoa.org\/wp-content\/uploads\/2024\/02\/logo_transparente_250.png","width":250,"height":124,"caption":"Di\u00f3cesis de San Sebasti\u00e1n"},"image":{"@id":"https:\/\/elizagipuzkoa.org\/eu\/#\/schema\/logo\/image\/"},"sameAs":["https:\/\/www.facebook.com\/p\/Donostiako-ElizbarrutiaDicesis-de-San-Sebastin-100064874702840\/","https:\/\/x.com\/diocesis_ss","https:\/\/www.instagram.com\/diocesis_ss\/?hl=es","https:\/\/www.youtube.com\/@DiocesisdeSanSebastian","https:\/\/www.flickr.com\/photos\/133958253@N05\/albums\/"]}]}},"ticketed":false,"_links":{"self":[{"href":"https:\/\/elizagipuzkoa.org\/eu\/wp-json\/wp\/v2\/pages\/30602","targetHints":{"allow":["GET"]}}],"collection":[{"href":"https:\/\/elizagipuzkoa.org\/eu\/wp-json\/wp\/v2\/pages"}],"about":[{"href":"https:\/\/elizagipuzkoa.org\/eu\/wp-json\/wp\/v2\/types\/page"}],"author":[{"embeddable":true,"href":"https:\/\/elizagipuzkoa.org\/eu\/wp-json\/wp\/v2\/users\/4"}],"replies":[{"embeddable":true,"href":"https:\/\/elizagipuzkoa.org\/eu\/wp-json\/wp\/v2\/comments?post=30602"}],"version-history":[{"count":0,"href":"https:\/\/elizagipuzkoa.org\/eu\/wp-json\/wp\/v2\/pages\/30602\/revisions"}],"up":[{"embeddable":true,"href":"https:\/\/elizagipuzkoa.org\/eu\/wp-json\/wp\/v2\/pages\/21756"}],"wp:attachment":[{"href":"https:\/\/elizagipuzkoa.org\/eu\/wp-json\/wp\/v2\/media?parent=30602"}],"curies":[{"name":"wp","href":"https:\/\/api.w.org\/{rel}","templated":true}]}}