{"id":30636,"date":"2024-08-28T09:13:41","date_gmt":"2024-08-28T07:13:41","guid":{"rendered":"https:\/\/elizagipuzkoa.org\/baliabideak\/recursos-catequesis\/"},"modified":"2024-08-28T10:33:14","modified_gmt":"2024-08-28T08:33:14","slug":"baliabideak-katekesia","status":"publish","type":"page","link":"https:\/\/elizagipuzkoa.org\/eu\/baliabideak-katekesia\/","title":{"rendered":"Baliabideak: Katekesia"},"content":{"rendered":"<div class=\"wpb-content-wrapper\"><p>[vc_row][vc_column][vc_row_inner][vc_column_inner width=&#8221;1\/2&#8243;][vc_column_text css=&#8221;&#8221;]<\/p>\n<h3><strong>Haurren oratorioa<\/strong><\/h3>\n<p>Marta Elizalde: Testua<br \/>\nM\u00f3nica Luna: Ilustrazioak<\/p>\n<p>Jainkoak zoriontsu izan nahi gaitu. Zer bide aukeratu dugu guretzat eta gure haurrentzat? Proposamen honek isiltasunera, otoitzera, zaratak kentzera gonbidatzen gaitu: pedagogia oso bat Jainkoarekin bere Hitzaren bidez topo egin ahal izateko. Bibliako 46 pasarte eder jorratuko ditugu, testu argigarri eta erraz baten bidez, akuarela eder batekin. Salbazioaren Historian murgiltzera gonbidatzen zaitugu.[\/vc_column_text][\/vc_column_inner][vc_column_inner width=&#8221;1\/2&#8243;][vc_single_image image=&#8221;30640&#8243; img_size=&#8221;full&#8221; css=&#8221;&#8221;][\/vc_column_inner][\/vc_row_inner][vc_row_inner][vc_column_inner width=&#8221;1\/2&#8243;][vc_column_text css=&#8221;&#8221;]<\/p>\n<h3><strong>Jesusen bizitza<br \/>\nirudietan kontatuta<\/strong><\/h3>\n<p>52 kromoz osatutako bilduma hau eskuz egina dago, eta oso fina da bere adierazpen eta koloreetan. Akuarela bakoitzak fideltasunez adierazten ditu Bibliako pasarteak eta gertatu zen leku geografikoa. Kromoetako batzuek Elizaren doktrinaren edukiak dituzte atzealdean: perpausak, sakramentuak, aginduak&#8230;<br \/>\nMapak eta denbora-lerroak lagungarri izango zaizkizu gertaera biblikoak geografikoki eta denboran kokatzeko.[\/vc_column_text][\/vc_column_inner][vc_column_inner width=&#8221;1\/2&#8243;][vc_single_image image=&#8221;30614&#8243; img_size=&#8221;full&#8221; css=&#8221;&#8221;][\/vc_column_inner][\/vc_row_inner][vc_row_inner][vc_column_inner width=&#8221;1\/2&#8243;][vc_column_text css=&#8221;&#8221;]<\/p>\n<h3><strong>Errosarioa eta Gurutz Bidea<\/strong><\/h3>\n<p>Marta Elizalde: Testua<br \/>\nM\u00f3nica Luna: Ilustrazioak<\/p>\n<p>Nola proposa diezaiokegu gure haur eta gazteei Errosarioko eta Gurutz Bideko otoitza?<br \/>\nMaterial horrek modu iradokitzailean hurbiltzen du Jesusen bizitza Elizaren otoitz horien bidez: Jesusen bizitza Mariaren eskutik ikusteak Jainkoak duen Maitasunaren Misterioan barneratzen eta gure bizitza bere begiradaren argitan jartzen laguntzen digu.[\/vc_column_text][\/vc_column_inner][vc_column_inner width=&#8221;1\/2&#8243;][vc_single_image image=&#8221;30645&#8243; img_size=&#8221;full&#8221; css=&#8221;&#8221;][\/vc_column_inner][\/vc_row_inner][vc_row_inner][vc_column_inner width=&#8221;1\/2&#8243;][vc_column_text css=&#8221;&#8221;]<\/p>\n<h3><strong>Bot\u00e1nica en la Biblia<br \/>\nEl jard\u00edn de Dios<\/strong><\/h3>\n<p>Marta Elizalde: Texto<br \/>\nM\u00f3nica Luna: Ilustraciones<\/p>\n<p>Grandes, peque\u00f1as, diminutas como el grano de mostaza, evocadoras como el cedro del L\u00edbano, bellas como el almendro, \u00fatiles como el papiro o el lino, descubre aquellas plantas que en la Biblia nos hablan de Dios.[\/vc_column_text][\/vc_column_inner][vc_column_inner width=&#8221;1\/2&#8243;][vc_single_image image=&#8221;30626&#8243; img_size=&#8221;full&#8221; css=&#8221;&#8221;][\/vc_column_inner][\/vc_row_inner][vc_row_inner][vc_column_inner width=&#8221;1\/2&#8243;][vc_column_text css=&#8221;&#8221;]<\/p>\n<h3><strong>Orando en el jard\u00edn de Dios<\/strong><\/h3>\n<p>Marta Elizalde: Texto<br \/>\nM\u00f3nica Luna: Ilustraciones<\/p>\n<p>\u00bfC\u00f3mo podemos vivir con hondura nuestra vida, con autenticidad, levantando nuestra mirada hacia el Creador? \u00c9sta es una invitaci\u00f3n a dejarse empapar, como la tierra seca \u00e1vida de lluvia, por todos aquellos colores, formas y texturas que nos son regalados cada d\u00eda en el Jard\u00edn de Dios, encontr\u00e1ndonos con \u00c9l. Se nos ofrece un m\u00e9todo de oraci\u00f3n contemplativa a trav\u00e9s de los sentidos.[\/vc_column_text][\/vc_column_inner][vc_column_inner width=&#8221;1\/2&#8243;][vc_single_image image=&#8221;30630&#8243; img_size=&#8221;full&#8221; css=&#8221;&#8221;][\/vc_column_inner][\/vc_row_inner][\/vc_column][\/vc_row]<\/p>\n<\/div>","protected":false},"excerpt":{"rendered":"<p>[vc_row][vc_column][vc_row_inner][vc_column_inner width=&#8221;1\/2&#8243;][vc_column_text css=&#8221;&#8221;] Haurren oratorioa Marta Elizalde: Testua M\u00f3nica Luna: Ilustrazioak Jainkoak zoriontsu izan nahi gaitu. Zer bide aukeratu dugu guretzat eta gure haurrentzat? Proposamen [&#8230;]<\/p>\n","protected":false},"author":4,"featured_media":0,"parent":0,"menu_order":0,"comment_status":"closed","ping_status":"closed","template":"","meta":{"_price":"","_stock":"","_tribe_ticket_header":"","_tribe_default_ticket_provider":"","_tribe_ticket_capacity":"0","_ticket_start_date":"","_ticket_end_date":"","_tribe_ticket_show_description":"","_tribe_ticket_show_not_going":false,"_tribe_ticket_use_global_stock":"","_tribe_ticket_global_stock_level":"","_global_stock_mode":"","_global_stock_cap":"","_tribe_rsvp_for_event":"","_tribe_ticket_going_count":"","_tribe_ticket_not_going_count":"","_tribe_tickets_list":"[]","_tribe_ticket_has_attendee_info_fields":false,"footnotes":""},"class_list":["post-30636","page","type-page","status-publish","hentry"],"yoast_head":"<!-- This site is optimized with the Yoast SEO plugin v26.9 - https:\/\/yoast.com\/product\/yoast-seo-wordpress\/ -->\n<title>Baliabideak: Katekesia - Di\u00f3cesis de San Sebasti\u00e1n<\/title>\n<meta name=\"robots\" content=\"index, follow, max-snippet:-1, max-image-preview:large, max-video-preview:-1\" \/>\n<link rel=\"canonical\" href=\"https:\/\/elizagipuzkoa.org\/eu\/baliabideak-katekesia\/\" \/>\n<meta property=\"og:locale\" content=\"en_US\" \/>\n<meta property=\"og:type\" content=\"article\" \/>\n<meta property=\"og:title\" content=\"Baliabideak: Katekesia - Di\u00f3cesis de San Sebasti\u00e1n\" \/>\n<meta property=\"og:description\" content=\"[vc_row][vc_column][vc_row_inner][vc_column_inner width=&#8221;1\/2&#8243;][vc_column_text css=&#8221;&#8221;] Haurren oratorioa Marta Elizalde: Testua M\u00f3nica Luna: Ilustrazioak Jainkoak zoriontsu izan nahi gaitu. Zer bide aukeratu dugu guretzat eta gure haurrentzat? Proposamen [...]\" \/>\n<meta property=\"og:url\" content=\"https:\/\/elizagipuzkoa.org\/eu\/baliabideak-katekesia\/\" \/>\n<meta property=\"og:site_name\" content=\"Di\u00f3cesis de San Sebasti\u00e1n\" \/>\n<meta property=\"article:publisher\" content=\"https:\/\/www.facebook.com\/p\/Donostiako-ElizbarrutiaDicesis-de-San-Sebastin-100064874702840\/\" \/>\n<meta property=\"article:modified_time\" content=\"2024-08-28T08:33:14+00:00\" \/>\n<meta name=\"twitter:card\" content=\"summary_large_image\" \/>\n<meta name=\"twitter:site\" content=\"@diocesis_ss\" \/>\n<meta name=\"twitter:label1\" content=\"Est. reading time\" \/>\n\t<meta name=\"twitter:data1\" content=\"2 minutua\" \/>\n<script type=\"application\/ld+json\" class=\"yoast-schema-graph\">{\"@context\":\"https:\/\/schema.org\",\"@graph\":[{\"@type\":\"WebPage\",\"@id\":\"https:\/\/elizagipuzkoa.org\/eu\/baliabideak-katekesia\/\",\"url\":\"https:\/\/elizagipuzkoa.org\/eu\/baliabideak-katekesia\/\",\"name\":\"Baliabideak: Katekesia - Di\u00f3cesis de San Sebasti\u00e1n\",\"isPartOf\":{\"@id\":\"https:\/\/elizagipuzkoa.org\/eu\/#website\"},\"datePublished\":\"2024-08-28T07:13:41+00:00\",\"dateModified\":\"2024-08-28T08:33:14+00:00\",\"breadcrumb\":{\"@id\":\"https:\/\/elizagipuzkoa.org\/eu\/baliabideak-katekesia\/#breadcrumb\"},\"inLanguage\":\"eu\",\"potentialAction\":[{\"@type\":\"ReadAction\",\"target\":[\"https:\/\/elizagipuzkoa.org\/eu\/baliabideak-katekesia\/\"]}]},{\"@type\":\"BreadcrumbList\",\"@id\":\"https:\/\/elizagipuzkoa.org\/eu\/baliabideak-katekesia\/#breadcrumb\",\"itemListElement\":[{\"@type\":\"ListItem\",\"position\":1,\"name\":\"Inicio\",\"item\":\"https:\/\/elizagipuzkoa.org\/eu\/\"},{\"@type\":\"ListItem\",\"position\":2,\"name\":\"Baliabideak: Katekesia\"}]},{\"@type\":\"WebSite\",\"@id\":\"https:\/\/elizagipuzkoa.org\/eu\/#website\",\"url\":\"https:\/\/elizagipuzkoa.org\/eu\/\",\"name\":\"Di\u00f3cesis de San Sebasti\u00e1n\",\"description\":\"\",\"publisher\":{\"@id\":\"https:\/\/elizagipuzkoa.org\/eu\/#organization\"},\"potentialAction\":[{\"@type\":\"SearchAction\",\"target\":{\"@type\":\"EntryPoint\",\"urlTemplate\":\"https:\/\/elizagipuzkoa.org\/eu\/?s={search_term_string}\"},\"query-input\":{\"@type\":\"PropertyValueSpecification\",\"valueRequired\":true,\"valueName\":\"search_term_string\"}}],\"inLanguage\":\"eu\"},{\"@type\":\"Organization\",\"@id\":\"https:\/\/elizagipuzkoa.org\/eu\/#organization\",\"name\":\"Di\u00f3cesis de San Sebasti\u00e1n\",\"url\":\"https:\/\/elizagipuzkoa.org\/eu\/\",\"logo\":{\"@type\":\"ImageObject\",\"inLanguage\":\"eu\",\"@id\":\"https:\/\/elizagipuzkoa.org\/eu\/#\/schema\/logo\/image\/\",\"url\":\"https:\/\/elizagipuzkoa.org\/wp-content\/uploads\/2024\/02\/logo_transparente_250.png\",\"contentUrl\":\"https:\/\/elizagipuzkoa.org\/wp-content\/uploads\/2024\/02\/logo_transparente_250.png\",\"width\":250,\"height\":124,\"caption\":\"Di\u00f3cesis de San Sebasti\u00e1n\"},\"image\":{\"@id\":\"https:\/\/elizagipuzkoa.org\/eu\/#\/schema\/logo\/image\/\"},\"sameAs\":[\"https:\/\/www.facebook.com\/p\/Donostiako-ElizbarrutiaDicesis-de-San-Sebastin-100064874702840\/\",\"https:\/\/x.com\/diocesis_ss\",\"https:\/\/www.instagram.com\/diocesis_ss\/?hl=es\",\"https:\/\/www.youtube.com\/@DiocesisdeSanSebastian\",\"https:\/\/www.flickr.com\/photos\/133958253@N05\/albums\/\"]}]}<\/script>\n<!-- \/ Yoast SEO plugin. -->","yoast_head_json":{"title":"Baliabideak: Katekesia - Di\u00f3cesis de San Sebasti\u00e1n","robots":{"index":"index","follow":"follow","max-snippet":"max-snippet:-1","max-image-preview":"max-image-preview:large","max-video-preview":"max-video-preview:-1"},"canonical":"https:\/\/elizagipuzkoa.org\/eu\/baliabideak-katekesia\/","og_locale":"en_US","og_type":"article","og_title":"Baliabideak: Katekesia - Di\u00f3cesis de San Sebasti\u00e1n","og_description":"[vc_row][vc_column][vc_row_inner][vc_column_inner width=&#8221;1\/2&#8243;][vc_column_text css=&#8221;&#8221;] Haurren oratorioa Marta Elizalde: Testua M\u00f3nica Luna: Ilustrazioak Jainkoak zoriontsu izan nahi gaitu. Zer bide aukeratu dugu guretzat eta gure haurrentzat? Proposamen [...]","og_url":"https:\/\/elizagipuzkoa.org\/eu\/baliabideak-katekesia\/","og_site_name":"Di\u00f3cesis de San Sebasti\u00e1n","article_publisher":"https:\/\/www.facebook.com\/p\/Donostiako-ElizbarrutiaDicesis-de-San-Sebastin-100064874702840\/","article_modified_time":"2024-08-28T08:33:14+00:00","twitter_card":"summary_large_image","twitter_site":"@diocesis_ss","twitter_misc":{"Est. reading time":"2 minutua"},"schema":{"@context":"https:\/\/schema.org","@graph":[{"@type":"WebPage","@id":"https:\/\/elizagipuzkoa.org\/eu\/baliabideak-katekesia\/","url":"https:\/\/elizagipuzkoa.org\/eu\/baliabideak-katekesia\/","name":"Baliabideak: Katekesia - Di\u00f3cesis de San Sebasti\u00e1n","isPartOf":{"@id":"https:\/\/elizagipuzkoa.org\/eu\/#website"},"datePublished":"2024-08-28T07:13:41+00:00","dateModified":"2024-08-28T08:33:14+00:00","breadcrumb":{"@id":"https:\/\/elizagipuzkoa.org\/eu\/baliabideak-katekesia\/#breadcrumb"},"inLanguage":"eu","potentialAction":[{"@type":"ReadAction","target":["https:\/\/elizagipuzkoa.org\/eu\/baliabideak-katekesia\/"]}]},{"@type":"BreadcrumbList","@id":"https:\/\/elizagipuzkoa.org\/eu\/baliabideak-katekesia\/#breadcrumb","itemListElement":[{"@type":"ListItem","position":1,"name":"Inicio","item":"https:\/\/elizagipuzkoa.org\/eu\/"},{"@type":"ListItem","position":2,"name":"Baliabideak: Katekesia"}]},{"@type":"WebSite","@id":"https:\/\/elizagipuzkoa.org\/eu\/#website","url":"https:\/\/elizagipuzkoa.org\/eu\/","name":"Di\u00f3cesis de San Sebasti\u00e1n","description":"","publisher":{"@id":"https:\/\/elizagipuzkoa.org\/eu\/#organization"},"potentialAction":[{"@type":"SearchAction","target":{"@type":"EntryPoint","urlTemplate":"https:\/\/elizagipuzkoa.org\/eu\/?s={search_term_string}"},"query-input":{"@type":"PropertyValueSpecification","valueRequired":true,"valueName":"search_term_string"}}],"inLanguage":"eu"},{"@type":"Organization","@id":"https:\/\/elizagipuzkoa.org\/eu\/#organization","name":"Di\u00f3cesis de San Sebasti\u00e1n","url":"https:\/\/elizagipuzkoa.org\/eu\/","logo":{"@type":"ImageObject","inLanguage":"eu","@id":"https:\/\/elizagipuzkoa.org\/eu\/#\/schema\/logo\/image\/","url":"https:\/\/elizagipuzkoa.org\/wp-content\/uploads\/2024\/02\/logo_transparente_250.png","contentUrl":"https:\/\/elizagipuzkoa.org\/wp-content\/uploads\/2024\/02\/logo_transparente_250.png","width":250,"height":124,"caption":"Di\u00f3cesis de San Sebasti\u00e1n"},"image":{"@id":"https:\/\/elizagipuzkoa.org\/eu\/#\/schema\/logo\/image\/"},"sameAs":["https:\/\/www.facebook.com\/p\/Donostiako-ElizbarrutiaDicesis-de-San-Sebastin-100064874702840\/","https:\/\/x.com\/diocesis_ss","https:\/\/www.instagram.com\/diocesis_ss\/?hl=es","https:\/\/www.youtube.com\/@DiocesisdeSanSebastian","https:\/\/www.flickr.com\/photos\/133958253@N05\/albums\/"]}]}},"ticketed":false,"_links":{"self":[{"href":"https:\/\/elizagipuzkoa.org\/eu\/wp-json\/wp\/v2\/pages\/30636","targetHints":{"allow":["GET"]}}],"collection":[{"href":"https:\/\/elizagipuzkoa.org\/eu\/wp-json\/wp\/v2\/pages"}],"about":[{"href":"https:\/\/elizagipuzkoa.org\/eu\/wp-json\/wp\/v2\/types\/page"}],"author":[{"embeddable":true,"href":"https:\/\/elizagipuzkoa.org\/eu\/wp-json\/wp\/v2\/users\/4"}],"replies":[{"embeddable":true,"href":"https:\/\/elizagipuzkoa.org\/eu\/wp-json\/wp\/v2\/comments?post=30636"}],"version-history":[{"count":6,"href":"https:\/\/elizagipuzkoa.org\/eu\/wp-json\/wp\/v2\/pages\/30636\/revisions"}],"predecessor-version":[{"id":30648,"href":"https:\/\/elizagipuzkoa.org\/eu\/wp-json\/wp\/v2\/pages\/30636\/revisions\/30648"}],"wp:attachment":[{"href":"https:\/\/elizagipuzkoa.org\/eu\/wp-json\/wp\/v2\/media?parent=30636"}],"curies":[{"name":"wp","href":"https:\/\/api.w.org\/{rel}","templated":true}]}}