{"id":31606,"date":"2024-09-19T07:49:42","date_gmt":"2024-09-19T05:49:42","guid":{"rendered":"https:\/\/elizagipuzkoa.org\/?page_id=31606"},"modified":"2024-09-19T09:05:50","modified_gmt":"2024-09-19T07:05:50","slug":"sociedades-vida-apostolica","status":"publish","type":"page","link":"https:\/\/elizagipuzkoa.org\/eu\/elizbarrutia\/sociedades-vida-apostolica\/","title":{"rendered":"Sociedades Vida Apost\u00f3lica"},"content":{"rendered":"<div class=\"wpb-content-wrapper\"><p>[vc_row css=&#8221;.vc_custom_1726639237642{margin-bottom: 5px !important;}&#8221;][vc_column][vc_column_text css=&#8221;.vc_custom_1726729547006{margin-bottom: 5px !important;}&#8221;]<strong>Karitateko Alabak<\/strong>[\/vc_column_text][vc_row_inner css=&#8221;.vc_custom_1726643570373{margin-bottom: 20px !important;}&#8221;][vc_column_inner width=&#8221;1\/3&#8243;][vc_column_text css=&#8221;.vc_custom_1726724882898{margin-bottom: 5px !important;}&#8221;]Comunidad Villa Mar\u00eda Milagrosa<br \/>\nAiete, 26<br \/>\nDonostia[\/vc_column_text][\/vc_column_inner][vc_column_inner width=&#8221;1\/3&#8243;][vc_column_text css=&#8221;.vc_custom_1726724901929{margin-bottom: 5px !important;}&#8221;]San Jose Ikastetxea<br \/>\nPrim, 33<br \/>\nDonostia<br \/>\n[\/vc_column_text][\/vc_column_inner][vc_column_inner width=&#8221;1\/3&#8243;][vc_column_text css=&#8221;.vc_custom_1726724929106{margin-bottom: 5px !important;}&#8221;]Comunidad Echaniz<br \/>\nEuskal Herria, 68<br \/>\nIbarra[\/vc_column_text][\/vc_column_inner][\/vc_row_inner][vc_row_inner css=&#8221;.vc_custom_1726643570373{margin-bottom: 20px !important;}&#8221;][vc_column_inner width=&#8221;1\/3&#8243;][vc_column_text css=&#8221;.vc_custom_1726724948012{margin-bottom: 5px !important;}&#8221;]Colegio San Vicente de Pa\u00fal<br \/>\nHondarribia, 23<br \/>\nIrun[\/vc_column_text][\/vc_column_inner][vc_column_inner width=&#8221;1\/3&#8243;][vc_column_text css=&#8221;.vc_custom_1726724969948{margin-bottom: 5px !important;}&#8221;]Comunidad Mar\u00eda Inmaculada<br \/>\nGipuzkoa kalea, 40<br \/>\nZarautz[\/vc_column_text][\/vc_column_inner][vc_column_inner width=&#8221;1\/3&#8243;][\/vc_column_inner][\/vc_row_inner][\/vc_column][\/vc_row]<\/p>\n<\/div>","protected":false},"excerpt":{"rendered":"<p>[vc_row css=&#8221;.vc_custom_1726639237642{margin-bottom: 5px !important;}&#8221;][vc_column][vc_column_text css=&#8221;.vc_custom_1726729547006{margin-bottom: 5px !important;}&#8221;]Karitateko Alabak[\/vc_column_text][vc_row_inner css=&#8221;.vc_custom_1726643570373{margin-bottom: 20px !important;}&#8221;][vc_column_inner width=&#8221;1\/3&#8243;][vc_column_text css=&#8221;.vc_custom_1726724882898{margin-bottom: 5px !important;}&#8221;]Comunidad Villa Mar\u00eda Milagrosa Aiete, 26 Donostia[\/vc_column_text][\/vc_column_inner][vc_column_inner width=&#8221;1\/3&#8243;][vc_column_text css=&#8221;.vc_custom_1726724901929{margin-bottom: 5px !important;}&#8221;]San [&#8230;]<\/p>\n","protected":false},"author":4,"featured_media":0,"parent":21672,"menu_order":0,"comment_status":"closed","ping_status":"closed","template":"","meta":{"_price":"","_stock":"","_tribe_ticket_header":"","_tribe_default_ticket_provider":"","_tribe_ticket_capacity":"0","_ticket_start_date":"","_ticket_end_date":"","_tribe_ticket_show_description":"","_tribe_ticket_show_not_going":false,"_tribe_ticket_use_global_stock":"","_tribe_ticket_global_stock_level":"","_global_stock_mode":"","_global_stock_cap":"","_tribe_rsvp_for_event":"","_tribe_ticket_going_count":"","_tribe_ticket_not_going_count":"","_tribe_tickets_list":"[]","_tribe_ticket_has_attendee_info_fields":false,"footnotes":""},"class_list":["post-31606","page","type-page","status-publish","hentry"],"yoast_head":"<!-- This site is optimized with the Yoast SEO plugin v26.9 - https:\/\/yoast.com\/product\/yoast-seo-wordpress\/ -->\n<title>Sociedades Vida Apost\u00f3lica - Di\u00f3cesis de San Sebasti\u00e1n<\/title>\n<meta name=\"robots\" content=\"index, follow, max-snippet:-1, max-image-preview:large, max-video-preview:-1\" \/>\n<link rel=\"canonical\" href=\"https:\/\/elizagipuzkoa.org\/eu\/elizbarrutia\/sociedades-vida-apostolica\/\" \/>\n<meta property=\"og:locale\" content=\"en_US\" \/>\n<meta property=\"og:type\" content=\"article\" \/>\n<meta property=\"og:title\" content=\"Sociedades Vida Apost\u00f3lica - Di\u00f3cesis de San Sebasti\u00e1n\" \/>\n<meta property=\"og:description\" content=\"[vc_row css=&#8221;.vc_custom_1726639237642{margin-bottom: 5px !important;}&#8221;][vc_column][vc_column_text css=&#8221;.vc_custom_1726729547006{margin-bottom: 5px !important;}&#8221;]Karitateko Alabak[\/vc_column_text][vc_row_inner css=&#8221;.vc_custom_1726643570373{margin-bottom: 20px !important;}&#8221;][vc_column_inner width=&#8221;1\/3&#8243;][vc_column_text css=&#8221;.vc_custom_1726724882898{margin-bottom: 5px !important;}&#8221;]Comunidad Villa Mar\u00eda Milagrosa Aiete, 26 Donostia[\/vc_column_text][\/vc_column_inner][vc_column_inner width=&#8221;1\/3&#8243;][vc_column_text css=&#8221;.vc_custom_1726724901929{margin-bottom: 5px !important;}&#8221;]San [...]\" \/>\n<meta property=\"og:url\" content=\"https:\/\/elizagipuzkoa.org\/eu\/elizbarrutia\/sociedades-vida-apostolica\/\" \/>\n<meta property=\"og:site_name\" content=\"Di\u00f3cesis de San Sebasti\u00e1n\" \/>\n<meta property=\"article:publisher\" content=\"https:\/\/www.facebook.com\/p\/Donostiako-ElizbarrutiaDicesis-de-San-Sebastin-100064874702840\/\" \/>\n<meta property=\"article:modified_time\" content=\"2024-09-19T07:05:50+00:00\" \/>\n<meta name=\"twitter:card\" content=\"summary_large_image\" \/>\n<meta name=\"twitter:site\" content=\"@diocesis_ss\" \/>\n<meta name=\"twitter:label1\" content=\"Est. reading time\" \/>\n\t<meta name=\"twitter:data1\" content=\"1 minutua\" \/>\n<script type=\"application\/ld+json\" class=\"yoast-schema-graph\">{\"@context\":\"https:\/\/schema.org\",\"@graph\":[{\"@type\":\"WebPage\",\"@id\":\"https:\/\/elizagipuzkoa.org\/eu\/elizbarrutia\/sociedades-vida-apostolica\/\",\"url\":\"https:\/\/elizagipuzkoa.org\/eu\/elizbarrutia\/sociedades-vida-apostolica\/\",\"name\":\"Sociedades Vida Apost\u00f3lica - Di\u00f3cesis de San Sebasti\u00e1n\",\"isPartOf\":{\"@id\":\"https:\/\/elizagipuzkoa.org\/eu\/#website\"},\"datePublished\":\"2024-09-19T05:49:42+00:00\",\"dateModified\":\"2024-09-19T07:05:50+00:00\",\"breadcrumb\":{\"@id\":\"https:\/\/elizagipuzkoa.org\/eu\/elizbarrutia\/sociedades-vida-apostolica\/#breadcrumb\"},\"inLanguage\":\"eu\",\"potentialAction\":[{\"@type\":\"ReadAction\",\"target\":[\"https:\/\/elizagipuzkoa.org\/eu\/elizbarrutia\/sociedades-vida-apostolica\/\"]}]},{\"@type\":\"BreadcrumbList\",\"@id\":\"https:\/\/elizagipuzkoa.org\/eu\/elizbarrutia\/sociedades-vida-apostolica\/#breadcrumb\",\"itemListElement\":[{\"@type\":\"ListItem\",\"position\":1,\"name\":\"Inicio\",\"item\":\"https:\/\/elizagipuzkoa.org\/eu\/\"},{\"@type\":\"ListItem\",\"position\":2,\"name\":\"Elizbarrutia\",\"item\":\"https:\/\/elizagipuzkoa.org\/eu\/diocesis\/\"},{\"@type\":\"ListItem\",\"position\":3,\"name\":\"Sociedades Vida Apost\u00f3lica\"}]},{\"@type\":\"WebSite\",\"@id\":\"https:\/\/elizagipuzkoa.org\/eu\/#website\",\"url\":\"https:\/\/elizagipuzkoa.org\/eu\/\",\"name\":\"Di\u00f3cesis de San Sebasti\u00e1n\",\"description\":\"\",\"publisher\":{\"@id\":\"https:\/\/elizagipuzkoa.org\/eu\/#organization\"},\"potentialAction\":[{\"@type\":\"SearchAction\",\"target\":{\"@type\":\"EntryPoint\",\"urlTemplate\":\"https:\/\/elizagipuzkoa.org\/eu\/?s={search_term_string}\"},\"query-input\":{\"@type\":\"PropertyValueSpecification\",\"valueRequired\":true,\"valueName\":\"search_term_string\"}}],\"inLanguage\":\"eu\"},{\"@type\":\"Organization\",\"@id\":\"https:\/\/elizagipuzkoa.org\/eu\/#organization\",\"name\":\"Di\u00f3cesis de San Sebasti\u00e1n\",\"url\":\"https:\/\/elizagipuzkoa.org\/eu\/\",\"logo\":{\"@type\":\"ImageObject\",\"inLanguage\":\"eu\",\"@id\":\"https:\/\/elizagipuzkoa.org\/eu\/#\/schema\/logo\/image\/\",\"url\":\"https:\/\/elizagipuzkoa.org\/wp-content\/uploads\/2024\/02\/logo_transparente_250.png\",\"contentUrl\":\"https:\/\/elizagipuzkoa.org\/wp-content\/uploads\/2024\/02\/logo_transparente_250.png\",\"width\":250,\"height\":124,\"caption\":\"Di\u00f3cesis de San Sebasti\u00e1n\"},\"image\":{\"@id\":\"https:\/\/elizagipuzkoa.org\/eu\/#\/schema\/logo\/image\/\"},\"sameAs\":[\"https:\/\/www.facebook.com\/p\/Donostiako-ElizbarrutiaDicesis-de-San-Sebastin-100064874702840\/\",\"https:\/\/x.com\/diocesis_ss\",\"https:\/\/www.instagram.com\/diocesis_ss\/?hl=es\",\"https:\/\/www.youtube.com\/@DiocesisdeSanSebastian\",\"https:\/\/www.flickr.com\/photos\/133958253@N05\/albums\/\"]}]}<\/script>\n<!-- \/ Yoast SEO plugin. -->","yoast_head_json":{"title":"Sociedades Vida Apost\u00f3lica - Di\u00f3cesis de San Sebasti\u00e1n","robots":{"index":"index","follow":"follow","max-snippet":"max-snippet:-1","max-image-preview":"max-image-preview:large","max-video-preview":"max-video-preview:-1"},"canonical":"https:\/\/elizagipuzkoa.org\/eu\/elizbarrutia\/sociedades-vida-apostolica\/","og_locale":"en_US","og_type":"article","og_title":"Sociedades Vida Apost\u00f3lica - Di\u00f3cesis de San Sebasti\u00e1n","og_description":"[vc_row css=&#8221;.vc_custom_1726639237642{margin-bottom: 5px !important;}&#8221;][vc_column][vc_column_text css=&#8221;.vc_custom_1726729547006{margin-bottom: 5px !important;}&#8221;]Karitateko Alabak[\/vc_column_text][vc_row_inner css=&#8221;.vc_custom_1726643570373{margin-bottom: 20px !important;}&#8221;][vc_column_inner width=&#8221;1\/3&#8243;][vc_column_text css=&#8221;.vc_custom_1726724882898{margin-bottom: 5px !important;}&#8221;]Comunidad Villa Mar\u00eda Milagrosa Aiete, 26 Donostia[\/vc_column_text][\/vc_column_inner][vc_column_inner width=&#8221;1\/3&#8243;][vc_column_text css=&#8221;.vc_custom_1726724901929{margin-bottom: 5px !important;}&#8221;]San [...]","og_url":"https:\/\/elizagipuzkoa.org\/eu\/elizbarrutia\/sociedades-vida-apostolica\/","og_site_name":"Di\u00f3cesis de San Sebasti\u00e1n","article_publisher":"https:\/\/www.facebook.com\/p\/Donostiako-ElizbarrutiaDicesis-de-San-Sebastin-100064874702840\/","article_modified_time":"2024-09-19T07:05:50+00:00","twitter_card":"summary_large_image","twitter_site":"@diocesis_ss","twitter_misc":{"Est. reading time":"1 minutua"},"schema":{"@context":"https:\/\/schema.org","@graph":[{"@type":"WebPage","@id":"https:\/\/elizagipuzkoa.org\/eu\/elizbarrutia\/sociedades-vida-apostolica\/","url":"https:\/\/elizagipuzkoa.org\/eu\/elizbarrutia\/sociedades-vida-apostolica\/","name":"Sociedades Vida Apost\u00f3lica - Di\u00f3cesis de San Sebasti\u00e1n","isPartOf":{"@id":"https:\/\/elizagipuzkoa.org\/eu\/#website"},"datePublished":"2024-09-19T05:49:42+00:00","dateModified":"2024-09-19T07:05:50+00:00","breadcrumb":{"@id":"https:\/\/elizagipuzkoa.org\/eu\/elizbarrutia\/sociedades-vida-apostolica\/#breadcrumb"},"inLanguage":"eu","potentialAction":[{"@type":"ReadAction","target":["https:\/\/elizagipuzkoa.org\/eu\/elizbarrutia\/sociedades-vida-apostolica\/"]}]},{"@type":"BreadcrumbList","@id":"https:\/\/elizagipuzkoa.org\/eu\/elizbarrutia\/sociedades-vida-apostolica\/#breadcrumb","itemListElement":[{"@type":"ListItem","position":1,"name":"Inicio","item":"https:\/\/elizagipuzkoa.org\/eu\/"},{"@type":"ListItem","position":2,"name":"Elizbarrutia","item":"https:\/\/elizagipuzkoa.org\/eu\/diocesis\/"},{"@type":"ListItem","position":3,"name":"Sociedades Vida Apost\u00f3lica"}]},{"@type":"WebSite","@id":"https:\/\/elizagipuzkoa.org\/eu\/#website","url":"https:\/\/elizagipuzkoa.org\/eu\/","name":"Di\u00f3cesis de San Sebasti\u00e1n","description":"","publisher":{"@id":"https:\/\/elizagipuzkoa.org\/eu\/#organization"},"potentialAction":[{"@type":"SearchAction","target":{"@type":"EntryPoint","urlTemplate":"https:\/\/elizagipuzkoa.org\/eu\/?s={search_term_string}"},"query-input":{"@type":"PropertyValueSpecification","valueRequired":true,"valueName":"search_term_string"}}],"inLanguage":"eu"},{"@type":"Organization","@id":"https:\/\/elizagipuzkoa.org\/eu\/#organization","name":"Di\u00f3cesis de San Sebasti\u00e1n","url":"https:\/\/elizagipuzkoa.org\/eu\/","logo":{"@type":"ImageObject","inLanguage":"eu","@id":"https:\/\/elizagipuzkoa.org\/eu\/#\/schema\/logo\/image\/","url":"https:\/\/elizagipuzkoa.org\/wp-content\/uploads\/2024\/02\/logo_transparente_250.png","contentUrl":"https:\/\/elizagipuzkoa.org\/wp-content\/uploads\/2024\/02\/logo_transparente_250.png","width":250,"height":124,"caption":"Di\u00f3cesis de San Sebasti\u00e1n"},"image":{"@id":"https:\/\/elizagipuzkoa.org\/eu\/#\/schema\/logo\/image\/"},"sameAs":["https:\/\/www.facebook.com\/p\/Donostiako-ElizbarrutiaDicesis-de-San-Sebastin-100064874702840\/","https:\/\/x.com\/diocesis_ss","https:\/\/www.instagram.com\/diocesis_ss\/?hl=es","https:\/\/www.youtube.com\/@DiocesisdeSanSebastian","https:\/\/www.flickr.com\/photos\/133958253@N05\/albums\/"]}]}},"ticketed":false,"_links":{"self":[{"href":"https:\/\/elizagipuzkoa.org\/eu\/wp-json\/wp\/v2\/pages\/31606","targetHints":{"allow":["GET"]}}],"collection":[{"href":"https:\/\/elizagipuzkoa.org\/eu\/wp-json\/wp\/v2\/pages"}],"about":[{"href":"https:\/\/elizagipuzkoa.org\/eu\/wp-json\/wp\/v2\/types\/page"}],"author":[{"embeddable":true,"href":"https:\/\/elizagipuzkoa.org\/eu\/wp-json\/wp\/v2\/users\/4"}],"replies":[{"embeddable":true,"href":"https:\/\/elizagipuzkoa.org\/eu\/wp-json\/wp\/v2\/comments?post=31606"}],"version-history":[{"count":3,"href":"https:\/\/elizagipuzkoa.org\/eu\/wp-json\/wp\/v2\/pages\/31606\/revisions"}],"predecessor-version":[{"id":31639,"href":"https:\/\/elizagipuzkoa.org\/eu\/wp-json\/wp\/v2\/pages\/31606\/revisions\/31639"}],"up":[{"embeddable":true,"href":"https:\/\/elizagipuzkoa.org\/eu\/wp-json\/wp\/v2\/pages\/21672"}],"wp:attachment":[{"href":"https:\/\/elizagipuzkoa.org\/eu\/wp-json\/wp\/v2\/media?parent=31606"}],"curies":[{"name":"wp","href":"https:\/\/api.w.org\/{rel}","templated":true}]}}