{"id":50129,"date":"2025-11-12T10:49:51","date_gmt":"2025-11-12T09:49:51","guid":{"rendered":"https:\/\/elizagipuzkoa.org\/?page_id=50129"},"modified":"2025-12-23T10:16:03","modified_gmt":"2025-12-23T09:16:03","slug":"santu-gipuzkoarrak","status":"publish","type":"page","link":"https:\/\/elizagipuzkoa.org\/eu\/santu-gipuzkoarrak\/","title":{"rendered":"Santu gipuzkoarrak"},"content":{"rendered":"<div class=\"wpb-content-wrapper\"><p>[vc_row css=&#8221;.vc_custom_1766481348754{margin-top: 50px !important;margin-bottom: 5px !important;}&#8221;][vc_column][vc_custom_heading text=&#8221;Santuak&#8221; css=&#8221;.vc_custom_1766481309019{margin-bottom: 10px !important;}&#8221;][\/vc_column][\/vc_row][vc_row equal_height=&#8221;yes&#8221; css=&#8221;.vc_custom_1766481318522{margin-top: 10px !important;margin-bottom: 10px !important;padding-top: 0px !important;padding-bottom: 0px !important;}&#8221;][vc_column css=&#8221;.vc_custom_1705312980254{background-position: center !important;background-repeat: no-repeat !important;background-size: cover !important;}&#8221;][vc_row_inner css=&#8221;.vc_custom_1766480549551{margin-bottom: 10px !important;}&#8221;][vc_column_inner width=&#8221;1\/6&#8243;][vc_single_image image=&#8221;52335&#8243; img_size=&#8221;full&#8221; alignment=&#8221;center&#8221; css=&#8221;&#8221;][\/vc_column_inner][vc_column_inner width=&#8221;2\/3&#8243;][vc_column_text css=&#8221;.vc_custom_1766480556042{margin-bottom: 5px !important;}&#8221;]<strong>Loiolako San Ignazio (I\u00f1igo), apaiza, SJ (1491-1556)<\/strong><br \/>\n<em>Jesusen Konpainiaren fundatzailea (Jesuitak) &#8211; Bilbo eta Donostiako elizbarrutietako Zaindaria. Festaburua<\/em><br \/>\n<a href=\"https:\/\/elizagipuzkoa.org\/wp-content\/uploads\/2025\/11\/san-ignacio.pdf\" target=\"_blank\" rel=\"noopener\">Argibide gehiago<\/a>[\/vc_column_text][\/vc_column_inner][vc_column_inner width=&#8221;1\/6&#8243;][\/vc_column_inner][\/vc_row_inner][vc_row_inner css=&#8221;.vc_custom_1766480570057{margin-bottom: 10px !important;}&#8221;][vc_column_inner width=&#8221;1\/6&#8243;][vc_single_image image=&#8221;52338&#8243; img_size=&#8221;full&#8221; alignment=&#8221;center&#8221; css=&#8221;&#8221;][\/vc_column_inner][vc_column_inner width=&#8221;2\/3&#8243;][vc_column_text css=&#8221;.vc_custom_1766480563819{margin-bottom: 5px !important;}&#8221;]<strong>Igokundeko San Martin, apaiza, OFM (1566 edo 1567-1597)<\/strong><br \/>\n<em>Asisko San Frantziskoren Ordenako erlijiosoa. Frantziskotarra<\/em><br \/>\n<a href=\"https:\/\/elizagipuzkoa.org\/wp-content\/uploads\/2025\/11\/San-Martin.pdf\" target=\"_blank\" rel=\"noopener\">Argibide gehiago<\/a>[\/vc_column_text][\/vc_column_inner][vc_column_inner width=&#8221;1\/6&#8243;][\/vc_column_inner][\/vc_row_inner][vc_row_inner css=&#8221;.vc_custom_1766480570057{margin-bottom: 10px !important;}&#8221;][vc_column_inner width=&#8221;1\/6&#8243;][vc_single_image image=&#8221;52367&#8243; img_size=&#8221;full&#8221; alignment=&#8221;center&#8221; css=&#8221;&#8221;][\/vc_column_inner][vc_column_inner width=&#8221;2\/3&#8243;][vc_column_text css=&#8221;.vc_custom_1766480653459{margin-bottom: 5px !important;}&#8221;]<strong>Domingo Iba\u00f1ez Erkizia santua, apaiza, OP (1589-1633)<\/strong><br \/>\n<em>Predikarien Ordenako erlijiosoa. Domingotarra<\/em><br \/>\n<a href=\"https:\/\/elizagipuzkoa.org\/wp-content\/uploads\/2025\/11\/santo-domingo.pdf\" target=\"_blank\" rel=\"noopener\">Argibide gehiago<\/a>[\/vc_column_text][\/vc_column_inner][vc_column_inner width=&#8221;1\/6&#8243;][\/vc_column_inner][\/vc_row_inner][vc_row_inner css=&#8221;.vc_custom_1766480570057{margin-bottom: 10px !important;}&#8221;][vc_column_inner width=&#8221;1\/6&#8243;][vc_single_image image=&#8221;52357&#8243; img_size=&#8221;full&#8221; alignment=&#8221;center&#8221; css=&#8221;&#8221;][\/vc_column_inner][vc_column_inner width=&#8221;2\/3&#8243;][vc_column_text css=&#8221;.vc_custom_1766480714490{margin-bottom: 5px !important;}&#8221;]<strong>Aozarazako Migel santua, apaiza, OP (1598-1637)<\/strong><br \/>\n<em>Predikarien Ordenako erlijiosoa. Domingotarra<\/em><br \/>\n<a href=\"https:\/\/elizagipuzkoa.org\/wp-content\/uploads\/2025\/11\/San-Miguel.pdf\" target=\"_blank\" rel=\"noopener\">Argibide gehiago<\/a>[\/vc_column_text][\/vc_column_inner][vc_column_inner width=&#8221;1\/6&#8243;][\/vc_column_inner][\/vc_row_inner][vc_row_inner css=&#8221;.vc_custom_1766480570057{margin-bottom: 10px !important;}&#8221;][vc_column_inner width=&#8221;1\/6&#8243;][vc_single_image image=&#8221;52364&#8243; img_size=&#8221;full&#8221; alignment=&#8221;center&#8221; css=&#8221;&#8221;][\/vc_column_inner][vc_column_inner width=&#8221;2\/3&#8243;][vc_column_text css=&#8221;.vc_custom_1766480748922{margin-bottom: 5px !important;}&#8221;]<strong>Kandida Maria Jesusena (Joana Josefa) Zipitria Barriola Santua, FI (1845-1912)<\/strong><br \/>\n<em>Jesusen Alaben Kongregazioaren fundatzailea. Jesuitinak<\/em><br \/>\n<a href=\"https:\/\/elizagipuzkoa.org\/wp-content\/uploads\/2025\/11\/santa-candida.pdf\" target=\"_blank\" rel=\"noopener\">Argibide gehiago<\/a>[\/vc_column_text][\/vc_column_inner][vc_column_inner width=&#8221;1\/6&#8243;][\/vc_column_inner][\/vc_row_inner][\/vc_column][\/vc_row][vc_row css=&#8221;.vc_custom_1766481266560{margin-top: 10px !important;margin-bottom: 15px !important;}&#8221;][vc_column][vc_custom_heading text=&#8221;Dohatsuak&#8221; css=&#8221;.vc_custom_1766481013855{margin-bottom: 10px !important;}&#8221;][\/vc_column][\/vc_row][vc_row css=&#8221;.vc_custom_1766481171290{margin-top: 5px !important;}&#8221;][vc_column][vc_column_text css=&#8221;.vc_custom_1766481177685{margin-bottom: 20px !important;}&#8221;]Beato H. Francisco G\u00e1rate, SJ (1857-1929)<br \/>\nBeato L\u00e1zaro M\u00fagica Goiburu, OH (1867-1936)<br \/>\nBeata Borja de Jes\u00fas Aranzabal Barrutia, AASC (1878-1936)<br \/>\nBeata Hna. Concepci\u00f3n de San Ignacio Odriozola Zabalia, CCV (1882-1936)<br \/>\nBeato Carlos Era\u00f1a Guruceta, SM (1884-1936)<br \/>\nBeato Miguel Leibar Garay, SM (1885-1936)<br \/>\nBeato Jos\u00e9 Mar\u00eda Celaya Badiola, SDB (1887-1936)<br \/>\nBeato Alejo Andr\u00e9s Beobide Cendoya, FSC (1889-1936)<br \/>\nBeato Juan Pedro Bengoa Aranguren, Presb\u00edtero CP (1890-1936)<br \/>\nBeata Mar\u00eda \u00c1ngela Olaizola Garagarza, VSM (1893-1936)<br \/>\nBeato Juni\u00e1n Alberto Larzabal Michelena, FSC (1893-1936)<br \/>\nBeato Vito Jos\u00e9 Elola Arruti, FMS (1893-1936)<br \/>\nBeata Hna. Clara Ezcurra Urrutia, CCV (1896-1936)<br \/>\nBeata Hna. Justa Maiza Goicoechea, CCV (1897-1936)<br \/>\nBeata Mar\u00eda Engracia Lecuona Aramburu, VSM (1897-1936)<br \/>\nBeata Mar\u00eda Antonia Bandres Elosegui, FI (1898-1919)<br \/>\nBeato Jos\u00e9 Joaqu\u00edn Esnaola Arteaga, OSA (1898-1936)<br \/>\nBeato Eugenio Mar\u00eda Erausquin Aramburu, OSB (1902-1936)<br \/>\nBeata Mar\u00eda Cecilia Cendoya Araquistain, VSM (1910-1936)<br \/>\nBeato Sabino Ayastuy Errasti, SM (1911-1936)<br \/>\nBeato Juli\u00e1n Plazaola Artola, OH (1915-1936)[\/vc_column_text][\/vc_column][\/vc_row][vc_row css=&#8221;.vc_custom_1766481025819{margin-top: 10px !important;margin-bottom: 15px !important;}&#8221;][vc_column][vc_column_text css=&#8221;&#8221;]<\/p>\n<div style=\"font-size: 11x;\">*Iturria:\u00a0<em>Gipuzkoa, Santuen Lurraldea. Tierra de Santidad<\/em><br \/>\nAutoreak: Azcoaga Bengoechea, Ignacio Mar\u00eda \/ Azcoaga Lasheras, Joxe Mari<br \/>\nArgitaletxea: Idatz<\/div>\n<p>[\/vc_column_text][\/vc_column][\/vc_row]<\/p>\n<\/div>","protected":false},"excerpt":{"rendered":"<p>[vc_row css=&#8221;.vc_custom_1766481348754{margin-top: 50px !important;margin-bottom: 5px !important;}&#8221;][vc_column][vc_custom_heading text=&#8221;Santuak&#8221; css=&#8221;.vc_custom_1766481309019{margin-bottom: 10px !important;}&#8221;][\/vc_column][\/vc_row][vc_row equal_height=&#8221;yes&#8221; css=&#8221;.vc_custom_1766481318522{margin-top: 10px !important;margin-bottom: 10px !important;padding-top: 0px !important;padding-bottom: 0px !important;}&#8221;][vc_column css=&#8221;.vc_custom_1705312980254{background-position: center !important;background-repeat: no-repeat !important;background-size: [&#8230;]<\/p>\n","protected":false},"author":4,"featured_media":0,"parent":0,"menu_order":0,"comment_status":"closed","ping_status":"closed","template":"","meta":{"_price":"","_stock":"","_tribe_ticket_header":"","_tribe_default_ticket_provider":"","_tribe_ticket_capacity":"0","_ticket_start_date":"","_ticket_end_date":"","_tribe_ticket_show_description":"","_tribe_ticket_show_not_going":false,"_tribe_ticket_use_global_stock":"","_tribe_ticket_global_stock_level":"","_global_stock_mode":"","_global_stock_cap":"","_tribe_rsvp_for_event":"","_tribe_ticket_going_count":"","_tribe_ticket_not_going_count":"","_tribe_tickets_list":"[]","_tribe_ticket_has_attendee_info_fields":false,"footnotes":""},"class_list":["post-50129","page","type-page","status-publish","hentry"],"yoast_head":"<!-- This site is optimized with the Yoast SEO plugin v26.9 - https:\/\/yoast.com\/product\/yoast-seo-wordpress\/ -->\n<title>Santu gipuzkoarrak - Di\u00f3cesis de San Sebasti\u00e1n<\/title>\n<meta name=\"description\" content=\"La Di\u00f3cesis de San Sebasti\u00e1n se crea a partir de la bula Quo Commodius (2\/XI\/1949), otorgada por el papa P\u00edo XII y ejecutada por el Nuncio Apost\u00f3lico el 1 de julio de 1950. Mediante esta bula se desmembraron de la Di\u00f3cesis de Vitoria las parroquias tanto de Bizkaia como las de Gipuzkoa, cre\u00e1ndose la Di\u00f3cesis de Bilbao por una parte y la de San Sebasti\u00e1n por otra; nac\u00eda as\u00ed nuestra Di\u00f3cesis de San Sebasti\u00e1n, formada por todos los pueblos y valles del territorio de Gipuzkoa\" \/>\n<meta name=\"robots\" content=\"index, follow, max-snippet:-1, max-image-preview:large, max-video-preview:-1\" \/>\n<link rel=\"canonical\" href=\"https:\/\/elizagipuzkoa.org\/eu\/santu-gipuzkoarrak\/\" \/>\n<meta property=\"og:locale\" content=\"en_US\" \/>\n<meta property=\"og:type\" content=\"article\" \/>\n<meta property=\"og:title\" content=\"Santu gipuzkoarrak - Di\u00f3cesis de San Sebasti\u00e1n\" \/>\n<meta property=\"og:description\" content=\"La Di\u00f3cesis de San Sebasti\u00e1n se crea a partir de la bula Quo Commodius (2\/XI\/1949), otorgada por el papa P\u00edo XII y ejecutada por el Nuncio Apost\u00f3lico el 1 de julio de 1950. Mediante esta bula se desmembraron de la Di\u00f3cesis de Vitoria las parroquias tanto de Bizkaia como las de Gipuzkoa, cre\u00e1ndose la Di\u00f3cesis de Bilbao por una parte y la de San Sebasti\u00e1n por otra; nac\u00eda as\u00ed nuestra Di\u00f3cesis de San Sebasti\u00e1n, formada por todos los pueblos y valles del territorio de Gipuzkoa\" \/>\n<meta property=\"og:url\" content=\"https:\/\/elizagipuzkoa.org\/eu\/santu-gipuzkoarrak\/\" \/>\n<meta property=\"og:site_name\" content=\"Di\u00f3cesis de San Sebasti\u00e1n\" \/>\n<meta property=\"article:publisher\" content=\"https:\/\/www.facebook.com\/p\/Donostiako-ElizbarrutiaDicesis-de-San-Sebastin-100064874702840\/\" \/>\n<meta property=\"article:modified_time\" content=\"2025-12-23T09:16:03+00:00\" \/>\n<meta name=\"twitter:card\" content=\"summary_large_image\" \/>\n<meta name=\"twitter:site\" content=\"@diocesis_ss\" \/>\n<meta name=\"twitter:label1\" content=\"Est. reading time\" \/>\n\t<meta name=\"twitter:data1\" content=\"2 minutua\" \/>\n<script type=\"application\/ld+json\" class=\"yoast-schema-graph\">{\"@context\":\"https:\/\/schema.org\",\"@graph\":[{\"@type\":\"WebPage\",\"@id\":\"https:\/\/elizagipuzkoa.org\/eu\/santu-gipuzkoarrak\/\",\"url\":\"https:\/\/elizagipuzkoa.org\/eu\/santu-gipuzkoarrak\/\",\"name\":\"Santu gipuzkoarrak - Di\u00f3cesis de San Sebasti\u00e1n\",\"isPartOf\":{\"@id\":\"https:\/\/elizagipuzkoa.org\/eu\/#website\"},\"datePublished\":\"2025-11-12T09:49:51+00:00\",\"dateModified\":\"2025-12-23T09:16:03+00:00\",\"description\":\"La Di\u00f3cesis de San Sebasti\u00e1n se crea a partir de la bula Quo Commodius (2\/XI\/1949), otorgada por el papa P\u00edo XII y ejecutada por el Nuncio Apost\u00f3lico el 1 de julio de 1950. Mediante esta bula se desmembraron de la Di\u00f3cesis de Vitoria las parroquias tanto de Bizkaia como las de Gipuzkoa, cre\u00e1ndose la Di\u00f3cesis de Bilbao por una parte y la de San Sebasti\u00e1n por otra; nac\u00eda as\u00ed nuestra Di\u00f3cesis de San Sebasti\u00e1n, formada por todos los pueblos y valles del territorio de Gipuzkoa\",\"breadcrumb\":{\"@id\":\"https:\/\/elizagipuzkoa.org\/eu\/santu-gipuzkoarrak\/#breadcrumb\"},\"inLanguage\":\"eu\",\"potentialAction\":[{\"@type\":\"ReadAction\",\"target\":[\"https:\/\/elizagipuzkoa.org\/eu\/santu-gipuzkoarrak\/\"]}]},{\"@type\":\"BreadcrumbList\",\"@id\":\"https:\/\/elizagipuzkoa.org\/eu\/santu-gipuzkoarrak\/#breadcrumb\",\"itemListElement\":[{\"@type\":\"ListItem\",\"position\":1,\"name\":\"Inicio\",\"item\":\"https:\/\/elizagipuzkoa.org\/eu\/\"},{\"@type\":\"ListItem\",\"position\":2,\"name\":\"Santu gipuzkoarrak\"}]},{\"@type\":\"WebSite\",\"@id\":\"https:\/\/elizagipuzkoa.org\/eu\/#website\",\"url\":\"https:\/\/elizagipuzkoa.org\/eu\/\",\"name\":\"Di\u00f3cesis de San Sebasti\u00e1n\",\"description\":\"\",\"publisher\":{\"@id\":\"https:\/\/elizagipuzkoa.org\/eu\/#organization\"},\"potentialAction\":[{\"@type\":\"SearchAction\",\"target\":{\"@type\":\"EntryPoint\",\"urlTemplate\":\"https:\/\/elizagipuzkoa.org\/eu\/?s={search_term_string}\"},\"query-input\":{\"@type\":\"PropertyValueSpecification\",\"valueRequired\":true,\"valueName\":\"search_term_string\"}}],\"inLanguage\":\"eu\"},{\"@type\":\"Organization\",\"@id\":\"https:\/\/elizagipuzkoa.org\/eu\/#organization\",\"name\":\"Di\u00f3cesis de San Sebasti\u00e1n\",\"url\":\"https:\/\/elizagipuzkoa.org\/eu\/\",\"logo\":{\"@type\":\"ImageObject\",\"inLanguage\":\"eu\",\"@id\":\"https:\/\/elizagipuzkoa.org\/eu\/#\/schema\/logo\/image\/\",\"url\":\"https:\/\/elizagipuzkoa.org\/wp-content\/uploads\/2024\/02\/logo_transparente_250.png\",\"contentUrl\":\"https:\/\/elizagipuzkoa.org\/wp-content\/uploads\/2024\/02\/logo_transparente_250.png\",\"width\":250,\"height\":124,\"caption\":\"Di\u00f3cesis de San Sebasti\u00e1n\"},\"image\":{\"@id\":\"https:\/\/elizagipuzkoa.org\/eu\/#\/schema\/logo\/image\/\"},\"sameAs\":[\"https:\/\/www.facebook.com\/p\/Donostiako-ElizbarrutiaDicesis-de-San-Sebastin-100064874702840\/\",\"https:\/\/x.com\/diocesis_ss\",\"https:\/\/www.instagram.com\/diocesis_ss\/?hl=es\",\"https:\/\/www.youtube.com\/@DiocesisdeSanSebastian\",\"https:\/\/www.flickr.com\/photos\/133958253@N05\/albums\/\"]}]}<\/script>\n<!-- \/ Yoast SEO plugin. -->","yoast_head_json":{"title":"Santu gipuzkoarrak - Di\u00f3cesis de San Sebasti\u00e1n","description":"La Di\u00f3cesis de San Sebasti\u00e1n se crea a partir de la bula Quo Commodius (2\/XI\/1949), otorgada por el papa P\u00edo XII y ejecutada por el Nuncio Apost\u00f3lico el 1 de julio de 1950. Mediante esta bula se desmembraron de la Di\u00f3cesis de Vitoria las parroquias tanto de Bizkaia como las de Gipuzkoa, cre\u00e1ndose la Di\u00f3cesis de Bilbao por una parte y la de San Sebasti\u00e1n por otra; nac\u00eda as\u00ed nuestra Di\u00f3cesis de San Sebasti\u00e1n, formada por todos los pueblos y valles del territorio de Gipuzkoa","robots":{"index":"index","follow":"follow","max-snippet":"max-snippet:-1","max-image-preview":"max-image-preview:large","max-video-preview":"max-video-preview:-1"},"canonical":"https:\/\/elizagipuzkoa.org\/eu\/santu-gipuzkoarrak\/","og_locale":"en_US","og_type":"article","og_title":"Santu gipuzkoarrak - Di\u00f3cesis de San Sebasti\u00e1n","og_description":"La Di\u00f3cesis de San Sebasti\u00e1n se crea a partir de la bula Quo Commodius (2\/XI\/1949), otorgada por el papa P\u00edo XII y ejecutada por el Nuncio Apost\u00f3lico el 1 de julio de 1950. Mediante esta bula se desmembraron de la Di\u00f3cesis de Vitoria las parroquias tanto de Bizkaia como las de Gipuzkoa, cre\u00e1ndose la Di\u00f3cesis de Bilbao por una parte y la de San Sebasti\u00e1n por otra; nac\u00eda as\u00ed nuestra Di\u00f3cesis de San Sebasti\u00e1n, formada por todos los pueblos y valles del territorio de Gipuzkoa","og_url":"https:\/\/elizagipuzkoa.org\/eu\/santu-gipuzkoarrak\/","og_site_name":"Di\u00f3cesis de San Sebasti\u00e1n","article_publisher":"https:\/\/www.facebook.com\/p\/Donostiako-ElizbarrutiaDicesis-de-San-Sebastin-100064874702840\/","article_modified_time":"2025-12-23T09:16:03+00:00","twitter_card":"summary_large_image","twitter_site":"@diocesis_ss","twitter_misc":{"Est. reading time":"2 minutua"},"schema":{"@context":"https:\/\/schema.org","@graph":[{"@type":"WebPage","@id":"https:\/\/elizagipuzkoa.org\/eu\/santu-gipuzkoarrak\/","url":"https:\/\/elizagipuzkoa.org\/eu\/santu-gipuzkoarrak\/","name":"Santu gipuzkoarrak - Di\u00f3cesis de San Sebasti\u00e1n","isPartOf":{"@id":"https:\/\/elizagipuzkoa.org\/eu\/#website"},"datePublished":"2025-11-12T09:49:51+00:00","dateModified":"2025-12-23T09:16:03+00:00","description":"La Di\u00f3cesis de San Sebasti\u00e1n se crea a partir de la bula Quo Commodius (2\/XI\/1949), otorgada por el papa P\u00edo XII y ejecutada por el Nuncio Apost\u00f3lico el 1 de julio de 1950. Mediante esta bula se desmembraron de la Di\u00f3cesis de Vitoria las parroquias tanto de Bizkaia como las de Gipuzkoa, cre\u00e1ndose la Di\u00f3cesis de Bilbao por una parte y la de San Sebasti\u00e1n por otra; nac\u00eda as\u00ed nuestra Di\u00f3cesis de San Sebasti\u00e1n, formada por todos los pueblos y valles del territorio de Gipuzkoa","breadcrumb":{"@id":"https:\/\/elizagipuzkoa.org\/eu\/santu-gipuzkoarrak\/#breadcrumb"},"inLanguage":"eu","potentialAction":[{"@type":"ReadAction","target":["https:\/\/elizagipuzkoa.org\/eu\/santu-gipuzkoarrak\/"]}]},{"@type":"BreadcrumbList","@id":"https:\/\/elizagipuzkoa.org\/eu\/santu-gipuzkoarrak\/#breadcrumb","itemListElement":[{"@type":"ListItem","position":1,"name":"Inicio","item":"https:\/\/elizagipuzkoa.org\/eu\/"},{"@type":"ListItem","position":2,"name":"Santu gipuzkoarrak"}]},{"@type":"WebSite","@id":"https:\/\/elizagipuzkoa.org\/eu\/#website","url":"https:\/\/elizagipuzkoa.org\/eu\/","name":"Di\u00f3cesis de San Sebasti\u00e1n","description":"","publisher":{"@id":"https:\/\/elizagipuzkoa.org\/eu\/#organization"},"potentialAction":[{"@type":"SearchAction","target":{"@type":"EntryPoint","urlTemplate":"https:\/\/elizagipuzkoa.org\/eu\/?s={search_term_string}"},"query-input":{"@type":"PropertyValueSpecification","valueRequired":true,"valueName":"search_term_string"}}],"inLanguage":"eu"},{"@type":"Organization","@id":"https:\/\/elizagipuzkoa.org\/eu\/#organization","name":"Di\u00f3cesis de San Sebasti\u00e1n","url":"https:\/\/elizagipuzkoa.org\/eu\/","logo":{"@type":"ImageObject","inLanguage":"eu","@id":"https:\/\/elizagipuzkoa.org\/eu\/#\/schema\/logo\/image\/","url":"https:\/\/elizagipuzkoa.org\/wp-content\/uploads\/2024\/02\/logo_transparente_250.png","contentUrl":"https:\/\/elizagipuzkoa.org\/wp-content\/uploads\/2024\/02\/logo_transparente_250.png","width":250,"height":124,"caption":"Di\u00f3cesis de San Sebasti\u00e1n"},"image":{"@id":"https:\/\/elizagipuzkoa.org\/eu\/#\/schema\/logo\/image\/"},"sameAs":["https:\/\/www.facebook.com\/p\/Donostiako-ElizbarrutiaDicesis-de-San-Sebastin-100064874702840\/","https:\/\/x.com\/diocesis_ss","https:\/\/www.instagram.com\/diocesis_ss\/?hl=es","https:\/\/www.youtube.com\/@DiocesisdeSanSebastian","https:\/\/www.flickr.com\/photos\/133958253@N05\/albums\/"]}]}},"ticketed":false,"_links":{"self":[{"href":"https:\/\/elizagipuzkoa.org\/eu\/wp-json\/wp\/v2\/pages\/50129","targetHints":{"allow":["GET"]}}],"collection":[{"href":"https:\/\/elizagipuzkoa.org\/eu\/wp-json\/wp\/v2\/pages"}],"about":[{"href":"https:\/\/elizagipuzkoa.org\/eu\/wp-json\/wp\/v2\/types\/page"}],"author":[{"embeddable":true,"href":"https:\/\/elizagipuzkoa.org\/eu\/wp-json\/wp\/v2\/users\/4"}],"replies":[{"embeddable":true,"href":"https:\/\/elizagipuzkoa.org\/eu\/wp-json\/wp\/v2\/comments?post=50129"}],"version-history":[{"count":14,"href":"https:\/\/elizagipuzkoa.org\/eu\/wp-json\/wp\/v2\/pages\/50129\/revisions"}],"predecessor-version":[{"id":52392,"href":"https:\/\/elizagipuzkoa.org\/eu\/wp-json\/wp\/v2\/pages\/50129\/revisions\/52392"}],"wp:attachment":[{"href":"https:\/\/elizagipuzkoa.org\/eu\/wp-json\/wp\/v2\/media?parent=50129"}],"curies":[{"name":"wp","href":"https:\/\/api.w.org\/{rel}","templated":true}]}}