{"id":55200,"date":"2026-02-26T08:03:29","date_gmt":"2026-02-26T07:03:29","guid":{"rendered":"https:\/\/elizagipuzkoa.org\/?page_id=55200"},"modified":"2026-03-10T12:04:10","modified_gmt":"2026-03-10T11:04:10","slug":"garizuma-2026","status":"publish","type":"page","link":"https:\/\/elizagipuzkoa.org\/eu\/garizuma-2026\/","title":{"rendered":"Garizuma 2026"},"content":{"rendered":"<div class=\"wpb-content-wrapper\"><p>[vc_row css=&#8221;.vc_custom_1772090211579{margin-top: 40px !important;margin-bottom: 20px !important;}&#8221;][vc_column width=&#8221;1\/4&#8243;][vc_creativelink style=&#8221;cl-effect-3&#8243; size=&#8221;16&#8243; text=&#8221;- Mensajes&#8221; url=&#8221;url:%23mensajes&#8221; clr=&#8221;#0253CD&#8221;][\/vc_column][vc_column width=&#8221;1\/4&#8243;][vc_creativelink style=&#8221;cl-effect-3&#8243; size=&#8221;16&#8243; text=&#8221;- Actividades&#8221; url=&#8221;url:%23actividades&#8221; clr=&#8221;#0253CD&#8221;][\/vc_column][vc_column width=&#8221;1\/4&#8243;][vc_creativelink style=&#8221;cl-effect-3&#8243; size=&#8221;16&#8243; text=&#8221;- Gesto de Cuaresma&#8221; url=&#8221;url:%23gesto-cuaresmal&#8221; clr=&#8221;#0253CD&#8221;][\/vc_column][vc_column width=&#8221;1\/4&#8243;][\/vc_column][\/vc_row][vc_row disable_element=&#8221;yes&#8221; css=&#8221;.vc_custom_1772089153502{margin-top: 30px !important;}&#8221;][vc_column width=&#8221;1\/3&#8243; css=&#8221;.vc_custom_1744098980254{padding-top: 15px !important;padding-right: 5px !important;padding-bottom: 15px !important;padding-left: 5px !important;background-color: #CA4061 !important;}&#8221;][vc_custom_heading text=&#8221;MARCHA POR LAS IGLESIAS JUBILARES<br \/>\n19-22 JUNIO 2025&#8243; font_container=&#8221;tag:h2|font_size:18px|text_align:center|color:%23FFFFFF|line_height:26px&#8221; css=&#8221;.vc_custom_1744098972762{margin-top: 0px !important;margin-bottom: 0px !important;}&#8221; link=&#8221;url:https%3A%2F%2Felizagipuzkoa.org%2Fmarcha-jubilar-peregrinos-de-esperanza-19-22-de-junio%2F&#8221;][\/vc_column][vc_column width=&#8221;1\/3&#8243; css=&#8221;.vc_custom_1744099401370{padding-top: 15px !important;padding-right: 5px !important;padding-bottom: 15px !important;padding-left: 5px !important;background-color: #F8F3EF !important;}&#8221;][vc_custom_heading text=&#8221;PEREGRINACI\u00d3N DIOCESANA<br \/>\nROMA 24-29 SEPTIEMBRE 2025&#8243; font_container=&#8221;tag:h2|font_size:18px|text_align:center|color:%23000000|line_height:26px&#8221; css=&#8221;.vc_custom_1744099054010{margin-top: 0px !important;margin-bottom: 0px !important;}&#8221; link=&#8221;url:https%3A%2F%2Felizagipuzkoa.org%2Fjubileo-peregrinacion-a-roma%2F&#8221;][\/vc_column][vc_column width=&#8221;1\/3&#8243; css=&#8221;.vc_custom_1744099160943{padding-top: 15px !important;padding-right: 5px !important;padding-bottom: 15px !important;padding-left: 5px !important;background-color: #AFDCF7 !important;}&#8221;][vc_custom_heading text=&#8221;GESTO MISIONERO DE AYUDA<br \/>\nA LOS PUEBLOS&#8221; font_container=&#8221;tag:h2|font_size:18px|text_align:center|color:%23000000|line_height:26px&#8221; css=&#8221;.vc_custom_1744099169915{margin-top: 0px !important;margin-bottom: 0px !important;}&#8221; link=&#8221;url:https%3A%2F%2Felizagipuzkoa.org%2Fgesto-diocesano-solidario-con-los-pueblos-jubileo-2025%2F&#8221;][\/vc_column][\/vc_row][vc_row css=&#8221;.vc_custom_1772089580303{margin-top: 40px !important;margin-bottom: 20px !important;}&#8221;][vc_column][vc_column_text css=&#8221;&#8221;]Comenzamos la Cuaresma de nuevo, como un tiempo de gracia para volver a lo esencial: poner a Dios en el centro, recuperar el pulso de la fe y ordenar el coraz\u00f3n, tantas veces disperso por prisas, preocupaciones, ruidos, pantallas\u2026 En este itinerario hacia la Pascua, el Se\u00f1or no nos pide proezas, sino verdad: dejarnos amar y, desde ah\u00ed, nos invita a la conversi\u00f3n.<\/p>\n<p>Este a\u00f1o, el Papa Le\u00f3n XIV nos ofrece un mensaje de gran hondura y sencillez, que podr\u00eda resumirse as\u00ed: hacer sitio a la Palabra de Dios mediante la escucha, vivir el ayuno como ejercicio que purifica y ensancha el deseo, y recorrer todo ello juntos, en comunidad, con el o\u00eddo atento al clamor de los m\u00e1s necesitados.[\/vc_column_text][\/vc_column][\/vc_row][vc_row css=&#8221;.vc_custom_1772090257700{margin-top: 20px !important;margin-bottom: 20px !important;}&#8221; el_id=&#8221;mensajes&#8221;][vc_column][vc_custom_heading text=&#8221;Mensajes&#8221; css=&#8221;.vc_custom_1772090464589{margin-bottom: 30px !important;}&#8221;][vc_column_text css=&#8221;&#8221;]<\/p>\n<ul>\n<li>Mensaje del Papa Le\u00f3n XIV para la Cuaresma 2026 <a href=\"https:\/\/elizagipuzkoa.org\/wp-content\/uploads\/2026\/02\/MENSAJE-DEL-SANTO-PADRE-LEON-XIV.pdf\" target=\"_blank\" rel=\"noopener\">Descargar<\/a><\/li>\n<li>Mensaje del obispo D. Fernando a la di\u00f3cesis:\n<ul>\n<li style=\"list-style-type: none;\">\n<ul>\n<li>Garizuma beste behin (I) <a href=\"https:\/\/elizagipuzkoa.org\/wp-content\/uploads\/2026\/02\/LA-CUARESMA-DE-NUEVO-I.pdf\" target=\"_blank\" rel=\"noopener\">Deskargatu<\/a><\/li>\n<li>Garizuma beste behin (II) <a href=\"https:\/\/elizagipuzkoa.org\/wp-content\/uploads\/2026\/03\/Garizuma-beste-behin-II-2.pdf\" target=\"_blank\" rel=\"noopener\">Deskargatu<\/a><\/li>\n<\/ul>\n<\/li>\n<\/ul>\n<\/li>\n<\/ul>\n<p>[\/vc_column_text][\/vc_column][\/vc_row][vc_row css=&#8221;.vc_custom_1772092689753{margin-top: 20px !important;margin-bottom: 20px !important;}&#8221; el_id=&#8221;actividades&#8221;][vc_column][vc_custom_heading text=&#8221;Jarduerak&#8221; css=&#8221;.vc_custom_1772093195393{margin-bottom: 30px !important;}&#8221;][vc_column_text css=&#8221;&#8221;]<\/p>\n<ul>\n<li>Gurutze bidea Garizumako ostiral guztietan, Donostia. <a href=\"https:\/\/elizagipuzkoa.org\/eu\/via-crucis-todos-los-viernes-de-cuaresma\/\">Informazio gehiago<\/a><\/li>\n<li>Arantzazu Elizbarrutiko Gurutze bidea.\u00a0 <a href=\"https:\/\/elizagipuzkoa.org\/eu\/arantzazu-2026-via-crucis-caminamos-juntos\/\">Informazioa gehiago\u00a0<\/a><\/li>\n<\/ul>\n<p><img loading=\"lazy\" decoding=\"async\" class=\"alignnone wp-image-55628\" src=\"https:\/\/elizagipuzkoa.org\/wp-content\/uploads\/2026\/03\/Captura-de-pantalla-2026-03-06-161228-300x205.png\" alt=\"\" width=\"487\" height=\"333\" srcset=\"https:\/\/elizagipuzkoa.org\/wp-content\/uploads\/2026\/03\/Captura-de-pantalla-2026-03-06-161228-300x205.png 300w, https:\/\/elizagipuzkoa.org\/wp-content\/uploads\/2026\/03\/Captura-de-pantalla-2026-03-06-161228-768x524.png 768w, https:\/\/elizagipuzkoa.org\/wp-content\/uploads\/2026\/03\/Captura-de-pantalla-2026-03-06-161228-420x286.png 420w, https:\/\/elizagipuzkoa.org\/wp-content\/uploads\/2026\/03\/Captura-de-pantalla-2026-03-06-161228-640x436.png 640w, https:\/\/elizagipuzkoa.org\/wp-content\/uploads\/2026\/03\/Captura-de-pantalla-2026-03-06-161228.png 978w\" sizes=\"auto, (max-width: 487px) 100vw, 487px\" \/>[\/vc_column_text][\/vc_column][\/vc_row][vc_row css=&#8221;.vc_custom_1772089972219{margin-top: 20px !important;margin-bottom: 20px !important;}&#8221; el_id=&#8221;gesto-cuaresmal&#8221;][vc_column][vc_custom_heading text=&#8221;Garizumako Keinua&#8221; css=&#8221;.vc_custom_1772093036666{margin-bottom: 30px !important;}&#8221;][vc_row_inner][vc_column_inner width=&#8221;1\/2&#8243;][vc_single_image image=&#8221;55206&#8243; img_size=&#8221;full&#8221; alignment=&#8221;center&#8221; css=&#8221;&#8221;][\/vc_column_inner][vc_column_inner width=&#8221;1\/2&#8243;][vc_column_text css=&#8221;&#8221;]Garizuma honetan keinu erraz eta zehatza proposatzen dizugu: lanegun bati dagokion soldata Caritas Gipuzkoaren Miriam Etxea proiektura bideratzea, Errenterian kokatutakoa.<br \/>\nBertan, babesik gabeko edo gizarte-bazterketako arriskuan dauden emakumeak bizi dira, akonpainamendua eta itxaropenaren bitartez euren bizi-proiektua berregiten duten bitartean.<\/p>\n<p>\u2192 <a href=\"https:\/\/elizagipuzkoa.org\/wp-content\/uploads\/2026\/02\/MIRIAM-ETXEA-Gesto_cuaresma.pdf\" target=\"_blank\" rel=\"noopener\">MIRIAM ETXEA proiektuari buruzko informazio gehiago<\/a>[\/vc_column_text][vc_custom_heading text=&#8221;EGIN ZURE EKARPENA!&#8221; font_container=&#8221;tag:h3|font_size:22px|text_align:left|color:%23A06DD5|line_height:26px&#8221; use_theme_fonts=&#8221;yes&#8221; css=&#8221;.vc_custom_1772093088721{margin-bottom: 15px !important;border-radius: 1px !important;border-color: #C4A3E7 !important;}&#8221;][vc_column_text css=&#8221;&#8221;]KUTXABANK: ES04 2095 5001 0110 6264 4512<br \/>\nLABORAL KUTXA: ES55 3035 0060 4906 0011 1009<br \/>\nBIZUM: 38029<br \/>\n*KONTZEPTUA: GESTO[\/vc_column_text][\/vc_column_inner][\/vc_row_inner][\/vc_column][\/vc_row][vc_row css=&#8221;.vc_custom_1738224350233{margin-top: 50px !important;margin-bottom: 0px !important;padding-bottom: 25px !important;}&#8221;][vc_column][vc_separator color=&#8221;custom&#8221; border_width=&#8221;5&#8243; accent_color=&#8221;#37a9dd&#8221;][vc_custom_heading text=&#8221;Noticias&#8221; font_container=&#8221;tag:h2|font_size:32|text_align:left&#8221; google_fonts=&#8221;font_family:Montserrat%3Aregular%2C700|font_style:700%20bold%20regular%3A700%3Anormal&#8221; css=&#8221;.vc_custom_1706521843041{margin-bottom: 50px !important;}&#8221;][vc_basic_grid post_type=&#8221;post&#8221; max_items=&#8221;3&#8243; item=&#8221;20700&#8243; initial_loading_animation=&#8221;none&#8221; css=&#8221;&#8221; grid_id=&#8221;vc_gid:1773140584283-c6cd209a9fbebb23e773bd250a12cc0e-8&#8243; taxonomies=&#8221;65, 61, 260&#8243;][\/vc_column][\/vc_row]<\/p>\n<\/div>","protected":false},"excerpt":{"rendered":"<p>[vc_row css=&#8221;.vc_custom_1772090211579{margin-top: 40px !important;margin-bottom: 20px !important;}&#8221;][vc_column width=&#8221;1\/4&#8243;][vc_creativelink style=&#8221;cl-effect-3&#8243; size=&#8221;16&#8243; text=&#8221;- Mensajes&#8221; url=&#8221;url:%23mensajes&#8221; clr=&#8221;#0253CD&#8221;][\/vc_column][vc_column width=&#8221;1\/4&#8243;][vc_creativelink style=&#8221;cl-effect-3&#8243; size=&#8221;16&#8243; text=&#8221;- Actividades&#8221; url=&#8221;url:%23actividades&#8221; clr=&#8221;#0253CD&#8221;][\/vc_column][vc_column width=&#8221;1\/4&#8243;][vc_creativelink style=&#8221;cl-effect-3&#8243; size=&#8221;16&#8243; text=&#8221;- Gesto [&#8230;]<\/p>\n","protected":false},"author":4,"featured_media":0,"parent":0,"menu_order":0,"comment_status":"closed","ping_status":"closed","template":"","meta":{"_price":"","_stock":"","_tribe_ticket_header":"","_tribe_default_ticket_provider":"","_tribe_ticket_capacity":"0","_ticket_start_date":"","_ticket_end_date":"","_tribe_ticket_show_description":"","_tribe_ticket_show_not_going":false,"_tribe_ticket_use_global_stock":"","_tribe_ticket_global_stock_level":"","_global_stock_mode":"","_global_stock_cap":"","_tribe_rsvp_for_event":"","_tribe_ticket_going_count":"","_tribe_ticket_not_going_count":"","_tribe_tickets_list":"[]","_tribe_ticket_has_attendee_info_fields":false,"footnotes":""},"class_list":["post-55200","page","type-page","status-publish","hentry"],"yoast_head":"<!-- This site is optimized with the Yoast SEO plugin v26.9 - https:\/\/yoast.com\/product\/yoast-seo-wordpress\/ -->\n<title>Garizuma 2026 - Di\u00f3cesis de San Sebasti\u00e1n<\/title>\n<meta name=\"robots\" content=\"index, follow, max-snippet:-1, max-image-preview:large, max-video-preview:-1\" \/>\n<link rel=\"canonical\" href=\"https:\/\/elizagipuzkoa.org\/eu\/garizuma-2026\/\" \/>\n<meta property=\"og:locale\" content=\"en_US\" \/>\n<meta property=\"og:type\" content=\"article\" \/>\n<meta property=\"og:title\" content=\"Garizuma 2026 - Di\u00f3cesis de San Sebasti\u00e1n\" \/>\n<meta property=\"og:description\" content=\"[vc_row css=&#8221;.vc_custom_1772090211579{margin-top: 40px !important;margin-bottom: 20px !important;}&#8221;][vc_column width=&#8221;1\/4&#8243;][vc_creativelink style=&#8221;cl-effect-3&#8243; size=&#8221;16&#8243; text=&#8221;- Mensajes&#8221; url=&#8221;url:%23mensajes&#8221; clr=&#8221;#0253CD&#8221;][\/vc_column][vc_column width=&#8221;1\/4&#8243;][vc_creativelink style=&#8221;cl-effect-3&#8243; size=&#8221;16&#8243; text=&#8221;- Actividades&#8221; url=&#8221;url:%23actividades&#8221; clr=&#8221;#0253CD&#8221;][\/vc_column][vc_column width=&#8221;1\/4&#8243;][vc_creativelink style=&#8221;cl-effect-3&#8243; size=&#8221;16&#8243; text=&#8221;- Gesto [...]\" \/>\n<meta property=\"og:url\" content=\"https:\/\/elizagipuzkoa.org\/eu\/garizuma-2026\/\" \/>\n<meta property=\"og:site_name\" content=\"Di\u00f3cesis de San Sebasti\u00e1n\" \/>\n<meta property=\"article:publisher\" content=\"https:\/\/www.facebook.com\/p\/Donostiako-ElizbarrutiaDicesis-de-San-Sebastin-100064874702840\/\" \/>\n<meta property=\"article:modified_time\" content=\"2026-03-10T11:04:10+00:00\" \/>\n<meta property=\"og:image\" content=\"https:\/\/elizagipuzkoa.org\/wp-content\/uploads\/2026\/03\/Captura-de-pantalla-2026-03-06-161228.png\" \/>\n\t<meta property=\"og:image:width\" content=\"978\" \/>\n\t<meta property=\"og:image:height\" content=\"667\" \/>\n\t<meta property=\"og:image:type\" content=\"image\/png\" \/>\n<meta name=\"twitter:card\" content=\"summary_large_image\" \/>\n<meta name=\"twitter:site\" content=\"@diocesis_ss\" \/>\n<meta name=\"twitter:label1\" content=\"Est. reading time\" \/>\n\t<meta name=\"twitter:data1\" content=\"3 minutua\" \/>\n<script type=\"application\/ld+json\" class=\"yoast-schema-graph\">{\"@context\":\"https:\/\/schema.org\",\"@graph\":[{\"@type\":\"WebPage\",\"@id\":\"https:\/\/elizagipuzkoa.org\/eu\/garizuma-2026\/\",\"url\":\"https:\/\/elizagipuzkoa.org\/eu\/garizuma-2026\/\",\"name\":\"Garizuma 2026 - Di\u00f3cesis de San Sebasti\u00e1n\",\"isPartOf\":{\"@id\":\"https:\/\/elizagipuzkoa.org\/eu\/#website\"},\"primaryImageOfPage\":{\"@id\":\"https:\/\/elizagipuzkoa.org\/eu\/garizuma-2026\/#primaryimage\"},\"image\":{\"@id\":\"https:\/\/elizagipuzkoa.org\/eu\/garizuma-2026\/#primaryimage\"},\"thumbnailUrl\":\"https:\/\/elizagipuzkoa.org\/wp-content\/uploads\/2026\/03\/Captura-de-pantalla-2026-03-06-161228-300x205.png\",\"datePublished\":\"2026-02-26T07:03:29+00:00\",\"dateModified\":\"2026-03-10T11:04:10+00:00\",\"breadcrumb\":{\"@id\":\"https:\/\/elizagipuzkoa.org\/eu\/garizuma-2026\/#breadcrumb\"},\"inLanguage\":\"eu\",\"potentialAction\":[{\"@type\":\"ReadAction\",\"target\":[\"https:\/\/elizagipuzkoa.org\/eu\/garizuma-2026\/\"]}]},{\"@type\":\"ImageObject\",\"inLanguage\":\"eu\",\"@id\":\"https:\/\/elizagipuzkoa.org\/eu\/garizuma-2026\/#primaryimage\",\"url\":\"https:\/\/elizagipuzkoa.org\/wp-content\/uploads\/2026\/03\/Captura-de-pantalla-2026-03-06-161228-300x205.png\",\"contentUrl\":\"https:\/\/elizagipuzkoa.org\/wp-content\/uploads\/2026\/03\/Captura-de-pantalla-2026-03-06-161228-300x205.png\"},{\"@type\":\"BreadcrumbList\",\"@id\":\"https:\/\/elizagipuzkoa.org\/eu\/garizuma-2026\/#breadcrumb\",\"itemListElement\":[{\"@type\":\"ListItem\",\"position\":1,\"name\":\"Inicio\",\"item\":\"https:\/\/elizagipuzkoa.org\/eu\/\"},{\"@type\":\"ListItem\",\"position\":2,\"name\":\"Garizuma 2026\"}]},{\"@type\":\"WebSite\",\"@id\":\"https:\/\/elizagipuzkoa.org\/eu\/#website\",\"url\":\"https:\/\/elizagipuzkoa.org\/eu\/\",\"name\":\"Di\u00f3cesis de San Sebasti\u00e1n\",\"description\":\"\",\"publisher\":{\"@id\":\"https:\/\/elizagipuzkoa.org\/eu\/#organization\"},\"potentialAction\":[{\"@type\":\"SearchAction\",\"target\":{\"@type\":\"EntryPoint\",\"urlTemplate\":\"https:\/\/elizagipuzkoa.org\/eu\/?s={search_term_string}\"},\"query-input\":{\"@type\":\"PropertyValueSpecification\",\"valueRequired\":true,\"valueName\":\"search_term_string\"}}],\"inLanguage\":\"eu\"},{\"@type\":\"Organization\",\"@id\":\"https:\/\/elizagipuzkoa.org\/eu\/#organization\",\"name\":\"Di\u00f3cesis de San Sebasti\u00e1n\",\"url\":\"https:\/\/elizagipuzkoa.org\/eu\/\",\"logo\":{\"@type\":\"ImageObject\",\"inLanguage\":\"eu\",\"@id\":\"https:\/\/elizagipuzkoa.org\/eu\/#\/schema\/logo\/image\/\",\"url\":\"https:\/\/elizagipuzkoa.org\/wp-content\/uploads\/2024\/02\/logo_transparente_250.png\",\"contentUrl\":\"https:\/\/elizagipuzkoa.org\/wp-content\/uploads\/2024\/02\/logo_transparente_250.png\",\"width\":250,\"height\":124,\"caption\":\"Di\u00f3cesis de San Sebasti\u00e1n\"},\"image\":{\"@id\":\"https:\/\/elizagipuzkoa.org\/eu\/#\/schema\/logo\/image\/\"},\"sameAs\":[\"https:\/\/www.facebook.com\/p\/Donostiako-ElizbarrutiaDicesis-de-San-Sebastin-100064874702840\/\",\"https:\/\/x.com\/diocesis_ss\",\"https:\/\/www.instagram.com\/diocesis_ss\/?hl=es\",\"https:\/\/www.youtube.com\/@DiocesisdeSanSebastian\",\"https:\/\/www.flickr.com\/photos\/133958253@N05\/albums\/\"]}]}<\/script>\n<!-- \/ Yoast SEO plugin. -->","yoast_head_json":{"title":"Garizuma 2026 - Di\u00f3cesis de San Sebasti\u00e1n","robots":{"index":"index","follow":"follow","max-snippet":"max-snippet:-1","max-image-preview":"max-image-preview:large","max-video-preview":"max-video-preview:-1"},"canonical":"https:\/\/elizagipuzkoa.org\/eu\/garizuma-2026\/","og_locale":"en_US","og_type":"article","og_title":"Garizuma 2026 - Di\u00f3cesis de San Sebasti\u00e1n","og_description":"[vc_row css=&#8221;.vc_custom_1772090211579{margin-top: 40px !important;margin-bottom: 20px !important;}&#8221;][vc_column width=&#8221;1\/4&#8243;][vc_creativelink style=&#8221;cl-effect-3&#8243; size=&#8221;16&#8243; text=&#8221;- Mensajes&#8221; url=&#8221;url:%23mensajes&#8221; clr=&#8221;#0253CD&#8221;][\/vc_column][vc_column width=&#8221;1\/4&#8243;][vc_creativelink style=&#8221;cl-effect-3&#8243; size=&#8221;16&#8243; text=&#8221;- Actividades&#8221; url=&#8221;url:%23actividades&#8221; clr=&#8221;#0253CD&#8221;][\/vc_column][vc_column width=&#8221;1\/4&#8243;][vc_creativelink style=&#8221;cl-effect-3&#8243; size=&#8221;16&#8243; text=&#8221;- Gesto [...]","og_url":"https:\/\/elizagipuzkoa.org\/eu\/garizuma-2026\/","og_site_name":"Di\u00f3cesis de San Sebasti\u00e1n","article_publisher":"https:\/\/www.facebook.com\/p\/Donostiako-ElizbarrutiaDicesis-de-San-Sebastin-100064874702840\/","article_modified_time":"2026-03-10T11:04:10+00:00","og_image":[{"width":978,"height":667,"url":"https:\/\/elizagipuzkoa.org\/wp-content\/uploads\/2026\/03\/Captura-de-pantalla-2026-03-06-161228.png","type":"image\/png"}],"twitter_card":"summary_large_image","twitter_site":"@diocesis_ss","twitter_misc":{"Est. reading time":"3 minutua"},"schema":{"@context":"https:\/\/schema.org","@graph":[{"@type":"WebPage","@id":"https:\/\/elizagipuzkoa.org\/eu\/garizuma-2026\/","url":"https:\/\/elizagipuzkoa.org\/eu\/garizuma-2026\/","name":"Garizuma 2026 - Di\u00f3cesis de San Sebasti\u00e1n","isPartOf":{"@id":"https:\/\/elizagipuzkoa.org\/eu\/#website"},"primaryImageOfPage":{"@id":"https:\/\/elizagipuzkoa.org\/eu\/garizuma-2026\/#primaryimage"},"image":{"@id":"https:\/\/elizagipuzkoa.org\/eu\/garizuma-2026\/#primaryimage"},"thumbnailUrl":"https:\/\/elizagipuzkoa.org\/wp-content\/uploads\/2026\/03\/Captura-de-pantalla-2026-03-06-161228-300x205.png","datePublished":"2026-02-26T07:03:29+00:00","dateModified":"2026-03-10T11:04:10+00:00","breadcrumb":{"@id":"https:\/\/elizagipuzkoa.org\/eu\/garizuma-2026\/#breadcrumb"},"inLanguage":"eu","potentialAction":[{"@type":"ReadAction","target":["https:\/\/elizagipuzkoa.org\/eu\/garizuma-2026\/"]}]},{"@type":"ImageObject","inLanguage":"eu","@id":"https:\/\/elizagipuzkoa.org\/eu\/garizuma-2026\/#primaryimage","url":"https:\/\/elizagipuzkoa.org\/wp-content\/uploads\/2026\/03\/Captura-de-pantalla-2026-03-06-161228-300x205.png","contentUrl":"https:\/\/elizagipuzkoa.org\/wp-content\/uploads\/2026\/03\/Captura-de-pantalla-2026-03-06-161228-300x205.png"},{"@type":"BreadcrumbList","@id":"https:\/\/elizagipuzkoa.org\/eu\/garizuma-2026\/#breadcrumb","itemListElement":[{"@type":"ListItem","position":1,"name":"Inicio","item":"https:\/\/elizagipuzkoa.org\/eu\/"},{"@type":"ListItem","position":2,"name":"Garizuma 2026"}]},{"@type":"WebSite","@id":"https:\/\/elizagipuzkoa.org\/eu\/#website","url":"https:\/\/elizagipuzkoa.org\/eu\/","name":"Di\u00f3cesis de San Sebasti\u00e1n","description":"","publisher":{"@id":"https:\/\/elizagipuzkoa.org\/eu\/#organization"},"potentialAction":[{"@type":"SearchAction","target":{"@type":"EntryPoint","urlTemplate":"https:\/\/elizagipuzkoa.org\/eu\/?s={search_term_string}"},"query-input":{"@type":"PropertyValueSpecification","valueRequired":true,"valueName":"search_term_string"}}],"inLanguage":"eu"},{"@type":"Organization","@id":"https:\/\/elizagipuzkoa.org\/eu\/#organization","name":"Di\u00f3cesis de San Sebasti\u00e1n","url":"https:\/\/elizagipuzkoa.org\/eu\/","logo":{"@type":"ImageObject","inLanguage":"eu","@id":"https:\/\/elizagipuzkoa.org\/eu\/#\/schema\/logo\/image\/","url":"https:\/\/elizagipuzkoa.org\/wp-content\/uploads\/2024\/02\/logo_transparente_250.png","contentUrl":"https:\/\/elizagipuzkoa.org\/wp-content\/uploads\/2024\/02\/logo_transparente_250.png","width":250,"height":124,"caption":"Di\u00f3cesis de San Sebasti\u00e1n"},"image":{"@id":"https:\/\/elizagipuzkoa.org\/eu\/#\/schema\/logo\/image\/"},"sameAs":["https:\/\/www.facebook.com\/p\/Donostiako-ElizbarrutiaDicesis-de-San-Sebastin-100064874702840\/","https:\/\/x.com\/diocesis_ss","https:\/\/www.instagram.com\/diocesis_ss\/?hl=es","https:\/\/www.youtube.com\/@DiocesisdeSanSebastian","https:\/\/www.flickr.com\/photos\/133958253@N05\/albums\/"]}]}},"ticketed":false,"_links":{"self":[{"href":"https:\/\/elizagipuzkoa.org\/eu\/wp-json\/wp\/v2\/pages\/55200","targetHints":{"allow":["GET"]}}],"collection":[{"href":"https:\/\/elizagipuzkoa.org\/eu\/wp-json\/wp\/v2\/pages"}],"about":[{"href":"https:\/\/elizagipuzkoa.org\/eu\/wp-json\/wp\/v2\/types\/page"}],"author":[{"embeddable":true,"href":"https:\/\/elizagipuzkoa.org\/eu\/wp-json\/wp\/v2\/users\/4"}],"replies":[{"embeddable":true,"href":"https:\/\/elizagipuzkoa.org\/eu\/wp-json\/wp\/v2\/comments?post=55200"}],"version-history":[{"count":14,"href":"https:\/\/elizagipuzkoa.org\/eu\/wp-json\/wp\/v2\/pages\/55200\/revisions"}],"predecessor-version":[{"id":55722,"href":"https:\/\/elizagipuzkoa.org\/eu\/wp-json\/wp\/v2\/pages\/55200\/revisions\/55722"}],"wp:attachment":[{"href":"https:\/\/elizagipuzkoa.org\/eu\/wp-json\/wp\/v2\/media?parent=55200"}],"curies":[{"name":"wp","href":"https:\/\/api.w.org\/{rel}","templated":true}]}}